{"id":112,"date":"2022-01-19T13:54:31","date_gmt":"2022-01-19T13:54:31","guid":{"rendered":"https:\/\/jgs.lt\/en\/?page_id=112"},"modified":"2022-07-09T16:02:38","modified_gmt":"2022-07-09T13:02:38","slug":"about-me","status":"publish","type":"page","link":"https:\/\/jgs.lt\/en\/about-me\/","title":{"rendered":"About me"},"content":{"rendered":"\n<div class=\"wp-block-columns is-layout-flex wp-container-core-columns-is-layout-28f84493 wp-block-columns-is-layout-flex\">\n<div class=\"wp-block-column is-layout-flow wp-block-column-is-layout-flow\">\n<figure class=\"wp-block-image aligncenter size-large is-resized\"><img loading=\"lazy\" decoding=\"async\" src=\"https:\/\/jgs.lt\/en\/wp-content\/uploads\/2022\/05\/IMG_20220426_184740453-768x1024.jpg\" alt=\"\" class=\"wp-image-845\" width=\"331\" height=\"441\" srcset=\"https:\/\/jgs.lt\/en\/wp-content\/uploads\/2022\/05\/IMG_20220426_184740453-768x1024.jpg 768w, https:\/\/jgs.lt\/en\/wp-content\/uploads\/2022\/05\/IMG_20220426_184740453-225x300.jpg 225w, https:\/\/jgs.lt\/en\/wp-content\/uploads\/2022\/05\/IMG_20220426_184740453-1152x1536.jpg 1152w, https:\/\/jgs.lt\/en\/wp-content\/uploads\/2022\/05\/IMG_20220426_184740453-1536x2048.jpg 1536w, https:\/\/jgs.lt\/en\/wp-content\/uploads\/2022\/05\/IMG_20220426_184740453.jpg 1920w\" sizes=\"auto, (max-width: 331px) 100vw, 331px\" \/><\/figure>\n\n\n\n<p><a href=\"https:\/\/jgs.lt\/index.php\/apie-mane\/\" title=\"Lietuvi\u0173\"><strong>Lietuvi\u0173<\/strong><\/a><\/p>\n<\/div>\n\n\n\n<div class=\"wp-block-column is-layout-flow wp-block-column-is-layout-flow\">\n<p><\/p>\n\n\n\n<p>Jesus is alive today and I will try to show it. I am Algirdas \u0160veln\u0117. I have seen the miracles God is doing in my life through prayer and I want to share it with those I will meet in my life. I am a Roman Catholic, a farmer, a layman, not a clergyman and if God does miracles in my life, then I think it is possible in everyone\u2019s life, just need to believe and do the works of the believer, the steps of faith, stand firm in what God said in the scriptures, because There is no point in God lying to us, he wants to save us.<\/p>\n<\/div>\n<\/div>\n\n\n\n<p>Quotes of the Bible:<\/p>\n\n\n\n<pre class=\"wp-block-preformatted\"><a href=\"https:\/\/www.bible.com\/bible\/206\/MRK.16.WEB\" target=\"_blank\" rel=\"noreferrer noopener\" title=\"Bible.com Mark 16:17-18\">Mark 16:17-18<\/a> These signs will accompany those who believe: in my name they will cast out demons; they will speak with new languages;&nbsp;they will take up serpents; and if they drink any deadly thing, it will in no way hurt them; they will lay hands on the sick, and they will recover.\u201d\n\n<a href=\"https:\/\/www.bible.com\/bible\/206\/jhn.15.7\" target=\"_blank\" rel=\"noreferrer noopener\" title=\"Bible.com John 15:7\">John 15:7<\/a> If you remain in me, and my words remain in you, you will ask whatever you desire, and it will be done for you.\n\n<a href=\"https:\/\/www.bible.com\/bible\/206\/PSA.37.4.WEB\" target=\"_blank\" rel=\"noreferrer noopener\" title=\"Bible.com Psalms 37:4\">Psalms 37:4<\/a> Also delight yourself in Yahweh, and he will give you the desires of your heart.\n\n<a href=\"https:\/\/www.bible.com\/bible\/206\/JHN.15.16.WEB\" target=\"_blank\" rel=\"noreferrer noopener\" title=\"Bible.com John 15:16\">John 15:16<\/a> You didn\u2019t choose me, but I chose you, and appointed you, that you should go and bear fruit, and that your fruit should remain; that whatever you will ask of the Father in my name, he may give it to you.<\/pre>\n\n\n\n<figure class=\"wp-block-image size-large is-resized\"><img loading=\"lazy\" decoding=\"async\" src=\"https:\/\/jgs.lt\/en\/wp-content\/uploads\/2022\/04\/DSCF0999-1024x768.jpg\" alt=\"\" class=\"wp-image-795\" width=\"902\" height=\"676\" srcset=\"https:\/\/jgs.lt\/en\/wp-content\/uploads\/2022\/04\/DSCF0999-1024x768.jpg 1024w, https:\/\/jgs.lt\/en\/wp-content\/uploads\/2022\/04\/DSCF0999-300x225.jpg 300w, https:\/\/jgs.lt\/en\/wp-content\/uploads\/2022\/04\/DSCF0999-768x576.jpg 768w, https:\/\/jgs.lt\/en\/wp-content\/uploads\/2022\/04\/DSCF0999-1536x1152.jpg 1536w, https:\/\/jgs.lt\/en\/wp-content\/uploads\/2022\/04\/DSCF0999-2048x1536.jpg 2048w\" sizes=\"auto, (max-width: 902px) 100vw, 902px\" \/><figcaption>Build your spirit house on the rock, Jesus. Won&#8217;t be afraid of floods.<\/figcaption><\/figure>\n\n\n\n<pre class=\"wp-block-preformatted\">Brothers and sisters in Christ. Almost every new friend asks same questions so i try to answer them here that i don't need to type individually to everybody. I want to have time for my main purpose, for prayer and for providing for my family and so on. Please understand me. \n\nMy age is 43, age in summer photos is 33-34. I'll try make it new.\n\nI am from European Union country Lithuania, live near town Kupiskis. 300 km from Baltic sea.\n\nI am married=occupied. First of all with Jesus, on second hand with my wife 15 years, have 2 children. Son and Daughter. Don't ask about there age or names. \n\nI am farmer. Growing Wheat, barley, raps ... no animal. So from April to October I am very occupied on the farm and in winter I am occupied less.\n\nDon't ask me about my country's economic conditions, security, politics or what ever, it don't concern me. My purpose is to talk about Jesus Christ and His works in my or your life.\n\nDon't offer me any relationship except about Jesus. I say ones more. If center of our talk isn't Jesus don't waist neither yours nor my time. Please.\n\nMy main purpose here is to show God and his works, not me. I have made Facebook profile and my website to tell everybody about God's works in my life with hope, that it would help someone to connect with Jesus, to find his love, his mercy, restored life and so on... and only such discussions interests me. \n\n\nThese days i am getting messages from people \"offering me their money\", because they are near death with cancer or some serious disease. I was surprised with such generosity, but I asked God, what to answer them, is they sincere, is they from God or from \"world\". And God's answer was very clear for me. Jeremiah 14:11-15  11Then said the LORD unto me, Pray not for this people for their good. 12When they fast, I will not hear their cry; and when they offer burnt offering and an oblation, I will not accept them: but I will consume them by the sword, and by the famine, and by the pestilence.\n13Then said I, Ah, Lord GOD! behold, the prophets say unto them, Ye shall not see the sword, neither shall ye have famine; but I will give you assured peace in this place. 14Then the LORD said unto me, The prophets prophesy lies in my name: I sent them not, neither have I commanded them, neither spake unto them: they prophesy unto you a false vision and divination, and a thing of nought, and the deceit of their heart. 15Therefore thus saith the LORD concerning the prophets that prophesy in my name, and I sent them not, yet they say, Sword and famine shall not be in this land; By sword and famine shall those prophets be consumed. \namen and thank You God for Your such clear clarification. Needless to say a word. So people, don't waist your time. In Jesus name let there be destroyed devil's plans to fool me, lie to me, rob me and to destroy me. amen. \nSo don't offer me your money. God promised me to provide for me through my farm. Don't offer me loans or investments, I won't accept it.\n\nI will accept all friendship requests, but I won't look for any. Lets fallow Jesus together. If you want contact me, let the center of our talk will be Jesus in other case do not waist neither your nor my time. Do not try to call me I don't Have time to speak to each person individually. Maybe some day, when I QUALIFY YOU as soldier of God, ONLY THEN we could speak live, but not from start our friendship. \n<\/pre>\n\n\n\n<pre class=\"wp-block-preformatted\"><a href=\"https:\/\/jgs.lt\/en\/\" title=\"Go to home page\">Go to home page<\/a><\/pre>\n","protected":false},"excerpt":{"rendered":"<p>Lietuvi\u0173 Jesus is alive today and I will try to show it. I am Algirdas \u0160veln\u0117. I have seen the miracles God is doing in my life through prayer and I want to share it with those I will meet in my life. I am a Roman Catholic, a farmer, a layman, not a clergyman [&hellip;]<\/p>\n","protected":false},"author":1,"featured_media":0,"parent":0,"menu_order":3,"comment_status":"closed","ping_status":"closed","template":"","meta":{"om_disable_all_campaigns":false,"_monsterinsights_skip_tracking":false,"_monsterinsights_sitenote_active":false,"_monsterinsights_sitenote_note":"","_monsterinsights_sitenote_category":0,"site-sidebar-layout":"default","site-content-layout":"plain-container","ast-site-content-layout":"default","site-content-style":"default","site-sidebar-style":"default","ast-global-header-display":"","ast-banner-title-visibility":"","ast-main-header-display":"","ast-hfb-above-header-display":"","ast-hfb-below-header-display":"","ast-hfb-mobile-header-display":"","site-post-title":"disabled","ast-breadcrumbs-content":"","ast-featured-img":"","footer-sml-layout":"","ast-disable-related-posts":"","theme-transparent-header-meta":"enabled","adv-header-id-meta":"","stick-header-meta":"","header-above-stick-meta":"","header-main-stick-meta":"","header-below-stick-meta":"","astra-migrate-meta-layouts":"default","ast-page-background-enabled":"default","ast-page-background-meta":{"desktop":{"background-color":"var(--ast-global-color-4)","background-image":"","background-repeat":"repeat","background-position":"center center","background-size":"auto","background-attachment":"scroll","background-type":"","background-media":"","overlay-type":"","overlay-color":"","overlay-opacity":"","overlay-gradient":""},"tablet":{"background-color":"","background-image":"","background-repeat":"repeat","background-position":"center center","background-size":"auto","background-attachment":"scroll","background-type":"","background-media":"","overlay-type":"","overlay-color":"","overlay-opacity":"","overlay-gradient":""},"mobile":{"background-color":"","background-image":"","background-repeat":"repeat","background-position":"center center","background-size":"auto","background-attachment":"scroll","background-type":"","background-media":"","overlay-type":"","overlay-color":"","overlay-opacity":"","overlay-gradient":""}},"ast-content-background-meta":{"desktop":{"background-color":"var(--ast-global-color-5)","background-image":"","background-repeat":"repeat","background-position":"center center","background-size":"auto","background-attachment":"scroll","background-type":"","background-media":"","overlay-type":"","overlay-color":"","overlay-opacity":"","overlay-gradient":""},"tablet":{"background-color":"var(--ast-global-color-5)","background-image":"","background-repeat":"repeat","background-position":"center center","background-size":"auto","background-attachment":"scroll","background-type":"","background-media":"","overlay-type":"","overlay-color":"","overlay-opacity":"","overlay-gradient":""},"mobile":{"background-color":"var(--ast-global-color-5)","background-image":"","background-repeat":"repeat","background-position":"center center","background-size":"auto","background-attachment":"scroll","background-type":"","background-media":"","overlay-type":"","overlay-color":"","overlay-opacity":"","overlay-gradient":""}},"footnotes":""},"class_list":["post-112","page","type-page","status-publish","hentry"],"aioseo_notices":[],"_links":{"self":[{"href":"https:\/\/jgs.lt\/en\/wp-json\/wp\/v2\/pages\/112","targetHints":{"allow":["GET"]}}],"collection":[{"href":"https:\/\/jgs.lt\/en\/wp-json\/wp\/v2\/pages"}],"about":[{"href":"https:\/\/jgs.lt\/en\/wp-json\/wp\/v2\/types\/page"}],"author":[{"embeddable":true,"href":"https:\/\/jgs.lt\/en\/wp-json\/wp\/v2\/users\/1"}],"replies":[{"embeddable":true,"href":"https:\/\/jgs.lt\/en\/wp-json\/wp\/v2\/comments?post=112"}],"version-history":[{"count":31,"href":"https:\/\/jgs.lt\/en\/wp-json\/wp\/v2\/pages\/112\/revisions"}],"predecessor-version":[{"id":933,"href":"https:\/\/jgs.lt\/en\/wp-json\/wp\/v2\/pages\/112\/revisions\/933"}],"wp:attachment":[{"href":"https:\/\/jgs.lt\/en\/wp-json\/wp\/v2\/media?parent=112"}],"curies":[{"name":"wp","href":"https:\/\/api.w.org\/{rel}","templated":true}]}}