{"id":206,"date":"2022-01-20T12:58:58","date_gmt":"2022-01-20T10:58:58","guid":{"rendered":"https:\/\/jgs.lt\/en\/?page_id=206"},"modified":"2022-09-07T22:24:20","modified_gmt":"2022-09-07T19:24:20","slug":"confession","status":"publish","type":"page","link":"https:\/\/jgs.lt\/en\/god-miracle-testimony\/confession\/","title":{"rendered":"Confession"},"content":{"rendered":"\n<div class=\"wp-block-cover is-light\" style=\"min-height:266px;aspect-ratio:unset;\"><span aria-hidden=\"true\" class=\"wp-block-cover__background has-background-dim\"><\/span><img decoding=\"async\" class=\"wp-block-cover__image-background\" alt=\"\" src=\"https:\/\/jgs.lt\/wp-content\/uploads\/2020\/09\/services-bg.jpg\" data-object-fit=\"cover\"\/><div class=\"wp-block-cover__inner-container is-layout-flow wp-block-cover-is-layout-flow\">\n<p class=\"has-text-align-center has-large-font-size\"><strong>Testimonies<\/strong><\/p>\n<\/div><\/div>\n\n\n\n<p><a href=\"https:\/\/jgs.lt\/index.php\/liudijimai\/ispazintis\/\" title=\"Lietuvi\u0173\"><strong>Lietuvi\u0173<\/strong><\/a><\/p>\n\n\n\n<h2 class=\"has-text-align-center wp-block-heading\" id=\"confession\">Confession<\/h2>\n\n\n\n<p>When I came to live in Kupi\u0161kis town from Anyk\u0161\u010diai town in 1989-90, or in some years I did not remember exactly, and when I started to serve mass in the church, I felt that after the confession, it was easier for me &#8211; as if a stone was falling from my chest. I don&#8217;t know exactly what year it was, but I remember asking a classmate in 9th grade, &#8220;What do I find in that church?&#8221; I remember testifying to him that &#8220;it is good for me in the church, that it is easier for me to be there, especially after confession,&#8221; which was about 1993-94. I feel relieved since I clearly understood what was going on at the confession and why we were going to the church.<\/p>\n\n\n\n<p><a href=\"https:\/\/jgs.lt\/en\/index.php\/home\/god-miracle-testimony\/\">Back to testimonies<\/a><\/p>\n","protected":false},"excerpt":{"rendered":"<p>Lietuvi\u0173 Confession When I came to live in Kupi\u0161kis town from Anyk\u0161\u010diai town in 1989-90, or in some years I did not remember exactly, and when I started to serve mass in the church, I felt that after the confession, it was easier for me &#8211; as if a stone was falling from my chest. [&hellip;]<\/p>\n","protected":false},"author":1,"featured_media":0,"parent":28,"menu_order":3,"comment_status":"closed","ping_status":"closed","template":"","meta":{"om_disable_all_campaigns":false,"_monsterinsights_skip_tracking":false,"_monsterinsights_sitenote_active":false,"_monsterinsights_sitenote_note":"","_monsterinsights_sitenote_category":0,"site-sidebar-layout":"default","site-content-layout":"plain-container","ast-site-content-layout":"default","site-content-style":"default","site-sidebar-style":"default","ast-global-header-display":"","ast-banner-title-visibility":"","ast-main-header-display":"","ast-hfb-above-header-display":"","ast-hfb-below-header-display":"","ast-hfb-mobile-header-display":"","site-post-title":"disabled","ast-breadcrumbs-content":"","ast-featured-img":"","footer-sml-layout":"","ast-disable-related-posts":"","theme-transparent-header-meta":"enabled","adv-header-id-meta":"","stick-header-meta":"","header-above-stick-meta":"","header-main-stick-meta":"","header-below-stick-meta":"","astra-migrate-meta-layouts":"default","ast-page-background-enabled":"default","ast-page-background-meta":{"desktop":{"background-color":"var(--ast-global-color-4)","background-image":"","background-repeat":"repeat","background-position":"center center","background-size":"auto","background-attachment":"scroll","background-type":"","background-media":"","overlay-type":"","overlay-color":"","overlay-opacity":"","overlay-gradient":""},"tablet":{"background-color":"","background-image":"","background-repeat":"repeat","background-position":"center center","background-size":"auto","background-attachment":"scroll","background-type":"","background-media":"","overlay-type":"","overlay-color":"","overlay-opacity":"","overlay-gradient":""},"mobile":{"background-color":"","background-image":"","background-repeat":"repeat","background-position":"center center","background-size":"auto","background-attachment":"scroll","background-type":"","background-media":"","overlay-type":"","overlay-color":"","overlay-opacity":"","overlay-gradient":""}},"ast-content-background-meta":{"desktop":{"background-color":"var(--ast-global-color-5)","background-image":"","background-repeat":"repeat","background-position":"center center","background-size":"auto","background-attachment":"scroll","background-type":"","background-media":"","overlay-type":"","overlay-color":"","overlay-opacity":"","overlay-gradient":""},"tablet":{"background-color":"var(--ast-global-color-5)","background-image":"","background-repeat":"repeat","background-position":"center center","background-size":"auto","background-attachment":"scroll","background-type":"","background-media":"","overlay-type":"","overlay-color":"","overlay-opacity":"","overlay-gradient":""},"mobile":{"background-color":"var(--ast-global-color-5)","background-image":"","background-repeat":"repeat","background-position":"center center","background-size":"auto","background-attachment":"scroll","background-type":"","background-media":"","overlay-type":"","overlay-color":"","overlay-opacity":"","overlay-gradient":""}},"footnotes":""},"class_list":["post-206","page","type-page","status-publish","hentry"],"aioseo_notices":[],"_links":{"self":[{"href":"https:\/\/jgs.lt\/en\/wp-json\/wp\/v2\/pages\/206","targetHints":{"allow":["GET"]}}],"collection":[{"href":"https:\/\/jgs.lt\/en\/wp-json\/wp\/v2\/pages"}],"about":[{"href":"https:\/\/jgs.lt\/en\/wp-json\/wp\/v2\/types\/page"}],"author":[{"embeddable":true,"href":"https:\/\/jgs.lt\/en\/wp-json\/wp\/v2\/users\/1"}],"replies":[{"embeddable":true,"href":"https:\/\/jgs.lt\/en\/wp-json\/wp\/v2\/comments?post=206"}],"version-history":[{"count":7,"href":"https:\/\/jgs.lt\/en\/wp-json\/wp\/v2\/pages\/206\/revisions"}],"predecessor-version":[{"id":972,"href":"https:\/\/jgs.lt\/en\/wp-json\/wp\/v2\/pages\/206\/revisions\/972"}],"up":[{"embeddable":true,"href":"https:\/\/jgs.lt\/en\/wp-json\/wp\/v2\/pages\/28"}],"wp:attachment":[{"href":"https:\/\/jgs.lt\/en\/wp-json\/wp\/v2\/media?parent=206"}],"curies":[{"name":"wp","href":"https:\/\/api.w.org\/{rel}","templated":true}]}}