{"id":129,"date":"2022-01-02T02:30:29","date_gmt":"2022-01-02T02:30:29","guid":{"rendered":"http:\/\/jgs.lt\/index.php\/about\/"},"modified":"2022-07-11T15:41:13","modified_gmt":"2022-07-11T12:41:13","slug":"apie-mane","status":"publish","type":"page","link":"https:\/\/jgs.lt\/index.php\/apie-mane\/","title":{"rendered":"Apie mane"},"content":{"rendered":"\n<div class=\"inherit-container-width wp-block-group alignfull has-white-background-color has-background is-layout-constrained wp-block-group-is-layout-constrained\"><div class=\"wp-block-group__inner-container\">\n<div class=\"wp-block-columns alignwide is-layout-flex wp-container-core-columns-is-layout-28f84493 wp-block-columns-is-layout-flex\">\n<div class=\"wp-block-column is-layout-flow wp-block-column-is-layout-flow\" style=\"flex-basis:22%\">\n<figure class=\"wp-block-image is-resized is-style-default\"><img loading=\"lazy\" decoding=\"async\" src=\"https:\/\/jgs.lt\/wp-content\/uploads\/2022\/01\/DSCF1020-small-881x1024.jpg\" alt=\"\" class=\"wp-image-470\" width=\"262\" height=\"305\" srcset=\"https:\/\/jgs.lt\/wp-content\/uploads\/2022\/01\/DSCF1020-small-881x1024.jpg 881w, https:\/\/jgs.lt\/wp-content\/uploads\/2022\/01\/DSCF1020-small-258x300.jpg 258w, https:\/\/jgs.lt\/wp-content\/uploads\/2022\/01\/DSCF1020-small-768x892.jpg 768w, https:\/\/jgs.lt\/wp-content\/uploads\/2022\/01\/DSCF1020-small-1322x1536.jpg 1322w, https:\/\/jgs.lt\/wp-content\/uploads\/2022\/01\/DSCF1020-small.jpg 1433w\" sizes=\"auto, (max-width: 262px) 100vw, 262px\" \/><\/figure>\n\n\n\n<p><a href=\"https:\/\/jgs.lt\/en\/index.php\/about-me\/\" title=\"English\"><strong>English<\/strong><\/a><\/p>\n<\/div>\n\n\n\n<div class=\"wp-block-column is-layout-flow wp-block-column-is-layout-flow\" style=\"flex-basis:100%\">\n<p>J\u0117zus gyvas \u0161iandien ir a\u0161 pam\u0117ginsiu tai parodyti. A\u0161 esu Algirdas \u0160veln\u0117. A\u0161 ma\u010diau Dievo daromus stebuklus mano gyvenime per mald\u0105 ir noriu apie tai pasidalinti su tais kuriuos sutiksiu savo gyvenime. A\u0161 esu katalikas, \u016bkininkas, pasaulietis, ne dvasininkas ir jei mano gyvenime Dievas daro stebuklus, tai, manau, kiekvieno gyvenime tai \u012fmanoma, tik reikia tik\u0117ti ir daryti tik\u0117jomo darbus, tik\u0117jimo \u017eingsnius, tvirtai stov\u0117ti tame, k\u0105 pasak\u0117 Dievas per \u0161vent\u0105 ra\u0161t\u0105, nes Dievui n\u0117ra prasm\u0117s mums meluoti, jis nori mus i\u0161gelb\u0117ti.<\/p>\n<\/div>\n<\/div>\n\n\n\n<pre class=\"wp-block-preformatted\">\u0160v. Ra\u0161to citatos:\n\nMk 16:17 \"Kurie \u012ftik\u0117s, tuos lyd\u0117s \u017eenklai: mano vardu jie i\u0161varin\u0117s demonus, kalb\u0117s naujomis kalbomis, ims plikomis rankomis gyvates ir jei i\u0161gert\u0173 mir\u0161tam\u0173 nuod\u0173 jiems nepakenks. Jie d\u0117s rankas ant ligoni\u0173, ir tie pasveiks.\"\n\nJn 15:7 \"Jei pasiliksite manyje ir mano \u017eod\u017eiai pasiliks jumyse, j\u016bs pra\u0161ysite, ko tik nor\u0117site, ir bus jums suteikta.\" \n\nJn 14:13 \"Ir ko tik pra\u0161ysite mano vardu, a\u0161 padarysiu, kad t\u0117vas b\u016bt\u0173 pa\u0161lovintas S\u016bnuje\".\n\nPs 37:4 \"D\u017eiaukis i\u0161 \u0161irdies VIE\u0160PA\u010cIU, ir jis suteiks tau, ko trok\u0161ta tavo \u0161irdis.\"\n\nJn 15:16 \"Ne j\u016bs mane i\u0161sirinkote, bet a\u0161 jus i\u0161sirinkau ir paskyriau, kad eitum\u0117te, duotum\u0117te vaisi\u0173 ir j\u016bs\u0173 vaisiai i\u0161likt\u0173, kad ko tik pra\u0161ytum\u0117te T\u0117v\u0105 mano vardu, jis visa jums duot\u0173.\"\n\nBroliai ir seserys Kristuje. Beveik kiekvienas naujas draugas u\u017eduoda tuos pa\u010dius klausimus, tod\u0117l stengiuosi \u012f juos atsakyti \u010dia, kad man nereik\u0117t\u0173 ra\u0161yti kiekvienam atskirai. Noriu tur\u0117ti laiko savo pagrindiniam tikslui, maldai, \u0161eimos apr\u016bpinimui ir pan. Pra\u0161au, supraskite mane.\n\nMano am\u017eius 43, vasaros nuotraukose 33-34 metai. Pabandysiu padaryti nauj\u0173 nuotrauk\u0173. \n\nEsu i\u0161 Europos S\u0105jungos \u0161alies Lietuvos, gyvenu netoli Kupi\u0161kio. 300 km iki Baltijos j\u016bros. \n\nEsu ved\u0119s=u\u017eimtas. Pirmiausia su J\u0117zumi, antra su \u017emona 15 met\u0173, turiu 2 vaikus. S\u016bnus ir dukra. Neklauskite apie am\u017ei\u0173 ar vardus.\n\nA\u0161 esu \u016bkininkas. Augalininkas, auginu kvie\u010dius, mie\u017eius, rapsus... neturiu gyvuli\u0173. Taigi nuo baland\u017eio iki spalio esu labai u\u017esi\u0117m\u0119s \u016bkyje, o \u017eiem\u0105 \u2013 ma\u017eiau.\n\nNeklauskite man\u0119s apie mano \u0161alies ekonomines s\u0105lygas, saugum\u0105, politik\u0105 ar dar k\u0105 nors, man tai ner\u016bpi. \n\nMano tikslas yra kalb\u0117ti apie J\u0117z\u0173 Krist\u0173 ir Jo darbus mano ar j\u016bs\u0173 gyvenime.\n\nNesi\u016blykite man joki\u0173 santyki\u0173, i\u0161skyrus J\u0117z\u0173. Sakau dar kart\u0105. Jei m\u016bs\u0173 pokalbio centre n\u0117ra J\u0117zus, negai\u0161kite nei savo, nei mano laiko. Pra\u0161au.\n\nMano pagrindinis tikslas yra parodyti Diev\u0105 ir jo darbus, o ne mane. Suk\u016briau Facebook profil\u012f ir savo svetain\u0119 su viltimi visiems papasako\u010diau apie Dievo darbus mano gyvenime, tik\u0117damasis, kad tai pad\u0117s ka\u017ekam u\u017emegsti r\u012f\u0161\u012f su J\u0117zumi, atrasti jo meil\u0119, gailestingum\u0105, atkurt\u0105 gyvenim\u0105 ir t. t. ... ir tik tokios diskusijos mane domina. \n\n\u0160iomis dienomis gaunu \u017einutes i\u0161 \u017emoni\u0173, kurie \u201esi\u016blo man savo pinigus\u201c, nes yra arti mirties nuo v\u0117\u017eio ar kokios nors rimtos ligos. Buvau nusteb\u0119s tokiu dosnumu, bet paklausiau Dievo, k\u0105 jiems atsakyti, ar jie nuo\u0161ird\u016bs, ar i\u0161 Dievo, ar i\u0161 \u201epasaulio\u201c. Ir Dievo atsakymas man buvo labai ai\u0161kus. Jeremijo 14:11-15 11 \"VIE\u0160PATS tar\u0117 man: \u201eNesimelsk u\u017e \u0161i\u0105 taut\u0105 ir gerov\u0117s jai nepra\u0161yk! Kai jie pasninkaus, a\u0161 negird\u0117siu j\u0173 maldavimo, kai aukos deginam\u0105sias aukas ir maisto atna\u0161as, a\u0161 j\u0173 nepriimsiu. Kalaviju, badu ir maro ryk\u0161te padarysiu jiems gal\u0105\u201c. Atsakiau: \u201eAk, Vie\u0161patie DIEVE! Prana\u0161ai jiems \u017eada: \u2018J\u016bs nematysite kalavijo, badas j\u016bs\u0173 neu\u017epuls, nes am\u017ein\u0105 taik\u0105 duosiu jums \u0161ioje vietoje\u2019\u201c. \u2014 \u201eK\u0105 prana\u0161ai skelbia mano vardu, tai melas! \u2014 atsak\u0117 man VIE\u0160PATS. \u2014 J\u0173 a\u0161 nesiun\u010diau, \u012fgaliojimo jiems nedaviau, nieko jiems nekalb\u0117jau. Prasimanytus reg\u0117jimus, tu\u0161\u010dius b\u016brimus, savo pa\u010di\u0173 vaizduot\u0117s apgaul\u0119 jie skelbia jums!\u201c Taip kalb\u0117jo VIE\u0160PATS: \u201ePrana\u0161ai, prana\u0161aujantys mano vardu, nors a\u0161 j\u0173 nesiun\u010diau, nesiliaujantys skelbti: \u2018Kalavijas ir badas nei\u0161tiks \u0161io kra\u0161to!\u2019 \u2014 patys gal\u0105 gaus nuo kalavijo ir bado.\"\namen ir a\u010di\u016b Dievui u\u017e tok\u012f ai\u0161k\u0173 paai\u0161kinim\u0105. Nebereikia n\u0117 \u017eod\u017ei\u0173. Taigi \u017emon\u0117s, negai\u0161kite savo laiko. J\u0117zaus vardu teb\u016bna sugriauti velnio planai mane apkvailinti, apmeluoti, apipl\u0117\u0161ti ir sunaikinti. amen.\n\nTaigi nesi\u016blykite man savo pinig\u0173. Dievas pa\u017ead\u0117jo mane apr\u016bpinti per mano \u016bk\u012f. Nesi\u016blykite man paskol\u0173 ar investicij\u0173, a\u0161 j\u0173 nepriimsiu.\n\nPriimsiu visus kvietimus draugauti, bet pats nieko neie\u0161kosiu. Sekime J\u0117z\u0173 kartu. Jeigu norite susisiekti su manimi, tegul m\u016bs\u0173 pokalbio centre bus J\u0117zus, kitu atveju negai\u0161kite nei savo, nei mano laiko. Nebandykite man skambinti, a\u0161 neturiu laiko kalb\u0117tis su kiekvienu atskirai. Galb\u016bt kada nors, kai JUS KVALIFIKUOSIU Dievo kareiviu, TIK TADA gal\u0117tume pasikalb\u0117ti gyvai, bet ne nuo m\u016bs\u0173 draugyst\u0117s prad\u017eios.<\/pre>\n<\/div><\/div>\n\n\n\n<p> <a href=\"https:\/\/jgs.lt\/\" title=\"Prad\u017eia\">\u012e prad\u017eios puslap\u012f<\/a> <\/p>\n","protected":false},"excerpt":{"rendered":"<p>English J\u0117zus gyvas \u0161iandien ir a\u0161 pam\u0117ginsiu tai parodyti. A\u0161 esu Algirdas \u0160veln\u0117. A\u0161 ma\u010diau Dievo daromus stebuklus mano gyvenime per mald\u0105 ir noriu apie tai pasidalinti su tais kuriuos sutiksiu savo gyvenime. A\u0161 esu katalikas, \u016bkininkas, pasaulietis, ne dvasininkas ir jei mano gyvenime Dievas daro stebuklus, tai, manau, kiekvieno gyvenime tai \u012fmanoma, tik reikia [&hellip;]<\/p>\n","protected":false},"author":1,"featured_media":0,"parent":0,"menu_order":3,"comment_status":"open","ping_status":"closed","template":"","meta":{"om_disable_all_campaigns":false,"_monsterinsights_skip_tracking":false,"_monsterinsights_sitenote_active":false,"_monsterinsights_sitenote_note":"","_monsterinsights_sitenote_category":0,"site-sidebar-layout":"default","site-content-layout":"plain-container","ast-site-content-layout":"default","site-content-style":"default","site-sidebar-style":"default","ast-global-header-display":"","ast-banner-title-visibility":"","ast-main-header-display":"","ast-hfb-above-header-display":"","ast-hfb-below-header-display":"","ast-hfb-mobile-header-display":"","site-post-title":"disabled","ast-breadcrumbs-content":"","ast-featured-img":"","footer-sml-layout":"","ast-disable-related-posts":"","theme-transparent-header-meta":"enabled","adv-header-id-meta":"","stick-header-meta":"","header-above-stick-meta":"","header-main-stick-meta":"","header-below-stick-meta":"","astra-migrate-meta-layouts":"default","ast-page-background-enabled":"default","ast-page-background-meta":{"desktop":{"background-color":"","background-image":"","background-repeat":"repeat","background-position":"center center","background-size":"auto","background-attachment":"scroll","background-type":"","background-media":"","overlay-type":"","overlay-color":"","overlay-opacity":"","overlay-gradient":""},"tablet":{"background-color":"","background-image":"","background-repeat":"repeat","background-position":"center center","background-size":"auto","background-attachment":"scroll","background-type":"","background-media":"","overlay-type":"","overlay-color":"","overlay-opacity":"","overlay-gradient":""},"mobile":{"background-color":"","background-image":"","background-repeat":"repeat","background-position":"center center","background-size":"auto","background-attachment":"scroll","background-type":"","background-media":"","overlay-type":"","overlay-color":"","overlay-opacity":"","overlay-gradient":""}},"ast-content-background-meta":{"desktop":{"background-color":"var(--ast-global-color-5)","background-image":"","background-repeat":"repeat","background-position":"center center","background-size":"auto","background-attachment":"scroll","background-type":"","background-media":"","overlay-type":"","overlay-color":"","overlay-opacity":"","overlay-gradient":""},"tablet":{"background-color":"var(--ast-global-color-5)","background-image":"","background-repeat":"repeat","background-position":"center center","background-size":"auto","background-attachment":"scroll","background-type":"","background-media":"","overlay-type":"","overlay-color":"","overlay-opacity":"","overlay-gradient":""},"mobile":{"background-color":"var(--ast-global-color-5)","background-image":"","background-repeat":"repeat","background-position":"center center","background-size":"auto","background-attachment":"scroll","background-type":"","background-media":"","overlay-type":"","overlay-color":"","overlay-opacity":"","overlay-gradient":""}},"footnotes":""},"class_list":["post-129","page","type-page","status-publish","hentry"],"aioseo_notices":[],"_links":{"self":[{"href":"https:\/\/jgs.lt\/index.php\/wp-json\/wp\/v2\/pages\/129","targetHints":{"allow":["GET"]}}],"collection":[{"href":"https:\/\/jgs.lt\/index.php\/wp-json\/wp\/v2\/pages"}],"about":[{"href":"https:\/\/jgs.lt\/index.php\/wp-json\/wp\/v2\/types\/page"}],"author":[{"embeddable":true,"href":"https:\/\/jgs.lt\/index.php\/wp-json\/wp\/v2\/users\/1"}],"replies":[{"embeddable":true,"href":"https:\/\/jgs.lt\/index.php\/wp-json\/wp\/v2\/comments?post=129"}],"version-history":[{"count":30,"href":"https:\/\/jgs.lt\/index.php\/wp-json\/wp\/v2\/pages\/129\/revisions"}],"predecessor-version":[{"id":954,"href":"https:\/\/jgs.lt\/index.php\/wp-json\/wp\/v2\/pages\/129\/revisions\/954"}],"wp:attachment":[{"href":"https:\/\/jgs.lt\/index.php\/wp-json\/wp\/v2\/media?parent=129"}],"curies":[{"name":"wp","href":"https:\/\/api.w.org\/{rel}","templated":true}]}}