{"id":130,"date":"2022-01-02T02:20:39","date_gmt":"2022-01-02T00:20:39","guid":{"rendered":"http:\/\/jgs.lt\/index.php\/projects\/"},"modified":"2022-07-11T15:58:45","modified_gmt":"2022-07-11T12:58:45","slug":"eteris-dievui","status":"publish","type":"page","link":"https:\/\/jgs.lt\/index.php\/eteris-dievui\/","title":{"rendered":"Eteris Dievui"},"content":{"rendered":"\n<div class=\"wp-block-cover alignfull is-light\" style=\"min-height:161px;aspect-ratio:unset;\"><span aria-hidden=\"true\" class=\"wp-block-cover__background has-background-dim\" style=\"background-color:#000000\"><\/span><img loading=\"lazy\" decoding=\"async\" width=\"1920\" height=\"682\" class=\"wp-block-cover__image-background wp-image-80\" alt=\"\" src=\"https:\/\/jgs.lt\/wp-content\/uploads\/2020\/09\/project-background.jpg\" data-object-fit=\"cover\" srcset=\"https:\/\/jgs.lt\/wp-content\/uploads\/2020\/09\/project-background.jpg 1920w, https:\/\/jgs.lt\/wp-content\/uploads\/2020\/09\/project-background-300x107.jpg 300w, https:\/\/jgs.lt\/wp-content\/uploads\/2020\/09\/project-background-1024x364.jpg 1024w, https:\/\/jgs.lt\/wp-content\/uploads\/2020\/09\/project-background-768x273.jpg 768w, https:\/\/jgs.lt\/wp-content\/uploads\/2020\/09\/project-background-1536x546.jpg 1536w\" sizes=\"auto, (max-width: 1920px) 100vw, 1920px\" \/><div class=\"wp-block-cover__inner-container is-layout-flow wp-block-cover-is-layout-flow\">\n<p class=\"has-text-align-center has-large-font-size\">Eteris Dievui<\/p>\n<\/div><\/div>\n\n\n\n<div class=\"wp-block-columns is-layout-flex wp-container-core-columns-is-layout-28f84493 wp-block-columns-is-layout-flex\">\n<div class=\"wp-block-column is-layout-flow wp-block-column-is-layout-flow\" style=\"flex-basis:100%\">\n<div class=\"wp-block-columns is-layout-flex wp-container-core-columns-is-layout-28f84493 wp-block-columns-is-layout-flex\">\n<div class=\"wp-block-column is-layout-flow wp-block-column-is-layout-flow\" style=\"flex-basis:100%\">\n<div class=\"inherit-container-width wp-block-group alignfull has-white-background-color has-background is-layout-constrained wp-block-group-is-layout-constrained\"><div class=\"wp-block-group__inner-container\">\n<p><a href=\"https:\/\/jgs.lt\/en\/index.php\/ether-for-god\/\" title=\"English\"><strong>English<\/strong><\/a><\/p>\n\n\n\n<p><strong>\u010cia sud\u0117jau \u012fvairi\u0105 med\u017eiag\u0105, kuri padeda kasdien palaikyti dvasin\u012f lyg\u012f. Pastudijuokite. Klausykite muzik\u0105, liudijimus, paskaitas, skaitykite \u0161v. ra\u0161t\u0105, kad piktasis tur\u0117t\u0173 ma\u017eiau eterio laiko j\u016bs\u0173 galvoje.<\/strong> <strong>Dar labai svarbu yra i\u0161jungti t\u0105 pasaulio dvasios propaguotoj\u0105 &#8211; televizori\u0173.<\/strong><\/p>\n<\/div><\/div>\n<\/div>\n<\/div>\n<\/div>\n<\/div>\n\n\n\n<div class=\"wp-block-columns is-layout-flex wp-container-core-columns-is-layout-28f84493 wp-block-columns-is-layout-flex\">\n<div class=\"wp-block-column is-layout-flow wp-block-column-is-layout-flow\" style=\"flex-basis:100%\">\n<div class=\"inherit-container-width wp-block-group alignfull has-ast-global-color-4-background-color has-background is-layout-constrained wp-block-group-is-layout-constrained\"><div class=\"wp-block-group__inner-container\">\n<div class=\"wp-block-columns is-layout-flex wp-container-core-columns-is-layout-28f84493 wp-block-columns-is-layout-flex\">\n<div class=\"wp-block-column is-layout-flow wp-block-column-is-layout-flow\">\n<h4 class=\"wp-block-heading\" id=\"slovinimo-giesmes\">\u0160lovinimo giesm\u0117s<\/h4>\n\n\n\n<p>\u0160lovinimo giesm\u0117s yra tas \u012frankis, kuris padeda dienos b\u0117gyje palaikyti galvoje mintis apie Diev\u0105, apie jo meil\u0119 mums, apie jo i\u0161gelb\u0117jim\u0105, i\u0161laisvinim\u0105. Klausant tarsi Dievo ugnis \u012fsikuria viduje, u\u017elieja maloni \u0161iluma, d\u017eiaugsmas, ramyb\u0117, ateina noras dirbti, veikti, pripildo pakili nuotaika. Linkiu kasdien pasinerti \u012f t\u0105 Dievo dvasios vanden\u012f, kuris i\u0161plauna pasaulio atne\u0161tus neteisingus mastymo stereotipus.<\/p>\n\n\n\n<p><strong>4 labiausiai man patinkantys angli\u0161ki atlik\u0117jai:<\/strong><\/p>\n\n\n\n<ul class=\"wp-block-list\"><li><a href=\"https:\/\/youtube.com\/playlist?list=PLg2OrzmRq250yhT5E-bnDQvSHASbNLroh\" rel=\"ugc\">Chris Tomlin<\/a><\/li><li><a href=\"https:\/\/youtube.com\/playlist?list=PL1499NMPjBmQP5gWYF2p34z8CW40t11Zi\">Loren Daigle<\/a><\/li><li><a href=\"https:\/\/youtube.com\/playlist?list=PLDtBVze-UZbiOtmz5Cg0VN1AkFRmlgOE7\">Casting Crowns<\/a><\/li><li><a href=\"https:\/\/youtu.be\/MK2EKJASYY0\">Hillsong<\/a><\/li><\/ul>\n\n\n\n<h4 class=\"wp-block-heading\" id=\"is-rusisku-naujas-atradimas\"><strong>3 labiausiai patinkantys atlik\u0117jai rus\u0173 kalba:<\/strong><\/h4>\n\n\n\n<ul class=\"wp-block-list\" id=\"block-e3cd73c7-0cdc-445f-886b-3527e40202bc\"><li><a href=\"https:\/\/youtube.com\/playlist?list=PLMASeBdxuF9ExAZ3Y3WJYYjeoHMe08kte\">\u0421\u043e\u043a\u043e\u043b\u043e\u0432 \u0431\u0440\u0430\u0442\u044c\u044f<\/a><\/li><li><a href=\"https:\/\/youtube.com\/playlist?list=PLrzl6uUjnDDt7Mxim8mKBBZg7-lPPABhj\">\u0414\u0430\u0440\u0438\u043d\u0430 \u041a\u043e\u0447\u0430\u043d\u0436\u0438<\/a><\/li><li><a href=\"https:\/\/youtu.be\/nYGutYFsiC8\">\u0418\u043b\u044e\u0448\u0438\u043d\u0430 \u0422\u0430\u043d\u044e\u0448\u0430<\/a><\/li><\/ul>\n\n\n\n<h4 class=\"wp-block-heading\" id=\"is-lietuvisku\">6 atlik\u0117jai ir grup\u0117s lietuvi\u0173 kalba:<\/h4>\n\n\n\n<ul class=\"wp-block-list\" id=\"block-035b28bb-22c3-41c4-933f-113d9a80de81\"><li><a href=\"https:\/\/youtube.com\/playlist?list=RDEMpR8qtXouCa_fqsTHJ--BkA&amp;playnext=1\">Gabriel\u0117 Gvazdikait\u0117<\/a><\/li><li><a href=\"https:\/\/youtube.com\/playlist?list=PLP6snldMdXI0gmPQs48KjI1tsE0EqASFh\">Kalvos<\/a><\/li><li><a href=\"https:\/\/youtube.com\/playlist?list=PLQN5VEmj6_uptHsQxgcqEw5B8ZDopUYWi\">Ichtus<\/a><\/li><li><a href=\"https:\/\/youtu.be\/k4N5w1JzU1Q\">Veikli\u0173j\u0173 \u017emoni\u0173 bendrijos giesm\u0117s<\/a><\/li><li><a href=\"https:\/\/vzb.lt\/giesmes\/\" target=\"_blank\" rel=\"noreferrer noopener\" title=\"Veikli\u0173j\u0173 \u017emoni\u0173 bendrija - giesm\u0117s\">Dar v\u017eb giesmi\u0173<\/a><\/li><li><a href=\"https:\/\/youtu.be\/1cBfaSuQgTs\">\u010ceslovas<\/a><\/li><\/ul>\n<\/div>\n\n\n\n<div class=\"wp-block-column is-layout-flow wp-block-column-is-layout-flow\">\n<h4 class=\"wp-block-heading\" id=\"zmoniu-liudijimai-kaip-dievas-pakeite-ju-gyvenima-mokymai-ir-kt\">\u017dmoni\u0173 liudijimai, kaip Dievas pakeit\u0117 j\u0173 gyvenim\u0105, mokymai ir kt.<\/h4>\n\n\n\n<p>XFM radio laidos <a href=\"https:\/\/www.youtube.com\/watch?v=VhUavCzXZZ8&amp;list=PLFHv2IR9XICLQM4o7ZeRvIQ0V5hlB67DJ\" title=\"Youtube.com - XFM - i\u0161 mirties \u012f gyvenim\u0105\">i\u0161 mirties \u012f gyvenim\u0105<\/a>.<\/p>\n\n\n\n<p>v\u017eb liudijimai <a href=\"http:\/\/www.marijosradijas.lt\/dievasgydo.html\" title=\"marijosradijas.lt -  Dievas gydo\">Dievas gydo<\/a> laidose per <a href=\"http:\/\/www.marijosradijas.lt\/laidos.html\" title=\"marijosradijas.lt - laidos\">Marijos radij\u0105<\/a>.<\/p>\n\n\n\n<p>Ie\u0161kokite <a href=\"https:\/\/www.youtube.com\/results?search_query=liudijimas\" title=\"Youtube.com - liudijimas\">youtube.com<\/a> \u017emoni\u0173 pasakojim\u0173 pagal raktin\u012f \u017eod\u012f &#8220;liudijimas&#8221;.<\/p>\n\n\n\n<p>Pastorius <a href=\"https:\/\/youtu.be\/6Oq7pqTVjHQ\" target=\"_blank\" rel=\"noreferrer noopener\">Badri Eradze<\/a> <\/p>\n\n\n\n<p>Dar <a href=\"https:\/\/youtu.be\/3omYK0ux7to\" target=\"_blank\" rel=\"noreferrer noopener\">Badri Eradze<\/a><\/p>\n\n\n\n<p>Jei suprantate kitas kalbas, paie\u0161kokite liudijim\u0173 ir kitomis kalbimis, kaip \u017emon\u0117s nuo buvusi\u0173 tik\u0117jim\u0173 atsivert\u0117 \u012f J\u0117z\u0173. <\/p>\n\n\n\n<p><strong>Resursai, mokymai, liudijimai angl\u0173 kalba:<\/strong><\/p>\n\n\n\n<p>Egzorcistas <a href=\"https:\/\/www.youtube.com\/watch?v=ETJaEjbHkaU\" title=\"Youtube.com - Chad Ripperger\">Chad Ripperger<\/a> Youtube kanalas <a href=\"https:\/\/www.youtube.com\/channel\/UC3x3gDTqUYy_bFZWS-U_mZQ\" title=\"Youtube.com - Sensus Fidelium\">Sensus Fidelium<\/a>. Daug informacijos apie dvasin\u0117s kovos ginklus ir kt.<\/p>\n\n\n\n<p> <strong>Resursai, mokymai, liudijimai rus\u0173 kalba:<\/strong> <\/p>\n\n\n\n<p>I\u0161gydymo mokykla <a href=\"http:\/\/gnm.org.ua\" title=\"I\u0161gydymo mokykla\">pastoriai Bogdanas ir Liudmila Demborinskiai<\/a><\/p>\n\n\n\n<p><\/p>\n\n\n\n<p><\/p>\n<\/div>\n<\/div>\n<\/div><\/div>\n<\/div>\n<\/div>\n\n\n\n<div class=\"inherit-container-width wp-block-group alignfull has-white-background-color has-background is-layout-constrained wp-block-group-is-layout-constrained\"><div class=\"wp-block-group__inner-container\">\n<div class=\"wp-block-columns is-layout-flex wp-container-core-columns-is-layout-28f84493 wp-block-columns-is-layout-flex\">\n<div class=\"wp-block-column is-layout-flow wp-block-column-is-layout-flow\">\n<h4 class=\"wp-block-heading\" id=\"biblija\">Biblija<\/h4>\n\n\n\n<p><a href=\"http:\/\/biblija.lt\/index.aspx\/lt_vertimai\/leidimai\/b_rk_e1999\/kn_skyriai\/\" title=\"biblija.lt\">Biblija.lt<\/a> &#8211; biblijos tekstai lietuvi\u0173 kalba<\/p>\n\n\n\n<figure class=\"wp-block-image size-full\"><img loading=\"lazy\" decoding=\"async\" width=\"729\" height=\"221\" src=\"https:\/\/jgs.lt\/wp-content\/uploads\/2022\/01\/Screenshot_2022-01-08-20-54-012.jpeg\" alt=\"\" class=\"wp-image-530\" srcset=\"https:\/\/jgs.lt\/wp-content\/uploads\/2022\/01\/Screenshot_2022-01-08-20-54-012.jpeg 729w, https:\/\/jgs.lt\/wp-content\/uploads\/2022\/01\/Screenshot_2022-01-08-20-54-012-300x91.jpeg 300w\" sizes=\"auto, (max-width: 729px) 100vw, 729px\" \/><figcaption>Android programa. 73 biblijos knygos.<\/figcaption><\/figure>\n\n\n\n<figure class=\"wp-block-image size-full\"><img loading=\"lazy\" decoding=\"async\" width=\"803\" height=\"154\" src=\"https:\/\/jgs.lt\/wp-content\/uploads\/2022\/01\/Screenshot_2022-01-08-20-52-282.jpeg\" alt=\"\" class=\"wp-image-532\" srcset=\"https:\/\/jgs.lt\/wp-content\/uploads\/2022\/01\/Screenshot_2022-01-08-20-52-282.jpeg 803w, https:\/\/jgs.lt\/wp-content\/uploads\/2022\/01\/Screenshot_2022-01-08-20-52-282-300x58.jpeg 300w, https:\/\/jgs.lt\/wp-content\/uploads\/2022\/01\/Screenshot_2022-01-08-20-52-282-768x147.jpeg 768w\" sizes=\"auto, (max-width: 803px) 100vw, 803px\" \/><figcaption>Android programa, kuri\u0105 naudoju kazdien. Labai patogi, galima per nuorodas ir i\u0161na\u0161as ie\u0161koti susijusi\u0173 ra\u0161to eilu\u010di\u0173. I\u0161sisaugoti patikusias eilutes. Daugyb\u0117 kalb\u0173 biblijos. 66 biblijos knygos.<\/figcaption><\/figure>\n<\/div>\n\n\n\n<div class=\"wp-block-column is-layout-flow wp-block-column-is-layout-flow\"><\/div>\n<\/div>\n<\/div><\/div>\n\n\n\n<p><a href=\"https:\/\/jgs.lt\/\" title=\"Prad\u017eia\">\u012e prad\u017eios puslap\u012f<\/a><\/p>\n","protected":false},"excerpt":{"rendered":"<p>English \u010cia sud\u0117jau \u012fvairi\u0105 med\u017eiag\u0105, kuri padeda kasdien palaikyti dvasin\u012f lyg\u012f. Pastudijuokite. Klausykite muzik\u0105, liudijimus, paskaitas, skaitykite \u0161v. ra\u0161t\u0105, kad piktasis tur\u0117t\u0173 ma\u017eiau eterio laiko j\u016bs\u0173 galvoje. Dar labai svarbu yra i\u0161jungti t\u0105 pasaulio dvasios propaguotoj\u0105 &#8211; televizori\u0173. \u0160lovinimo giesm\u0117s \u0160lovinimo giesm\u0117s yra tas \u012frankis, kuris padeda dienos b\u0117gyje palaikyti galvoje mintis apie Diev\u0105, apie [&hellip;]<\/p>\n","protected":false},"author":1,"featured_media":0,"parent":0,"menu_order":2,"comment_status":"closed","ping_status":"closed","template":"","meta":{"om_disable_all_campaigns":false,"_monsterinsights_skip_tracking":false,"_monsterinsights_sitenote_active":false,"_monsterinsights_sitenote_note":"","_monsterinsights_sitenote_category":0,"site-sidebar-layout":"default","site-content-layout":"plain-container","ast-site-content-layout":"default","site-content-style":"default","site-sidebar-style":"default","ast-global-header-display":"","ast-banner-title-visibility":"","ast-main-header-display":"","ast-hfb-above-header-display":"","ast-hfb-below-header-display":"","ast-hfb-mobile-header-display":"","site-post-title":"disabled","ast-breadcrumbs-content":"","ast-featured-img":"","footer-sml-layout":"","ast-disable-related-posts":"","theme-transparent-header-meta":"default","adv-header-id-meta":"","stick-header-meta":"","header-above-stick-meta":"","header-main-stick-meta":"","header-below-stick-meta":"","astra-migrate-meta-layouts":"default","ast-page-background-enabled":"default","ast-page-background-meta":{"desktop":{"background-color":"","background-image":"","background-repeat":"repeat","background-position":"center center","background-size":"auto","background-attachment":"scroll","background-type":"","background-media":"","overlay-type":"","overlay-color":"","overlay-opacity":"","overlay-gradient":""},"tablet":{"background-color":"","background-image":"","background-repeat":"repeat","background-position":"center center","background-size":"auto","background-attachment":"scroll","background-type":"","background-media":"","overlay-type":"","overlay-color":"","overlay-opacity":"","overlay-gradient":""},"mobile":{"background-color":"","background-image":"","background-repeat":"repeat","background-position":"center center","background-size":"auto","background-attachment":"scroll","background-type":"","background-media":"","overlay-type":"","overlay-color":"","overlay-opacity":"","overlay-gradient":""}},"ast-content-background-meta":{"desktop":{"background-color":"var(--ast-global-color-5)","background-image":"","background-repeat":"repeat","background-position":"center center","background-size":"auto","background-attachment":"scroll","background-type":"","background-media":"","overlay-type":"","overlay-color":"","overlay-opacity":"","overlay-gradient":""},"tablet":{"background-color":"var(--ast-global-color-5)","background-image":"","background-repeat":"repeat","background-position":"center center","background-size":"auto","background-attachment":"scroll","background-type":"","background-media":"","overlay-type":"","overlay-color":"","overlay-opacity":"","overlay-gradient":""},"mobile":{"background-color":"var(--ast-global-color-5)","background-image":"","background-repeat":"repeat","background-position":"center center","background-size":"auto","background-attachment":"scroll","background-type":"","background-media":"","overlay-type":"","overlay-color":"","overlay-opacity":"","overlay-gradient":""}},"footnotes":""},"class_list":["post-130","page","type-page","status-publish","hentry"],"aioseo_notices":[],"_links":{"self":[{"href":"https:\/\/jgs.lt\/index.php\/wp-json\/wp\/v2\/pages\/130","targetHints":{"allow":["GET"]}}],"collection":[{"href":"https:\/\/jgs.lt\/index.php\/wp-json\/wp\/v2\/pages"}],"about":[{"href":"https:\/\/jgs.lt\/index.php\/wp-json\/wp\/v2\/types\/page"}],"author":[{"embeddable":true,"href":"https:\/\/jgs.lt\/index.php\/wp-json\/wp\/v2\/users\/1"}],"replies":[{"embeddable":true,"href":"https:\/\/jgs.lt\/index.php\/wp-json\/wp\/v2\/comments?post=130"}],"version-history":[{"count":57,"href":"https:\/\/jgs.lt\/index.php\/wp-json\/wp\/v2\/pages\/130\/revisions"}],"predecessor-version":[{"id":953,"href":"https:\/\/jgs.lt\/index.php\/wp-json\/wp\/v2\/pages\/130\/revisions\/953"}],"wp:attachment":[{"href":"https:\/\/jgs.lt\/index.php\/wp-json\/wp\/v2\/media?parent=130"}],"curies":[{"name":"wp","href":"https:\/\/api.w.org\/{rel}","templated":true}]}}