{"id":206,"date":"2022-01-02T18:18:26","date_gmt":"2022-01-02T18:18:26","guid":{"rendered":"https:\/\/jgs.lt\/?page_id=206"},"modified":"2022-07-11T17:20:01","modified_gmt":"2022-07-11T14:20:01","slug":"39temperatura","status":"publish","type":"page","link":"https:\/\/jgs.lt\/index.php\/liudijimai\/39temperatura\/","title":{"rendered":"39*C temperat\u016bra"},"content":{"rendered":"\n<div class=\"wp-block-cover alignfull is-light\" style=\"min-height:217px;aspect-ratio:unset;\"><span aria-hidden=\"true\" class=\"wp-block-cover__background has-background-dim\"><\/span><img loading=\"lazy\" decoding=\"async\" width=\"1024\" height=\"340\" class=\"wp-block-cover__image-background wp-image-71\" alt=\"\" src=\"https:\/\/jgs.lt\/wp-content\/uploads\/2020\/09\/services-bg-1024x340.jpg\" data-object-fit=\"cover\" srcset=\"https:\/\/jgs.lt\/wp-content\/uploads\/2020\/09\/services-bg-1024x340.jpg 1024w, https:\/\/jgs.lt\/wp-content\/uploads\/2020\/09\/services-bg-300x100.jpg 300w, https:\/\/jgs.lt\/wp-content\/uploads\/2020\/09\/services-bg-768x255.jpg 768w, https:\/\/jgs.lt\/wp-content\/uploads\/2020\/09\/services-bg-1536x510.jpg 1536w, https:\/\/jgs.lt\/wp-content\/uploads\/2020\/09\/services-bg.jpg 1920w\" sizes=\"auto, (max-width: 1024px) 100vw, 1024px\" \/><div class=\"wp-block-cover__inner-container is-layout-flow wp-block-cover-is-layout-flow\">\n<p class=\"has-text-align-center has-large-font-size\"><strong>Liudijimai<\/strong><\/p>\n<\/div><\/div>\n\n\n\n<p><a href=\"https:\/\/jgs.lt\/en\/index.php\/testimonies\/39c-temperature\/\" title=\"English\"><strong>English<\/strong><\/a><\/p>\n\n\n\n<h3 class=\"has-text-align-center wp-block-heading\" id=\"39-c-temperaturos-suvaldymas-per-viena-diena\"><strong>39 *C temperat\u016bros suvaldymas per vien\u0105 dien\u0105<\/strong><\/h3>\n\n\n\n<p>2020.02.10 Su \u017emona suplanavom savaitgal\u012f praleisti dviese, vaikus pridav\u0117m mo\u010diutei ir i\u0161va\u017eiavom \u012f Anyk\u0161\u010dius pasispaciruoti. Atrodo ir neper\u0161alau, bet vakare prad\u0117jo purtyti drebulys ir &#8220;skrusd\u0117lyt\u0117s&#8221; po k\u016bn\u0105 lakstyt. Apie 18 -19 val. para\u0161iau vyrams i\u0161 vyr\u0173 brolijos ir i\u0161 veikli\u0173j\u0173 \u017emoni\u0173 bendrijos, kuriuos pa\u017einojau, su kuriais labiau bendravom. Para\u0161iau gal 8 &#8211; 9 \u017emon\u0117ms sms \u017einutes su pra\u0161ymu pasimelsti, d\u0117l \u0161itos situacijos. Drebulys toliau kr\u0117t\u0117 iki 22 val. ir jau buvo 38,9*C. \u017dmona dav\u0117 ka\u017ekoki\u0173 miltuk\u0173 kaip teraflu, nuo temperat\u016bros, o a\u0161 prisirengiau daugiau rub\u0173 ir stengiausi palaikyt temperat\u016br\u0105, kad ji u\u017emu\u0161t\u0173 virus\u0105. Vis\u0105 nakt\u012f laik\u0117si temperat\u016bra. Vis nusirengdavau po r\u016bb\u0105, kai kar\u0161ta pasidarydavo, kad neb\u016bt\u0173 per kar\u0161ta. Ryte 6.00 temperat\u016bra jau buvo apie 37,5<em>C, o, 8.00 jau 36,6<\/em>C. Dar vis\u0105 dien\u0105 prasivar\u010diau lovoj. Pad\u0117kojau vyrams u\u017e maldas ir pavakary jau atsirado j\u0117g\u0173 darbui. Po to dar vis\u0105 savait\u0119 i\u0161sikosin\u0117jau, bet liga nesugr\u012f\u017eo ir artim\u0173j\u0173 neu\u017ekr\u0117t\u0117, buvau darbingas. Ir kosulys buvo \u0161lapias ir \u0161velnus, gerkl\u0117s neskaud\u0117jo ir nedrask\u0117. Joki\u0173 kit\u0173 vaist\u0173 nevartojau, i\u0161skyrus tuos miltelius pirm\u0105 vakar\u0105. Malda turi savo poveik\u012f. Dievas n\u0117ra kur\u010dias, bet geras ir norintis mums pad\u0117ti m\u016bs\u0173 sunkumuose. Jam pad\u0117ka ir gyrius u\u017e jo meil\u0119 mums.<\/p>\n\n\n\n<p><a href=\"https:\/\/jgs.lt\/index.php\/pradzia\/liudijimai\/\" title=\"Liudijimai\">Gr\u012f\u017eti \u012f liudijimus<\/a><\/p>\n","protected":false},"excerpt":{"rendered":"<p>English 39 *C temperat\u016bros suvaldymas per vien\u0105 dien\u0105 2020.02.10 Su \u017emona suplanavom savaitgal\u012f praleisti dviese, vaikus pridav\u0117m mo\u010diutei ir i\u0161va\u017eiavom \u012f Anyk\u0161\u010dius pasispaciruoti. Atrodo ir neper\u0161alau, bet vakare prad\u0117jo purtyti drebulys ir &#8220;skrusd\u0117lyt\u0117s&#8221; po k\u016bn\u0105 lakstyt. Apie 18 -19 val. para\u0161iau vyrams i\u0161 vyr\u0173 brolijos ir i\u0161 veikli\u0173j\u0173 \u017emoni\u0173 bendrijos, kuriuos pa\u017einojau, su kuriais labiau [&hellip;]<\/p>\n","protected":false},"author":1,"featured_media":0,"parent":8,"menu_order":4,"comment_status":"open","ping_status":"closed","template":"","meta":{"om_disable_all_campaigns":false,"_monsterinsights_skip_tracking":false,"_monsterinsights_sitenote_active":false,"_monsterinsights_sitenote_note":"","_monsterinsights_sitenote_category":0,"site-sidebar-layout":"default","site-content-layout":"plain-container","ast-site-content-layout":"default","site-content-style":"default","site-sidebar-style":"default","ast-global-header-display":"","ast-banner-title-visibility":"","ast-main-header-display":"","ast-hfb-above-header-display":"","ast-hfb-below-header-display":"","ast-hfb-mobile-header-display":"","site-post-title":"disabled","ast-breadcrumbs-content":"","ast-featured-img":"","footer-sml-layout":"","ast-disable-related-posts":"","theme-transparent-header-meta":"enabled","adv-header-id-meta":"","stick-header-meta":"","header-above-stick-meta":"","header-main-stick-meta":"","header-below-stick-meta":"","astra-migrate-meta-layouts":"default","ast-page-background-enabled":"default","ast-page-background-meta":{"desktop":{"background-color":"","background-image":"","background-repeat":"repeat","background-position":"center center","background-size":"auto","background-attachment":"scroll","background-type":"","background-media":"","overlay-type":"","overlay-color":"","overlay-opacity":"","overlay-gradient":""},"tablet":{"background-color":"","background-image":"","background-repeat":"repeat","background-position":"center center","background-size":"auto","background-attachment":"scroll","background-type":"","background-media":"","overlay-type":"","overlay-color":"","overlay-opacity":"","overlay-gradient":""},"mobile":{"background-color":"","background-image":"","background-repeat":"repeat","background-position":"center center","background-size":"auto","background-attachment":"scroll","background-type":"","background-media":"","overlay-type":"","overlay-color":"","overlay-opacity":"","overlay-gradient":""}},"ast-content-background-meta":{"desktop":{"background-color":"var(--ast-global-color-5)","background-image":"","background-repeat":"repeat","background-position":"center center","background-size":"auto","background-attachment":"scroll","background-type":"","background-media":"","overlay-type":"","overlay-color":"","overlay-opacity":"","overlay-gradient":""},"tablet":{"background-color":"var(--ast-global-color-5)","background-image":"","background-repeat":"repeat","background-position":"center center","background-size":"auto","background-attachment":"scroll","background-type":"","background-media":"","overlay-type":"","overlay-color":"","overlay-opacity":"","overlay-gradient":""},"mobile":{"background-color":"var(--ast-global-color-5)","background-image":"","background-repeat":"repeat","background-position":"center center","background-size":"auto","background-attachment":"scroll","background-type":"","background-media":"","overlay-type":"","overlay-color":"","overlay-opacity":"","overlay-gradient":""}},"footnotes":""},"class_list":["post-206","page","type-page","status-publish","hentry"],"aioseo_notices":[],"_links":{"self":[{"href":"https:\/\/jgs.lt\/index.php\/wp-json\/wp\/v2\/pages\/206","targetHints":{"allow":["GET"]}}],"collection":[{"href":"https:\/\/jgs.lt\/index.php\/wp-json\/wp\/v2\/pages"}],"about":[{"href":"https:\/\/jgs.lt\/index.php\/wp-json\/wp\/v2\/types\/page"}],"author":[{"embeddable":true,"href":"https:\/\/jgs.lt\/index.php\/wp-json\/wp\/v2\/users\/1"}],"replies":[{"embeddable":true,"href":"https:\/\/jgs.lt\/index.php\/wp-json\/wp\/v2\/comments?post=206"}],"version-history":[{"count":10,"href":"https:\/\/jgs.lt\/index.php\/wp-json\/wp\/v2\/pages\/206\/revisions"}],"predecessor-version":[{"id":966,"href":"https:\/\/jgs.lt\/index.php\/wp-json\/wp\/v2\/pages\/206\/revisions\/966"}],"up":[{"embeddable":true,"href":"https:\/\/jgs.lt\/index.php\/wp-json\/wp\/v2\/pages\/8"}],"wp:attachment":[{"href":"https:\/\/jgs.lt\/index.php\/wp-json\/wp\/v2\/media?parent=206"}],"curies":[{"name":"wp","href":"https:\/\/api.w.org\/{rel}","templated":true}]}}