{"id":209,"date":"2022-01-02T18:21:23","date_gmt":"2022-01-02T18:21:23","guid":{"rendered":"https:\/\/jgs.lt\/?page_id=209"},"modified":"2023-02-14T16:10:55","modified_gmt":"2023-02-14T14:10:55","slug":"prosenelis","status":"publish","type":"page","link":"https:\/\/jgs.lt\/index.php\/liudijimai\/prosenelis\/","title":{"rendered":"Prosenelis"},"content":{"rendered":"\n<div class=\"wp-block-cover alignfull is-light\" style=\"min-height:200px;aspect-ratio:unset;\"><span aria-hidden=\"true\" class=\"wp-block-cover__background has-background-dim-40 has-background-dim\"><\/span><img loading=\"lazy\" decoding=\"async\" width=\"1024\" height=\"340\" class=\"wp-block-cover__image-background wp-image-71\" alt=\"\" src=\"https:\/\/jgs.lt\/wp-content\/uploads\/2020\/09\/services-bg-1024x340.jpg\" style=\"object-position:4% 27%\" data-object-fit=\"cover\" data-object-position=\"4% 27%\" srcset=\"https:\/\/jgs.lt\/wp-content\/uploads\/2020\/09\/services-bg-1024x340.jpg 1024w, https:\/\/jgs.lt\/wp-content\/uploads\/2020\/09\/services-bg-300x100.jpg 300w, https:\/\/jgs.lt\/wp-content\/uploads\/2020\/09\/services-bg-768x255.jpg 768w, https:\/\/jgs.lt\/wp-content\/uploads\/2020\/09\/services-bg-1536x510.jpg 1536w, https:\/\/jgs.lt\/wp-content\/uploads\/2020\/09\/services-bg.jpg 1920w\" sizes=\"auto, (max-width: 1024px) 100vw, 1024px\" \/><div class=\"wp-block-cover__inner-container is-layout-flow wp-block-cover-is-layout-flow\">\n<p class=\"has-text-align-center has-large-font-size\"><strong>Liudijimai<\/strong><\/p>\n<\/div><\/div>\n\n\n\n<p><a href=\"https:\/\/jgs.lt\/en\/index.php\/testimonies\/great-grandfather\/\" title=\"English\"><strong>English<\/strong><\/a><\/p>\n\n\n\n<h3 class=\"has-text-align-center wp-block-heading\" id=\"kaip-prosenelis-buvo-isgelbetas-nuo-mirties\"><strong>Prosenelis i\u0161gelb\u0117tas nuo mirties<\/strong><\/h3>\n\n\n\n<p>Ukrainos karo kontekste noriu pasidalinti mano prosenelio liudijimu, kaip jis stebuklingu b\u016bdu buvo i\u0161gelb\u0117tas nuo mirties pirmame pasauliniame kare. Dievas yra gailestingas ir r\u016bpinasi mumis. Visa garb\u0117 Tau, Dangi\u0161kasis T\u0117ve.<\/p>\n\n\n\n<p>Mano prosenelis kariavo pirmam pasauliniam kare. Ir sakydavo, kad kai reik\u0117jo \u0161audyti \u012f \u017emones, tai \u0161audydavo arba vir\u0161 galv\u0173, arba po kojom. Gal tod\u0117l jis ir buvo i\u0161gelb\u0117tas nuo mirties tame kare. Jis pasakojo, kad vien\u0105 nakt\u012f buvo stebuklingai i\u0161gelb\u0117tas nuo mirties. T\u0105 nakt\u012f j\u0173 b\u016brys ar grup\u0117 kareivi\u0173 miegojo m\u016b\u0161io lauke ir jis per miegus i\u0161girdo \u017eod\u017eius : &#8220;kelkis ir eik i\u0161 \u010dia&#8221;. Jis nubudo, apsidair\u0117. Nu niekas jo niekur nevaro. Pagalvojo, kad susapnavo, ir toliau miegojo. Po kiek laiko ir v\u0117l girdi: &#8220;kelkis ir eik i\u0161 \u010dia&#8221;. Jis v\u0117l nubudo, apsidair\u0117 ir nieko aplink nepamat\u0119s v\u0117l nu\u0117jo miegot. Po kiek laiko v\u0117l tas pats balsas, v\u0117l \u017eadina, tik \u0161\u012f kart jau piktai:&#8221; kelkis ir b\u0117k i\u0161 \u010dia, kod\u0117l neklausai&#8221;. Prosenelis pagaliau nusprend\u0117 paklausyt ir pasik\u0117l\u0119s i\u0161 mieg\u0173 savo draug\u0105, \u0117m\u0117 b\u0117gti i\u0161 tos vietos. Jiems toli net nenub\u0117gus, \u012f t\u0105 viet\u0105, kur jie miegojo, atskrido artilerijos sviedinys ir visus ten miegojusius u\u017emu\u0161\u0117, o mano prosenelis su draugu liko gyvi.<\/p>\n\n\n\n<p><a href=\"https:\/\/jgs.lt\/index.php\/pradzia\/liudijimai\/\" title=\"Liudijimai\">Gr\u012f\u017eti \u012f liudijimus<\/a><\/p>\n","protected":false},"excerpt":{"rendered":"<p>English Prosenelis i\u0161gelb\u0117tas nuo mirties Ukrainos karo kontekste noriu pasidalinti mano prosenelio liudijimu, kaip jis stebuklingu b\u016bdu buvo i\u0161gelb\u0117tas nuo mirties pirmame pasauliniame kare. Dievas yra gailestingas ir r\u016bpinasi mumis. Visa garb\u0117 Tau, Dangi\u0161kasis T\u0117ve. Mano prosenelis kariavo pirmam pasauliniam kare. Ir sakydavo, kad kai reik\u0117jo \u0161audyti \u012f \u017emones, tai \u0161audydavo arba vir\u0161 galv\u0173, arba [&hellip;]<\/p>\n","protected":false},"author":1,"featured_media":0,"parent":8,"menu_order":1,"comment_status":"open","ping_status":"closed","template":"","meta":{"om_disable_all_campaigns":false,"_monsterinsights_skip_tracking":false,"_monsterinsights_sitenote_active":false,"_monsterinsights_sitenote_note":"","_monsterinsights_sitenote_category":0,"site-sidebar-layout":"default","site-content-layout":"","ast-site-content-layout":"default","site-content-style":"default","site-sidebar-style":"default","ast-global-header-display":"","ast-banner-title-visibility":"","ast-main-header-display":"","ast-hfb-above-header-display":"","ast-hfb-below-header-display":"","ast-hfb-mobile-header-display":"","site-post-title":"disabled","ast-breadcrumbs-content":"","ast-featured-img":"","footer-sml-layout":"","ast-disable-related-posts":"","theme-transparent-header-meta":"enabled","adv-header-id-meta":"","stick-header-meta":"","header-above-stick-meta":"","header-main-stick-meta":"","header-below-stick-meta":"","astra-migrate-meta-layouts":"default","ast-page-background-enabled":"default","ast-page-background-meta":{"desktop":{"background-color":"","background-image":"","background-repeat":"repeat","background-position":"center center","background-size":"auto","background-attachment":"scroll","background-type":"","background-media":"","overlay-type":"","overlay-color":"","overlay-opacity":"","overlay-gradient":""},"tablet":{"background-color":"","background-image":"","background-repeat":"repeat","background-position":"center center","background-size":"auto","background-attachment":"scroll","background-type":"","background-media":"","overlay-type":"","overlay-color":"","overlay-opacity":"","overlay-gradient":""},"mobile":{"background-color":"","background-image":"","background-repeat":"repeat","background-position":"center center","background-size":"auto","background-attachment":"scroll","background-type":"","background-media":"","overlay-type":"","overlay-color":"","overlay-opacity":"","overlay-gradient":""}},"ast-content-background-meta":{"desktop":{"background-color":"var(--ast-global-color-5)","background-image":"","background-repeat":"repeat","background-position":"center center","background-size":"auto","background-attachment":"scroll","background-type":"","background-media":"","overlay-type":"","overlay-color":"","overlay-opacity":"","overlay-gradient":""},"tablet":{"background-color":"var(--ast-global-color-5)","background-image":"","background-repeat":"repeat","background-position":"center center","background-size":"auto","background-attachment":"scroll","background-type":"","background-media":"","overlay-type":"","overlay-color":"","overlay-opacity":"","overlay-gradient":""},"mobile":{"background-color":"var(--ast-global-color-5)","background-image":"","background-repeat":"repeat","background-position":"center center","background-size":"auto","background-attachment":"scroll","background-type":"","background-media":"","overlay-type":"","overlay-color":"","overlay-opacity":"","overlay-gradient":""}},"footnotes":""},"class_list":["post-209","page","type-page","status-publish","hentry"],"aioseo_notices":[],"_links":{"self":[{"href":"https:\/\/jgs.lt\/index.php\/wp-json\/wp\/v2\/pages\/209","targetHints":{"allow":["GET"]}}],"collection":[{"href":"https:\/\/jgs.lt\/index.php\/wp-json\/wp\/v2\/pages"}],"about":[{"href":"https:\/\/jgs.lt\/index.php\/wp-json\/wp\/v2\/types\/page"}],"author":[{"embeddable":true,"href":"https:\/\/jgs.lt\/index.php\/wp-json\/wp\/v2\/users\/1"}],"replies":[{"embeddable":true,"href":"https:\/\/jgs.lt\/index.php\/wp-json\/wp\/v2\/comments?post=209"}],"version-history":[{"count":10,"href":"https:\/\/jgs.lt\/index.php\/wp-json\/wp\/v2\/pages\/209\/revisions"}],"predecessor-version":[{"id":1000,"href":"https:\/\/jgs.lt\/index.php\/wp-json\/wp\/v2\/pages\/209\/revisions\/1000"}],"up":[{"embeddable":true,"href":"https:\/\/jgs.lt\/index.php\/wp-json\/wp\/v2\/pages\/8"}],"wp:attachment":[{"href":"https:\/\/jgs.lt\/index.php\/wp-json\/wp\/v2\/media?parent=209"}],"curies":[{"name":"wp","href":"https:\/\/api.w.org\/{rel}","templated":true}]}}