{"id":218,"date":"2022-01-02T20:35:38","date_gmt":"2022-01-02T20:35:38","guid":{"rendered":"https:\/\/jgs.lt\/?page_id=218"},"modified":"2023-02-14T16:14:19","modified_gmt":"2023-02-14T14:14:19","slug":"mociute","status":"publish","type":"page","link":"https:\/\/jgs.lt\/index.php\/liudijimai\/mociute\/","title":{"rendered":"Mo\u010diut\u0117"},"content":{"rendered":"\n<div class=\"wp-block-cover alignfull is-light has-custom-content-position is-position-top-center\" style=\"min-height:200px;aspect-ratio:unset;\"><span aria-hidden=\"true\" class=\"wp-block-cover__background has-background-dim-40 has-background-dim\"><\/span><img loading=\"lazy\" decoding=\"async\" width=\"1024\" height=\"340\" class=\"wp-block-cover__image-background wp-image-71\" alt=\"\" src=\"https:\/\/jgs.lt\/wp-content\/uploads\/2020\/09\/services-bg-1024x340.jpg\" style=\"object-position:4% 27%\" data-object-fit=\"cover\" data-object-position=\"4% 27%\" srcset=\"https:\/\/jgs.lt\/wp-content\/uploads\/2020\/09\/services-bg-1024x340.jpg 1024w, https:\/\/jgs.lt\/wp-content\/uploads\/2020\/09\/services-bg-300x100.jpg 300w, https:\/\/jgs.lt\/wp-content\/uploads\/2020\/09\/services-bg-768x255.jpg 768w, https:\/\/jgs.lt\/wp-content\/uploads\/2020\/09\/services-bg-1536x510.jpg 1536w, https:\/\/jgs.lt\/wp-content\/uploads\/2020\/09\/services-bg.jpg 1920w\" sizes=\"auto, (max-width: 1024px) 100vw, 1024px\" \/><div class=\"wp-block-cover__inner-container is-layout-flow wp-block-cover-is-layout-flow\">\n<p class=\"has-text-align-center has-large-font-size\"><strong>Liudijimai<\/strong><\/p>\n<\/div><\/div>\n\n\n\n<p><a href=\"https:\/\/jgs.lt\/en\/index.php\/testimonies\/grandma\/\" title=\"English\"><strong>English<\/strong><\/a><\/p>\n\n\n\n<h3 class=\"has-text-align-center wp-block-heading\" id=\"kaip-mano-mociutei-is-mamos-puses-visiskai-nepazistamas-zmogus-paskolino-pinigu\"><strong>Kaip mano mo\u010diutei, i\u0161 mamos pus\u0117s, visi\u0161kai nepa\u017e\u012fstamas \u017emogus paskolino pinig\u0173<\/strong><\/h3>\n\n\n\n<p>Dievas i\u0161klauso kar\u0161tas, sudu\u017eusios \u0161irdies \u017emogaus maldas, kuris tiki, kad tik Dievas gali i\u0161spr\u0119sti jo esamas problemas.<\/p>\n\n\n\n<p class=\"has-text-align-left\">Kai \u0117jo melioracija, ir i\u0161 uly\u010dios tipo gyvenvie\u010di\u0173 \u017emon\u0117ms liep\u0117 keltis \u012f vienkiemius, o senus namus nuversdavo, mano mo\u010diut\u0117 ir dar dvi seserys nenor\u0117jo ka\u017ekur keltis, nes negi gali trys mergos namus su visais tvartais pasistatyt, tod\u0117l joms reik\u0117jo atpirki i\u0161 pusbrolio ar tai \u017eem\u0119, ar tai trobesius ir u\u017e tai mo\u010diut\u0117 tur\u0117jo sumok\u0117t 5000 Lt, kai gera karv\u0117 tuo metu kainavo 300 Lt, o arklys 500 Lt. Tai buvo ne\u017emoni\u0161kai dideli pinigai \u016bkininkaujant ant 8 &#8211; 9 ha. Mo\u010diut\u0117 nuva\u010diavus \u012f ba\u017eny\u010di\u0105, sako: &#8220;taip kar\u0161tai meld\u017eiuosi, taip kar\u0161tai meld\u017eiuosi, kad Dievas pad\u0117t\u0173 i\u0161spr\u0119sti \u0161it\u0105 dilem\u0105&#8221;, nes toki\u0173 pinig\u0173 netur\u0117jo, kad po visko i\u0161 ba\u017eny\u010dios i\u0161\u0117jo kaip apdujus. Ir sako: &#8220;einu kur akys veda, ir at\u0117jau \u012f ka\u017ekok\u012f kiem\u0105, nepa\u017e\u012fstam\u0105.&#8221; Ir sako moteri\u0161kei \u0161eimininkei: &#8220;ne\u017einau ko \u010dia a\u0161 at\u0117jau, bet turiu toki\u0105 b\u0117d\u0105&#8221;. Ir did\u017eiausiai mo\u010diut\u0117s nuostabai, ta moteri\u0161k\u0117 tur\u0117jo tuos 5000 Lt ir sutiko juos paskolinti. Mat anks\u010diau \u017emon\u0117s vieni kitais labiau pasitik\u0117jo, nes buvo doresni. Mo\u010diut\u0117 t\u0105 skol\u0105 sugr\u0105\u017eino per 9 metus.<\/p>\n\n\n\n<p><a href=\"https:\/\/jgs.lt\/index.php\/pradzia\/liudijimai\/\" title=\"Liudijimai\">Gr\u012f\u017eti \u012f liudijimus<\/a><\/p>\n","protected":false},"excerpt":{"rendered":"<p>English Kaip mano mo\u010diutei, i\u0161 mamos pus\u0117s, visi\u0161kai nepa\u017e\u012fstamas \u017emogus paskolino pinig\u0173 Dievas i\u0161klauso kar\u0161tas, sudu\u017eusios \u0161irdies \u017emogaus maldas, kuris tiki, kad tik Dievas gali i\u0161spr\u0119sti jo esamas problemas. Kai \u0117jo melioracija, ir i\u0161 uly\u010dios tipo gyvenvie\u010di\u0173 \u017emon\u0117ms liep\u0117 keltis \u012f vienkiemius, o senus namus nuversdavo, mano mo\u010diut\u0117 ir dar dvi seserys nenor\u0117jo ka\u017ekur keltis, [&hellip;]<\/p>\n","protected":false},"author":1,"featured_media":0,"parent":8,"menu_order":1,"comment_status":"open","ping_status":"closed","template":"","meta":{"om_disable_all_campaigns":false,"_monsterinsights_skip_tracking":false,"_monsterinsights_sitenote_active":false,"_monsterinsights_sitenote_note":"","_monsterinsights_sitenote_category":0,"site-sidebar-layout":"default","site-content-layout":"plain-container","ast-site-content-layout":"default","site-content-style":"default","site-sidebar-style":"default","ast-global-header-display":"","ast-banner-title-visibility":"","ast-main-header-display":"","ast-hfb-above-header-display":"","ast-hfb-below-header-display":"","ast-hfb-mobile-header-display":"","site-post-title":"disabled","ast-breadcrumbs-content":"","ast-featured-img":"","footer-sml-layout":"","ast-disable-related-posts":"","theme-transparent-header-meta":"enabled","adv-header-id-meta":"","stick-header-meta":"","header-above-stick-meta":"","header-main-stick-meta":"","header-below-stick-meta":"","astra-migrate-meta-layouts":"default","ast-page-background-enabled":"default","ast-page-background-meta":{"desktop":{"background-color":"","background-image":"","background-repeat":"repeat","background-position":"center center","background-size":"auto","background-attachment":"scroll","background-type":"","background-media":"","overlay-type":"","overlay-color":"","overlay-opacity":"","overlay-gradient":""},"tablet":{"background-color":"","background-image":"","background-repeat":"repeat","background-position":"center center","background-size":"auto","background-attachment":"scroll","background-type":"","background-media":"","overlay-type":"","overlay-color":"","overlay-opacity":"","overlay-gradient":""},"mobile":{"background-color":"","background-image":"","background-repeat":"repeat","background-position":"center center","background-size":"auto","background-attachment":"scroll","background-type":"","background-media":"","overlay-type":"","overlay-color":"","overlay-opacity":"","overlay-gradient":""}},"ast-content-background-meta":{"desktop":{"background-color":"var(--ast-global-color-5)","background-image":"","background-repeat":"repeat","background-position":"center center","background-size":"auto","background-attachment":"scroll","background-type":"","background-media":"","overlay-type":"","overlay-color":"","overlay-opacity":"","overlay-gradient":""},"tablet":{"background-color":"var(--ast-global-color-5)","background-image":"","background-repeat":"repeat","background-position":"center center","background-size":"auto","background-attachment":"scroll","background-type":"","background-media":"","overlay-type":"","overlay-color":"","overlay-opacity":"","overlay-gradient":""},"mobile":{"background-color":"var(--ast-global-color-5)","background-image":"","background-repeat":"repeat","background-position":"center center","background-size":"auto","background-attachment":"scroll","background-type":"","background-media":"","overlay-type":"","overlay-color":"","overlay-opacity":"","overlay-gradient":""}},"footnotes":""},"class_list":["post-218","page","type-page","status-publish","hentry"],"aioseo_notices":[],"_links":{"self":[{"href":"https:\/\/jgs.lt\/index.php\/wp-json\/wp\/v2\/pages\/218","targetHints":{"allow":["GET"]}}],"collection":[{"href":"https:\/\/jgs.lt\/index.php\/wp-json\/wp\/v2\/pages"}],"about":[{"href":"https:\/\/jgs.lt\/index.php\/wp-json\/wp\/v2\/types\/page"}],"author":[{"embeddable":true,"href":"https:\/\/jgs.lt\/index.php\/wp-json\/wp\/v2\/users\/1"}],"replies":[{"embeddable":true,"href":"https:\/\/jgs.lt\/index.php\/wp-json\/wp\/v2\/comments?post=218"}],"version-history":[{"count":8,"href":"https:\/\/jgs.lt\/index.php\/wp-json\/wp\/v2\/pages\/218\/revisions"}],"predecessor-version":[{"id":1001,"href":"https:\/\/jgs.lt\/index.php\/wp-json\/wp\/v2\/pages\/218\/revisions\/1001"}],"up":[{"embeddable":true,"href":"https:\/\/jgs.lt\/index.php\/wp-json\/wp\/v2\/pages\/8"}],"wp:attachment":[{"href":"https:\/\/jgs.lt\/index.php\/wp-json\/wp\/v2\/media?parent=218"}],"curies":[{"name":"wp","href":"https:\/\/api.w.org\/{rel}","templated":true}]}}