{"id":249,"date":"2022-01-03T09:11:49","date_gmt":"2022-01-03T09:11:49","guid":{"rendered":"https:\/\/jgs.lt\/?page_id=249"},"modified":"2022-07-11T17:33:12","modified_gmt":"2022-07-11T14:33:12","slug":"ispazintis","status":"publish","type":"page","link":"https:\/\/jgs.lt\/index.php\/liudijimai\/ispazintis\/","title":{"rendered":"I\u0161pa\u017eintis"},"content":{"rendered":"\n<div class=\"wp-block-cover alignfull is-light has-custom-content-position is-position-top-center\" style=\"min-height:200px;aspect-ratio:unset;\"><span aria-hidden=\"true\" class=\"wp-block-cover__background has-background-dim-40 has-background-dim\"><\/span><img loading=\"lazy\" decoding=\"async\" width=\"1024\" height=\"340\" class=\"wp-block-cover__image-background wp-image-71\" alt=\"\" src=\"https:\/\/jgs.lt\/wp-content\/uploads\/2020\/09\/services-bg-1024x340.jpg\" style=\"object-position:4% 27%\" data-object-fit=\"cover\" data-object-position=\"4% 27%\" srcset=\"https:\/\/jgs.lt\/wp-content\/uploads\/2020\/09\/services-bg-1024x340.jpg 1024w, https:\/\/jgs.lt\/wp-content\/uploads\/2020\/09\/services-bg-300x100.jpg 300w, https:\/\/jgs.lt\/wp-content\/uploads\/2020\/09\/services-bg-768x255.jpg 768w, https:\/\/jgs.lt\/wp-content\/uploads\/2020\/09\/services-bg-1536x510.jpg 1536w, https:\/\/jgs.lt\/wp-content\/uploads\/2020\/09\/services-bg.jpg 1920w\" sizes=\"auto, (max-width: 1024px) 100vw, 1024px\" \/><div class=\"wp-block-cover__inner-container is-layout-flow wp-block-cover-is-layout-flow\">\n<p class=\"has-large-font-size\"><strong>Liudijimai<\/strong><\/p>\n<\/div><\/div>\n\n\n\n<p><a href=\"https:\/\/jgs.lt\/en\/index.php\/testimonies\/confession\/\" title=\"English\"><strong>English<\/strong><\/a><\/p>\n\n\n\n<h3 class=\"has-text-align-center wp-block-heading\" id=\"ispazinties-poveikis-man\"><strong>I\u0161pa\u017einties poveikis man<\/strong><\/h3>\n\n\n\n<p>1989 &#8211; 90 metais, ar ka\u017ekelintais metais tiksliai neprisimenu, i\u0161 Anyk\u0161\u010di\u0173 rajono atva\u017eiavus gyventi \u012f Kupi\u0161kio rajon\u0105, ir \u0117mus tarnauti ba\u017eny\u010dioje mi\u0161ioms, a\u0161 pajutau, kad po i\u0161pa\u017einties, man palengv\u0117ja &#8211; tarsi akmuo nuo kr\u016btin\u0117s nukrenta. Ne\u017einau, kuriais tai tiksliai metais buvo, bet atsimenu, kad 9-toj klas\u0117j klasiokui u\u017eklausus:&#8221;k\u0105 a\u0161 randu toje ba\u017eny\u010dioje?&#8221;, nes mus su broliu kiti da\u017enai pa\u0161iepdavo d\u0117l ba\u017eny\u010dios lankymo, tais ir ankstesniais metais. A\u0161 atsimenu, kaip a\u0161 jam liudijau, kad:&#8221;man ba\u017eny\u010dioj gera, kad joje pabuvus, palengv\u0117ja, ypa\u010d po i\u0161pa\u017einties&#8221;, o tai buvo apie 1993-94 metus. Manau palengv\u0117jim\u0105 pajutau nuo tada, kai ai\u0161kiai suvokiau, kas tuo metu vyksta, ir kod\u0117l mes ten einam.<\/p>\n\n\n\n<p><a href=\"https:\/\/jgs.lt\/index.php\/pradzia\/liudijimai\/\" title=\"Liudijimai\">Gr\u012f\u017eti \u012f liudijimus<\/a><\/p>\n","protected":false},"excerpt":{"rendered":"<p>English I\u0161pa\u017einties poveikis man 1989 &#8211; 90 metais, ar ka\u017ekelintais metais tiksliai neprisimenu, i\u0161 Anyk\u0161\u010di\u0173 rajono atva\u017eiavus gyventi \u012f Kupi\u0161kio rajon\u0105, ir \u0117mus tarnauti ba\u017eny\u010dioje mi\u0161ioms, a\u0161 pajutau, kad po i\u0161pa\u017einties, man palengv\u0117ja &#8211; tarsi akmuo nuo kr\u016btin\u0117s nukrenta. Ne\u017einau, kuriais tai tiksliai metais buvo, bet atsimenu, kad 9-toj klas\u0117j klasiokui u\u017eklausus:&#8221;k\u0105 a\u0161 randu toje [&hellip;]<\/p>\n","protected":false},"author":1,"featured_media":0,"parent":8,"menu_order":2,"comment_status":"open","ping_status":"closed","template":"","meta":{"om_disable_all_campaigns":false,"_monsterinsights_skip_tracking":false,"_monsterinsights_sitenote_active":false,"_monsterinsights_sitenote_note":"","_monsterinsights_sitenote_category":0,"site-sidebar-layout":"default","site-content-layout":"plain-container","ast-site-content-layout":"default","site-content-style":"default","site-sidebar-style":"default","ast-global-header-display":"","ast-banner-title-visibility":"","ast-main-header-display":"","ast-hfb-above-header-display":"","ast-hfb-below-header-display":"","ast-hfb-mobile-header-display":"","site-post-title":"disabled","ast-breadcrumbs-content":"","ast-featured-img":"","footer-sml-layout":"","ast-disable-related-posts":"","theme-transparent-header-meta":"enabled","adv-header-id-meta":"","stick-header-meta":"","header-above-stick-meta":"","header-main-stick-meta":"","header-below-stick-meta":"","astra-migrate-meta-layouts":"default","ast-page-background-enabled":"default","ast-page-background-meta":{"desktop":{"background-color":"","background-image":"","background-repeat":"repeat","background-position":"center center","background-size":"auto","background-attachment":"scroll","background-type":"","background-media":"","overlay-type":"","overlay-color":"","overlay-opacity":"","overlay-gradient":""},"tablet":{"background-color":"","background-image":"","background-repeat":"repeat","background-position":"center center","background-size":"auto","background-attachment":"scroll","background-type":"","background-media":"","overlay-type":"","overlay-color":"","overlay-opacity":"","overlay-gradient":""},"mobile":{"background-color":"","background-image":"","background-repeat":"repeat","background-position":"center center","background-size":"auto","background-attachment":"scroll","background-type":"","background-media":"","overlay-type":"","overlay-color":"","overlay-opacity":"","overlay-gradient":""}},"ast-content-background-meta":{"desktop":{"background-color":"var(--ast-global-color-5)","background-image":"","background-repeat":"repeat","background-position":"center center","background-size":"auto","background-attachment":"scroll","background-type":"","background-media":"","overlay-type":"","overlay-color":"","overlay-opacity":"","overlay-gradient":""},"tablet":{"background-color":"var(--ast-global-color-5)","background-image":"","background-repeat":"repeat","background-position":"center center","background-size":"auto","background-attachment":"scroll","background-type":"","background-media":"","overlay-type":"","overlay-color":"","overlay-opacity":"","overlay-gradient":""},"mobile":{"background-color":"var(--ast-global-color-5)","background-image":"","background-repeat":"repeat","background-position":"center center","background-size":"auto","background-attachment":"scroll","background-type":"","background-media":"","overlay-type":"","overlay-color":"","overlay-opacity":"","overlay-gradient":""}},"footnotes":""},"class_list":["post-249","page","type-page","status-publish","hentry"],"aioseo_notices":[],"_links":{"self":[{"href":"https:\/\/jgs.lt\/index.php\/wp-json\/wp\/v2\/pages\/249","targetHints":{"allow":["GET"]}}],"collection":[{"href":"https:\/\/jgs.lt\/index.php\/wp-json\/wp\/v2\/pages"}],"about":[{"href":"https:\/\/jgs.lt\/index.php\/wp-json\/wp\/v2\/types\/page"}],"author":[{"embeddable":true,"href":"https:\/\/jgs.lt\/index.php\/wp-json\/wp\/v2\/users\/1"}],"replies":[{"embeddable":true,"href":"https:\/\/jgs.lt\/index.php\/wp-json\/wp\/v2\/comments?post=249"}],"version-history":[{"count":6,"href":"https:\/\/jgs.lt\/index.php\/wp-json\/wp\/v2\/pages\/249\/revisions"}],"predecessor-version":[{"id":971,"href":"https:\/\/jgs.lt\/index.php\/wp-json\/wp\/v2\/pages\/249\/revisions\/971"}],"up":[{"embeddable":true,"href":"https:\/\/jgs.lt\/index.php\/wp-json\/wp\/v2\/pages\/8"}],"wp:attachment":[{"href":"https:\/\/jgs.lt\/index.php\/wp-json\/wp\/v2\/media?parent=249"}],"curies":[{"name":"wp","href":"https:\/\/api.w.org\/{rel}","templated":true}]}}