{"id":291,"date":"2022-01-03T13:15:47","date_gmt":"2022-01-03T13:15:47","guid":{"rendered":"https:\/\/jgs.lt\/?page_id=291"},"modified":"2023-02-14T16:28:04","modified_gmt":"2023-02-14T14:28:04","slug":"audi-job566","status":"publish","type":"page","link":"https:\/\/jgs.lt\/index.php\/liudijimai\/audi-job566\/","title":{"rendered":"Audi JOB566"},"content":{"rendered":"\n<div class=\"wp-block-cover alignfull is-light\" style=\"min-height:200px;aspect-ratio:unset;\"><span aria-hidden=\"true\" class=\"wp-block-cover__background has-background-dim-40 has-background-dim\"><\/span><img loading=\"lazy\" decoding=\"async\" width=\"1024\" height=\"340\" class=\"wp-block-cover__image-background wp-image-71\" alt=\"\" src=\"https:\/\/jgs.lt\/wp-content\/uploads\/2020\/09\/services-bg-1024x340.jpg\" style=\"object-position:4% 27%\" data-object-fit=\"cover\" data-object-position=\"4% 27%\" srcset=\"https:\/\/jgs.lt\/wp-content\/uploads\/2020\/09\/services-bg-1024x340.jpg 1024w, https:\/\/jgs.lt\/wp-content\/uploads\/2020\/09\/services-bg-300x100.jpg 300w, https:\/\/jgs.lt\/wp-content\/uploads\/2020\/09\/services-bg-768x255.jpg 768w, https:\/\/jgs.lt\/wp-content\/uploads\/2020\/09\/services-bg-1536x510.jpg 1536w, https:\/\/jgs.lt\/wp-content\/uploads\/2020\/09\/services-bg.jpg 1920w\" sizes=\"auto, (max-width: 1024px) 100vw, 1024px\" \/><div class=\"wp-block-cover__inner-container is-layout-flow wp-block-cover-is-layout-flow\">\n<p class=\"has-text-align-center has-large-font-size\"><strong>Liudijimai<\/strong><\/p>\n<\/div><\/div>\n\n\n\n<p><a href=\"https:\/\/jgs.lt\/en\/index.php\/testimonies\/audi-job566\/\" title=\"English\"><strong>English<\/strong><\/a><\/p>\n\n\n\n<h3 class=\"has-text-align-center wp-block-heading\" id=\"kai-ikaliau-i-audi-job566\"><strong>Kai \u012fkaliau \u012f Audi JOB566<\/strong><\/h3>\n\n\n\n<p>Tai mano liudijimas, kaip Dievas nor\u0117jo man ka\u017ek\u0105 pasakyti ir tai padar\u0117. Jis pasi\u016bl\u0117 atiduoti Jam visas savo problemas ir Jis tai pavers palaiminimais, jei tai padarysiu.<\/p>\n\n\n\n<p>2018m. pavasary, s\u0117ja, namo statybos<\/p>\n\n\n\n<p>Tai mano liudijimas, kaip Dievas nor\u0117jo man ka\u017ek\u0105 pasakyti ir tai padar\u0117. Jis pasi\u016bl\u0117 atiduoti Jam visas savo problemas ir Jis tai pavers palaiminimais, jei tai padarysiu.<\/p>\n\n\n\n<p>Savo kieme, ryte, at\u0117jau va\u017eiuot \u012f \u016bk\u012f dirbti. \u012es\u0117dau \u012f ma\u0161in\u0105 ir paskambino statybininkas, kuris mums nam\u0105 remontavo, pakalb\u0117jom ir tada, geros nuotaikos b\u016bdamas, u\u017esived\u017eiau ma\u0161in\u0105 ir pasi\u017ei\u016br\u0117jau \u012f \u0161onin\u012f veidrod\u0117l\u012f ir ma\u0161inos nepama\u010diau, ir ant gazo, entuziastingai, atgal staigiai prad\u0117jau va\u017eiaut ir atsitrenkiau \u012f audin\u0119 universal\u0105, su kabliu \u012flenkdamas baga\u017ein\u0117s duris. O Audin\u0117s numeris buvo JOB566. Supild\u0117m avarijos dokumentus ir i\u0161va\u017eiavau \u012f Anyk\u0161\u010dius \u017eem\u0117s  pasi\u017ei\u016br\u0117t ar galima kultivuot. Va\u017eiuodamas meld\u017eiausi:&#8221; Dieve, kod\u0117l a\u0161 toks \u017eioplys, pa\u0161alink mano t\u0105 \u017eioplum\u0105&#8221;. Papra\u0161iau vyr\u0173 maldos, kad toks \u017eioplas neb\u016b\u010diau. Paskui vakare at\u0117jo mintis, kad kaip mano pusserei gal \u010dia n\u0117ra atsitiktinumas tas ma\u0161inos numeris, ir reik pa\u017ei\u016br\u0117t k\u0105 Jobo knyga ra\u0161o toj vietoj. Atsiver\u010diau ir skaitau <a href=\"http:\/\/biblija.lt\/index.aspx\/lt_vertimai\/leidimai\/b_rk_e1999\/kn_skyriai\/index.aspx?cmp=reading&amp;doc=BiblijaRKE1999_Job_5\" title=\"Job 5:6 - 6\">Job 5:6 &#8211; 6<\/a>. 5 skyrius nuo 6 eil. iki skyriaus galo:&#8221; Juk blogis nedygsta i\u0161 \u017eem\u0117s\u2026 tavim d\u0117tas Dievui paves\u010diau savo b\u0117d\u0105\u2026 17 Tik\u0117k manimi: laimingas \u017emogus, kur\u012f Dievas pataiso! Neniekink Visagalio pamokos! 18 Juk jis su\u017eeid\u017eia, bet ir aptvarsto, jo rankos nuplaka, bet ir pagydo. 19 \u0160e\u0161is kartus i\u0161 b\u0117dos jis tave gelb\u0117s, o septint\u0105 kart\u0105 nelaim\u0117 tav\u0119s nebepalies, o kare \u00ad nuo kalavijo pavojaus. 21 Nuo ilg\u0173 lie\u017euvi\u0173 ryk\u0161t\u0117s b\u016bsi apgintas, negandoms siau\u010diant aplinkui nedreb\u0117si. 22 I\u0161 \u017e\u016bties ir bado juoksiesi, \u017eem\u0117s \u017ev\u0117ri\u0173 nebebijosi. 23 Dirvos akmenys bus tavo s\u0105jungininkai, laukiniai \u017ev\u0117rys elgsis su tavimi taikiai. 24 Matysi, kad tavo palapin\u0117 saugi, ap\u017ei\u016br\u0117si savo avid\u0119 ir nieko nepasigesi. 25 Matysi, kad tavo palikuonys dauginasi ir tavo ainija auga kaip \u017eol\u0117 laukuose. 26 \u012e kap\u0105 nueisi \u017eilos senatv\u0117s sulauk\u0119s kaip laiku nune\u0161tas kvie\u010di\u0173 p\u0117das&#8221;. Nu galvoju:&#8221; taip Dieve, dabar visoki\u0173 b\u0117d\u0173 turiu ir tu ragini jas pavesti tau, ir tada geri dalykai prad\u0117s vykti\u2026 gerai. Tai vadinas, a\u0161 ne\u017eioplas, \u010dia tu Dieve nor\u0117jai man ka\u017ek\u0105 pasakyt. Hmm,\u2026 gerai. A\u010di\u016b tau Dangi\u0161kasis T\u0117ti&#8221;. Dievas randa visoki\u0173 b\u016bd\u0173 mus u\u017ekalbint, tik reikia \u017ei\u016br\u0117ti pla\u010diai atmerkus akis ir nepra\u017eioplinti Dievo siun\u010diam\u0173 \u017eenkl\u0173. Jam garb\u0117 ir \u0161lov\u0117 per am\u017ei\u0173 am\u017eius. Amen, aleli\u016bja.<\/p>\n\n\n\n<p><a href=\"https:\/\/jgs.lt\/index.php\/pradzia\/liudijimai\/\" title=\"Liudijimai\">Gr\u012f\u017eti \u012f liudijimus<\/a><\/p>\n","protected":false},"excerpt":{"rendered":"<p>English Kai \u012fkaliau \u012f Audi JOB566 Tai mano liudijimas, kaip Dievas nor\u0117jo man ka\u017ek\u0105 pasakyti ir tai padar\u0117. Jis pasi\u016bl\u0117 atiduoti Jam visas savo problemas ir Jis tai pavers palaiminimais, jei tai padarysiu. 2018m. pavasary, s\u0117ja, namo statybos Tai mano liudijimas, kaip Dievas nor\u0117jo man ka\u017ek\u0105 pasakyti ir tai padar\u0117. Jis pasi\u016bl\u0117 atiduoti Jam visas [&hellip;]<\/p>\n","protected":false},"author":1,"featured_media":0,"parent":8,"menu_order":6,"comment_status":"open","ping_status":"closed","template":"","meta":{"om_disable_all_campaigns":false,"_monsterinsights_skip_tracking":false,"_monsterinsights_sitenote_active":false,"_monsterinsights_sitenote_note":"","_monsterinsights_sitenote_category":0,"site-sidebar-layout":"default","site-content-layout":"plain-container","ast-site-content-layout":"default","site-content-style":"default","site-sidebar-style":"default","ast-global-header-display":"","ast-banner-title-visibility":"","ast-main-header-display":"","ast-hfb-above-header-display":"","ast-hfb-below-header-display":"","ast-hfb-mobile-header-display":"","site-post-title":"disabled","ast-breadcrumbs-content":"","ast-featured-img":"","footer-sml-layout":"","ast-disable-related-posts":"","theme-transparent-header-meta":"enabled","adv-header-id-meta":"","stick-header-meta":"","header-above-stick-meta":"","header-main-stick-meta":"","header-below-stick-meta":"","astra-migrate-meta-layouts":"default","ast-page-background-enabled":"default","ast-page-background-meta":{"desktop":{"background-color":"","background-image":"","background-repeat":"repeat","background-position":"center center","background-size":"auto","background-attachment":"scroll","background-type":"","background-media":"","overlay-type":"","overlay-color":"","overlay-opacity":"","overlay-gradient":""},"tablet":{"background-color":"","background-image":"","background-repeat":"repeat","background-position":"center center","background-size":"auto","background-attachment":"scroll","background-type":"","background-media":"","overlay-type":"","overlay-color":"","overlay-opacity":"","overlay-gradient":""},"mobile":{"background-color":"","background-image":"","background-repeat":"repeat","background-position":"center center","background-size":"auto","background-attachment":"scroll","background-type":"","background-media":"","overlay-type":"","overlay-color":"","overlay-opacity":"","overlay-gradient":""}},"ast-content-background-meta":{"desktop":{"background-color":"var(--ast-global-color-5)","background-image":"","background-repeat":"repeat","background-position":"center center","background-size":"auto","background-attachment":"scroll","background-type":"","background-media":"","overlay-type":"","overlay-color":"","overlay-opacity":"","overlay-gradient":""},"tablet":{"background-color":"var(--ast-global-color-5)","background-image":"","background-repeat":"repeat","background-position":"center center","background-size":"auto","background-attachment":"scroll","background-type":"","background-media":"","overlay-type":"","overlay-color":"","overlay-opacity":"","overlay-gradient":""},"mobile":{"background-color":"var(--ast-global-color-5)","background-image":"","background-repeat":"repeat","background-position":"center center","background-size":"auto","background-attachment":"scroll","background-type":"","background-media":"","overlay-type":"","overlay-color":"","overlay-opacity":"","overlay-gradient":""}},"footnotes":""},"class_list":["post-291","page","type-page","status-publish","hentry"],"aioseo_notices":[],"_links":{"self":[{"href":"https:\/\/jgs.lt\/index.php\/wp-json\/wp\/v2\/pages\/291","targetHints":{"allow":["GET"]}}],"collection":[{"href":"https:\/\/jgs.lt\/index.php\/wp-json\/wp\/v2\/pages"}],"about":[{"href":"https:\/\/jgs.lt\/index.php\/wp-json\/wp\/v2\/types\/page"}],"author":[{"embeddable":true,"href":"https:\/\/jgs.lt\/index.php\/wp-json\/wp\/v2\/users\/1"}],"replies":[{"embeddable":true,"href":"https:\/\/jgs.lt\/index.php\/wp-json\/wp\/v2\/comments?post=291"}],"version-history":[{"count":14,"href":"https:\/\/jgs.lt\/index.php\/wp-json\/wp\/v2\/pages\/291\/revisions"}],"predecessor-version":[{"id":1004,"href":"https:\/\/jgs.lt\/index.php\/wp-json\/wp\/v2\/pages\/291\/revisions\/1004"}],"up":[{"embeddable":true,"href":"https:\/\/jgs.lt\/index.php\/wp-json\/wp\/v2\/pages\/8"}],"wp:attachment":[{"href":"https:\/\/jgs.lt\/index.php\/wp-json\/wp\/v2\/media?parent=291"}],"curies":[{"name":"wp","href":"https:\/\/api.w.org\/{rel}","templated":true}]}}