{"id":297,"date":"2022-01-03T14:17:30","date_gmt":"2022-01-03T12:17:30","guid":{"rendered":"https:\/\/jgs.lt\/?page_id=297"},"modified":"2023-02-14T16:35:54","modified_gmt":"2023-02-14T14:35:54","slug":"sapnas-apie-suni-ir-tigra","status":"publish","type":"page","link":"https:\/\/jgs.lt\/index.php\/liudijimai\/sapnas-apie-suni-ir-tigra\/","title":{"rendered":"Sapnas apie \u0161un\u012f ir tigr\u0105"},"content":{"rendered":"\n<div class=\"wp-block-cover alignfull is-light\" style=\"min-height:200px;aspect-ratio:unset;\"><span aria-hidden=\"true\" class=\"wp-block-cover__background has-background-dim-40 has-background-dim\"><\/span><img loading=\"lazy\" decoding=\"async\" width=\"1024\" height=\"340\" class=\"wp-block-cover__image-background wp-image-71\" alt=\"\" src=\"https:\/\/jgs.lt\/wp-content\/uploads\/2020\/09\/services-bg-1024x340.jpg\" style=\"object-position:4% 27%\" data-object-fit=\"cover\" data-object-position=\"4% 27%\" srcset=\"https:\/\/jgs.lt\/wp-content\/uploads\/2020\/09\/services-bg-1024x340.jpg 1024w, https:\/\/jgs.lt\/wp-content\/uploads\/2020\/09\/services-bg-300x100.jpg 300w, https:\/\/jgs.lt\/wp-content\/uploads\/2020\/09\/services-bg-768x255.jpg 768w, https:\/\/jgs.lt\/wp-content\/uploads\/2020\/09\/services-bg-1536x510.jpg 1536w, https:\/\/jgs.lt\/wp-content\/uploads\/2020\/09\/services-bg.jpg 1920w\" sizes=\"auto, (max-width: 1024px) 100vw, 1024px\" \/><div class=\"wp-block-cover__inner-container is-layout-flow wp-block-cover-is-layout-flow\">\n<p class=\"has-text-align-center has-large-font-size\"><strong>Liudijimai<\/strong><\/p>\n<\/div><\/div>\n\n\n\n<p><a href=\"https:\/\/jgs.lt\/en\/index.php\/testimonies\/lazy-dog-and-tiger\/\" title=\"English\"><strong>English<\/strong><\/a><\/p>\n\n\n\n<h3 class=\"has-text-align-center wp-block-heading\" id=\"kai-sapnavau-sapna-apie-nematoma-suni-ir-jauna-tigra\">Sapnas apie<strong> \u0161un\u012f ir tigr\u0105<\/strong><\/h3>\n\n\n\n<p>Dievas mane persp\u0117jo apie gr\u0119sian\u010dias nelaimes, o paskui, po maldos, i\u0161gelb\u0117jo nuo j\u0173.<\/p>\n\n\n\n<p>Sapnais nesivadovauju ir \u012f juos nelabai kreipiu d\u0117mesio, bet \u0161itas ka\u017ekoks kitoks buvo. Manau, jis buvo prana\u0161i\u0161kas. Guli ant suolo tingus \u0161uo, bet jis kaip ir nematomas. Matosi tik persi\u0161vie\u010diantys konturai, galva matosi ir kaklas. Po kiek laiko jau ir kaklo nebesimat\u0117, o dar po kiek laiko jau ir galvos nesimat\u0117. A\u0161 pa\u010diupin\u0117jau, kur \u0161uo buvo, ir u\u017e\u010diuop\u0119s jo k\u016bn\u0105 su\u0117miau ir nume\u010diau nuo suolo \u012f \u0161al\u012f ne\u017einau kod\u0117l. Paskui, toliau u\u017e \u0161uns matau priri\u0161tas jaunas, dar nelabai didelis tigras ant grandin\u0117s ir su ta grandine per viel\u0105 va\u017ein\u0117ja. O tos vielos vienas galas priri\u0161tas prie m\u016bs\u0173 kambario ar namo dur\u0173, ir jis b\u0117giona pirmyn ir atgal. Mes su sunum bandom ka\u017ekaip prasmukt \u012f kambar\u012f ir a\u0161 saugau savo kunu sun\u0173 nuo to tigro, bandom u\u017edaryt paskui save duris, bet man nepavyksta, tigras pusia savo k\u016bno jau sp\u0117ja \u012fl\u012fsti \u012f kambar\u012f. Jis lyg sotus ar tingus b\u016bdamas m\u016bs\u0173 nepula, tik stengiasi prasmukti \u012f vid\u0173. Ir tada nubudau.<br>Nu galvoju, \u010dia gal niekas kitas kaip tik \u012fsp\u0117jimas i\u0161 Dievo apie besiartinan\u010di\u0105 nelaim\u0119 arba velnio atak\u0105. Ir vienu, ir kitu atveju reikia melstis. I\u0161va\u017eiavau i\u0161 nam\u0173 \u012f \u016bk\u012f ir meld\u017eiuosi:&#8221;Dieve, jei prie\u0161 mane yra pasi\u0173sta velnio ataka, arba ateina ka\u017ekokios nelaim\u0117s, tu mane apsaugok ir apgink, tu mano skydas, kur daugiau galiu kreiptis, a\u0161 suri\u0161u J\u0117zaus vardu t\u0105 dvasi\u0105, velni\u0105, kuris yra pasi\u0173stas prie\u0161 mane ir i\u0161varau prie J\u0117zaus kry\u017eiaus.&#8221; Meld\u017eiausi tokias \u017eod\u017eiais, apklenkiau ma\u0161in\u0105, lijo lietus, atsipl\u0117\u0161iau, ir \u017ei\u016briu dvi stirnos prie\u0161 pat nos\u012f i\u0161\u0161oko, visai visai prie\u0161 nos\u012f. Kirtau ant stabd\u017ei\u0173 i\u0161 vis\u0173 j\u0117g\u0173, bet, kaip sakiau, buvo palyta, ratai \u010diuo\u017e\u0117. Vienai stirnai i\u0161 strioko dar kojos susipyn\u0117, jau sakau tikrai t\u0117k\u0161iuos, bet gal tik keleto metr\u0173 pritr\u016bko ir b\u016b\u010diau atsitrenk\u0119s. Manau, kad Dievas \u010dia persp\u0117jo, i\u0161klaus\u0117 mald\u0105, o paskui i\u0161gelb\u0117jo. Tingus \u0161uo pra\u0117jo. Buvo \u0161uo &#8211; bus ir tigras. A\u0161 ka\u017ekaip negalvojau apie t\u0105 sapn\u0105, nes gi pasimeld\u017eiau. Po savait\u0117s, penktadien\u012f vakare, mes buvom namie, \u017ei\u016br\u0117jom televizori\u0173, \u017emona praus\u0117si du\u0161e, s\u016bnus \u010diulp\u0117 \u010diulpin\u012f saldain\u012f ir ka\u017ekaip juo u\u017espringo visai prie\u0161 mano akis. Atsistojo, prad\u0117jo tampytis, u\u017e gerkl\u0117s griebt. A\u0161 i\u0161 kart supratau, kas vyksta. Sugriebiau j\u012f, apver\u010diau \u017eemyn galva ir \u0117miau kratyt. Nub\u0117gau iki \u017emonos. Ji prad\u0117jo nugar\u0105 dau\u017eyt ir jis ka\u017ekaip per 10-20 sekund\u017ei\u0173 atspringo. Nesp\u0117jo labai ir i\u0161sig\u0105st. Tai va, Dievas persp\u0117jo, o paskui apsaugojo. O gal\u0117jau a\u0161 valgyt virtuv\u0117j ar k\u0105 kitam kambar\u012f daryt, ir net neb\u016bt\u0173 ai\u0161ku nuo ko d\u016bsta s\u016bnus ar kas jam yra. Sekund\u017ei\u0173 reikalas ir jo b\u016bt\u0173 nebebuv\u0119. A\u010di\u016b Tau Dieve, kad apsaugojai mano s\u016bn\u0173 nuo mirties u\u017ed\u016bstant. A\u010di\u016b tik Tau. Tau visa garb\u0117 ir \u0161lov\u0117. Girsiu Tave ir Tau d\u0117kosiu.<\/p>\n\n\n\n<p><a href=\"https:\/\/jgs.lt\/index.php\/pradzia\/liudijimai\/\" title=\"Liudijimai\">Gr\u012f\u017eti \u012f liudijimus<\/a><\/p>\n","protected":false},"excerpt":{"rendered":"<p>English Sapnas apie \u0161un\u012f ir tigr\u0105 Dievas mane persp\u0117jo apie gr\u0119sian\u010dias nelaimes, o paskui, po maldos, i\u0161gelb\u0117jo nuo j\u0173. Sapnais nesivadovauju ir \u012f juos nelabai kreipiu d\u0117mesio, bet \u0161itas ka\u017ekoks kitoks buvo. Manau, jis buvo prana\u0161i\u0161kas. Guli ant suolo tingus \u0161uo, bet jis kaip ir nematomas. Matosi tik persi\u0161vie\u010diantys konturai, galva matosi ir kaklas. Po [&hellip;]<\/p>\n","protected":false},"author":1,"featured_media":0,"parent":8,"menu_order":7,"comment_status":"open","ping_status":"closed","template":"","meta":{"om_disable_all_campaigns":false,"_monsterinsights_skip_tracking":false,"_monsterinsights_sitenote_active":false,"_monsterinsights_sitenote_note":"","_monsterinsights_sitenote_category":0,"site-sidebar-layout":"default","site-content-layout":"plain-container","ast-site-content-layout":"default","site-content-style":"default","site-sidebar-style":"default","ast-global-header-display":"","ast-banner-title-visibility":"","ast-main-header-display":"","ast-hfb-above-header-display":"","ast-hfb-below-header-display":"","ast-hfb-mobile-header-display":"","site-post-title":"disabled","ast-breadcrumbs-content":"","ast-featured-img":"","footer-sml-layout":"","ast-disable-related-posts":"","theme-transparent-header-meta":"enabled","adv-header-id-meta":"","stick-header-meta":"","header-above-stick-meta":"","header-main-stick-meta":"","header-below-stick-meta":"","astra-migrate-meta-layouts":"default","ast-page-background-enabled":"default","ast-page-background-meta":{"desktop":{"background-color":"","background-image":"","background-repeat":"repeat","background-position":"center center","background-size":"auto","background-attachment":"scroll","background-type":"","background-media":"","overlay-type":"","overlay-color":"","overlay-opacity":"","overlay-gradient":""},"tablet":{"background-color":"","background-image":"","background-repeat":"repeat","background-position":"center center","background-size":"auto","background-attachment":"scroll","background-type":"","background-media":"","overlay-type":"","overlay-color":"","overlay-opacity":"","overlay-gradient":""},"mobile":{"background-color":"","background-image":"","background-repeat":"repeat","background-position":"center center","background-size":"auto","background-attachment":"scroll","background-type":"","background-media":"","overlay-type":"","overlay-color":"","overlay-opacity":"","overlay-gradient":""}},"ast-content-background-meta":{"desktop":{"background-color":"var(--ast-global-color-5)","background-image":"","background-repeat":"repeat","background-position":"center center","background-size":"auto","background-attachment":"scroll","background-type":"","background-media":"","overlay-type":"","overlay-color":"","overlay-opacity":"","overlay-gradient":""},"tablet":{"background-color":"var(--ast-global-color-5)","background-image":"","background-repeat":"repeat","background-position":"center center","background-size":"auto","background-attachment":"scroll","background-type":"","background-media":"","overlay-type":"","overlay-color":"","overlay-opacity":"","overlay-gradient":""},"mobile":{"background-color":"var(--ast-global-color-5)","background-image":"","background-repeat":"repeat","background-position":"center center","background-size":"auto","background-attachment":"scroll","background-type":"","background-media":"","overlay-type":"","overlay-color":"","overlay-opacity":"","overlay-gradient":""}},"footnotes":""},"class_list":["post-297","page","type-page","status-publish","hentry"],"aioseo_notices":[],"_links":{"self":[{"href":"https:\/\/jgs.lt\/index.php\/wp-json\/wp\/v2\/pages\/297","targetHints":{"allow":["GET"]}}],"collection":[{"href":"https:\/\/jgs.lt\/index.php\/wp-json\/wp\/v2\/pages"}],"about":[{"href":"https:\/\/jgs.lt\/index.php\/wp-json\/wp\/v2\/types\/page"}],"author":[{"embeddable":true,"href":"https:\/\/jgs.lt\/index.php\/wp-json\/wp\/v2\/users\/1"}],"replies":[{"embeddable":true,"href":"https:\/\/jgs.lt\/index.php\/wp-json\/wp\/v2\/comments?post=297"}],"version-history":[{"count":9,"href":"https:\/\/jgs.lt\/index.php\/wp-json\/wp\/v2\/pages\/297\/revisions"}],"predecessor-version":[{"id":1007,"href":"https:\/\/jgs.lt\/index.php\/wp-json\/wp\/v2\/pages\/297\/revisions\/1007"}],"up":[{"embeddable":true,"href":"https:\/\/jgs.lt\/index.php\/wp-json\/wp\/v2\/pages\/8"}],"wp:attachment":[{"href":"https:\/\/jgs.lt\/index.php\/wp-json\/wp\/v2\/media?parent=297"}],"curies":[{"name":"wp","href":"https:\/\/api.w.org\/{rel}","templated":true}]}}