{"id":305,"date":"2022-01-03T14:45:53","date_gmt":"2022-01-03T14:45:53","guid":{"rendered":"https:\/\/jgs.lt\/?page_id=305"},"modified":"2023-02-14T16:42:16","modified_gmt":"2023-02-14T14:42:16","slug":"lietus-maldyniskio-lauke","status":"publish","type":"page","link":"https:\/\/jgs.lt\/index.php\/liudijimai\/lietus-maldyniskio-lauke\/","title":{"rendered":"Lietus Maldyni\u0161kio lauke"},"content":{"rendered":"\n<div class=\"wp-block-cover alignfull is-light\" style=\"min-height:200px;aspect-ratio:unset;\"><span aria-hidden=\"true\" class=\"wp-block-cover__background has-background-dim-40 has-background-dim\"><\/span><img loading=\"lazy\" decoding=\"async\" width=\"1024\" height=\"340\" class=\"wp-block-cover__image-background wp-image-71\" alt=\"\" src=\"https:\/\/jgs.lt\/wp-content\/uploads\/2020\/09\/services-bg-1024x340.jpg\" style=\"object-position:4% 27%\" data-object-fit=\"cover\" data-object-position=\"4% 27%\" srcset=\"https:\/\/jgs.lt\/wp-content\/uploads\/2020\/09\/services-bg-1024x340.jpg 1024w, https:\/\/jgs.lt\/wp-content\/uploads\/2020\/09\/services-bg-300x100.jpg 300w, https:\/\/jgs.lt\/wp-content\/uploads\/2020\/09\/services-bg-768x255.jpg 768w, https:\/\/jgs.lt\/wp-content\/uploads\/2020\/09\/services-bg-1536x510.jpg 1536w, https:\/\/jgs.lt\/wp-content\/uploads\/2020\/09\/services-bg.jpg 1920w\" sizes=\"auto, (max-width: 1024px) 100vw, 1024px\" \/><div class=\"wp-block-cover__inner-container is-layout-flow wp-block-cover-is-layout-flow\">\n<p class=\"has-text-align-center has-large-font-size\"><strong>Liudijimai<\/strong><\/p>\n<\/div><\/div>\n\n\n\n<p><a href=\"https:\/\/jgs.lt\/en\/index.php\/testimonies\/rain-in-maldiniskis-field\/\" title=\"English\"><strong>English<\/strong><\/a><\/p>\n\n\n\n<h3 class=\"has-text-align-center wp-block-heading\" id=\"dievas-sulaiko-lietu-maldyniskio-lauke-apie-2017-2018m\"><strong>Dievas sulaiko liet\u0173 maldyni\u0161kio lauke apie 2017 &#8211; 2018m<\/strong><\/h3>\n\n\n\n<p>Mano liudijimas yra apie tai, kaip Dievas man padeda mano \u016bkyje. \u016akininkai yra priklausomi nuo oro, ir jei laukuose suplanavome k\u0105 nors veikti, bet koks didesnis lietus gali visk\u0105 sugadinti. Pats vis\u0105 gyvenim\u0105 net nemaniau, kad galima melstis, kad debesis b\u016bt\u0173 atitrauktas nuo lauko ir tai jis padarys, bet i\u0161girdau vien\u0105 kunigo liudijim\u0105. Kaip jie i\u0161va\u017eiavo \u012f \u017eyg\u012f ar kur nors stovyklauti su ma\u017eais vaikais, o prie\u0161 juos prad\u0117jo kilti didelis tamsus debesis. Ir jis meld\u0117si: &#8220;Dieve, negi Tu nori, kad \u0161ie ma\u017ei vaikai su\u0161lapt\u0173, negi Tu nori, kad jie su\u0161alt\u0173, susirgt\u0173, k\u0105 pasakys tada j\u0173 t\u0117vai? Jie niekada daugiau neleis savo vaik\u0173 su mumis. Tai pra\u0161au, daryk k\u0105 nors\u201c. Jis meld\u0117si ka\u017ekaip pana\u0161iai, tiksliai nepamenu. Ir Debesis pasidalino \u012f dvi dalis. Viena dalis pra\u0117jo pro de\u0161in\u0119 j\u0173 pus\u0119, kita \u2013 per kair\u0119. Ir po to v\u0117l prisijung\u0117. Taigi, tokiu b\u016bdu jie liko sausi. Buvau priblok\u0161tas, kad tai \u012fmanoma, ir nor\u0117jau pabandyti pats. Ir at\u0117jo ta diena, kai prad\u0117jome pjauti kvie\u010dius.<\/p>\n\n\n\n<p>Dievas sulaiko liet\u0173 Maldyni\u0161kio lauke apie 2017 \u2013 2018m<\/p>\n\n\n\n<p>Pjov\u0117m javus. Buvo lik\u0119s pus\u0117 ar tre\u010ddalis lauko nepjauta. Ir i\u0161 toli prad\u0117jo kilt juodas debesis. Ir mat\u0117si, kad eina tiesiai ant m\u016bs\u0173 lauko, ten kur mes pjaunam. A\u0161 prad\u0117jau melstis, kad Dievas sulaikyt\u0173 t\u0105 debes\u012f ar pasukt\u0173 \u012f \u0161on\u0105, tiksliai neatsimenu maldos. Bet pama\u010diau, kad debesis pasidalino ir viena dalis nu\u0117jo \u012f kair\u0119 nuo m\u016bs\u0173 sta\u010diu kampu, o kita dalis vis dar \u0117jo link m\u016bs\u0173 lauko. A\u0161 ir v\u0117l meld\u017eiausi. I\u0161lipau i\u0161 traktoriaus d\u0117l lietaus &#8220;kontrol\u0117s&#8221;. Ir matau, kad debesis eina visai pro pat mus, bet nelyja, atrodo, kokia 50m vir\u0161 galvos tas debesis eina. 5 la\u0161ai nukrito ant m\u016bs\u0173 ir debesis pra\u0117jo. Buvau apstulbintas tokio tikslumo. Kaip taip Dievas gali debesis stumdyt metr\u0173 tikslumu. Buvau apstulbintas tokio reginio. T\u0105 vakar\u0105 pjov\u0117m iki 23 val. Visa pad\u0117ka ir gyrius priklauso m\u016bs\u0173 Dangi\u0161kajam T\u0117vui, J\u0117zui Kristui ir \u0160ventajai Dvasiai. Amen.<\/p>\n\n\n\n<p><a href=\"https:\/\/jgs.lt\/index.php\/pradzia\/liudijimai\/\" title=\"Liudijimai\">Gr\u012f\u017eti \u012f liudijimus<\/a><\/p>\n","protected":false},"excerpt":{"rendered":"<p>English Dievas sulaiko liet\u0173 maldyni\u0161kio lauke apie 2017 &#8211; 2018m Mano liudijimas yra apie tai, kaip Dievas man padeda mano \u016bkyje. \u016akininkai yra priklausomi nuo oro, ir jei laukuose suplanavome k\u0105 nors veikti, bet koks didesnis lietus gali visk\u0105 sugadinti. Pats vis\u0105 gyvenim\u0105 net nemaniau, kad galima melstis, kad debesis b\u016bt\u0173 atitrauktas nuo lauko ir [&hellip;]<\/p>\n","protected":false},"author":1,"featured_media":0,"parent":8,"menu_order":8,"comment_status":"open","ping_status":"closed","template":"","meta":{"om_disable_all_campaigns":false,"_monsterinsights_skip_tracking":false,"_monsterinsights_sitenote_active":false,"_monsterinsights_sitenote_note":"","_monsterinsights_sitenote_category":0,"site-sidebar-layout":"default","site-content-layout":"plain-container","ast-site-content-layout":"default","site-content-style":"default","site-sidebar-style":"default","ast-global-header-display":"","ast-banner-title-visibility":"","ast-main-header-display":"","ast-hfb-above-header-display":"","ast-hfb-below-header-display":"","ast-hfb-mobile-header-display":"","site-post-title":"disabled","ast-breadcrumbs-content":"","ast-featured-img":"","footer-sml-layout":"","ast-disable-related-posts":"","theme-transparent-header-meta":"enabled","adv-header-id-meta":"","stick-header-meta":"","header-above-stick-meta":"","header-main-stick-meta":"","header-below-stick-meta":"","astra-migrate-meta-layouts":"default","ast-page-background-enabled":"default","ast-page-background-meta":{"desktop":{"background-color":"","background-image":"","background-repeat":"repeat","background-position":"center center","background-size":"auto","background-attachment":"scroll","background-type":"","background-media":"","overlay-type":"","overlay-color":"","overlay-opacity":"","overlay-gradient":""},"tablet":{"background-color":"","background-image":"","background-repeat":"repeat","background-position":"center center","background-size":"auto","background-attachment":"scroll","background-type":"","background-media":"","overlay-type":"","overlay-color":"","overlay-opacity":"","overlay-gradient":""},"mobile":{"background-color":"","background-image":"","background-repeat":"repeat","background-position":"center center","background-size":"auto","background-attachment":"scroll","background-type":"","background-media":"","overlay-type":"","overlay-color":"","overlay-opacity":"","overlay-gradient":""}},"ast-content-background-meta":{"desktop":{"background-color":"var(--ast-global-color-5)","background-image":"","background-repeat":"repeat","background-position":"center center","background-size":"auto","background-attachment":"scroll","background-type":"","background-media":"","overlay-type":"","overlay-color":"","overlay-opacity":"","overlay-gradient":""},"tablet":{"background-color":"var(--ast-global-color-5)","background-image":"","background-repeat":"repeat","background-position":"center center","background-size":"auto","background-attachment":"scroll","background-type":"","background-media":"","overlay-type":"","overlay-color":"","overlay-opacity":"","overlay-gradient":""},"mobile":{"background-color":"var(--ast-global-color-5)","background-image":"","background-repeat":"repeat","background-position":"center center","background-size":"auto","background-attachment":"scroll","background-type":"","background-media":"","overlay-type":"","overlay-color":"","overlay-opacity":"","overlay-gradient":""}},"footnotes":""},"class_list":["post-305","page","type-page","status-publish","hentry"],"aioseo_notices":[],"_links":{"self":[{"href":"https:\/\/jgs.lt\/index.php\/wp-json\/wp\/v2\/pages\/305","targetHints":{"allow":["GET"]}}],"collection":[{"href":"https:\/\/jgs.lt\/index.php\/wp-json\/wp\/v2\/pages"}],"about":[{"href":"https:\/\/jgs.lt\/index.php\/wp-json\/wp\/v2\/types\/page"}],"author":[{"embeddable":true,"href":"https:\/\/jgs.lt\/index.php\/wp-json\/wp\/v2\/users\/1"}],"replies":[{"embeddable":true,"href":"https:\/\/jgs.lt\/index.php\/wp-json\/wp\/v2\/comments?post=305"}],"version-history":[{"count":7,"href":"https:\/\/jgs.lt\/index.php\/wp-json\/wp\/v2\/pages\/305\/revisions"}],"predecessor-version":[{"id":1011,"href":"https:\/\/jgs.lt\/index.php\/wp-json\/wp\/v2\/pages\/305\/revisions\/1011"}],"up":[{"embeddable":true,"href":"https:\/\/jgs.lt\/index.php\/wp-json\/wp\/v2\/pages\/8"}],"wp:attachment":[{"href":"https:\/\/jgs.lt\/index.php\/wp-json\/wp\/v2\/media?parent=305"}],"curies":[{"name":"wp","href":"https:\/\/api.w.org\/{rel}","templated":true}]}}