{"id":313,"date":"2022-01-03T15:15:16","date_gmt":"2022-01-03T13:15:16","guid":{"rendered":"https:\/\/jgs.lt\/?page_id=313"},"modified":"2023-07-11T01:20:13","modified_gmt":"2023-07-10T22:20:13","slug":"lietus-paksiu-lauke","status":"publish","type":"page","link":"https:\/\/jgs.lt\/index.php\/liudijimai\/lietus-paksiu-lauke\/","title":{"rendered":"Lietus Pak\u0161i\u0173 lauke"},"content":{"rendered":"\n<div class=\"wp-block-cover alignfull is-light\" style=\"min-height:200px;aspect-ratio:unset;\"><span aria-hidden=\"true\" class=\"wp-block-cover__background has-background-dim-40 has-background-dim\"><\/span><img loading=\"lazy\" decoding=\"async\" width=\"1024\" height=\"340\" class=\"wp-block-cover__image-background wp-image-71\" alt=\"\" src=\"https:\/\/jgs.lt\/wp-content\/uploads\/2020\/09\/services-bg-1024x340.jpg\" style=\"object-position:4% 27%\" data-object-fit=\"cover\" data-object-position=\"4% 27%\" srcset=\"https:\/\/jgs.lt\/wp-content\/uploads\/2020\/09\/services-bg-1024x340.jpg 1024w, https:\/\/jgs.lt\/wp-content\/uploads\/2020\/09\/services-bg-300x100.jpg 300w, https:\/\/jgs.lt\/wp-content\/uploads\/2020\/09\/services-bg-768x255.jpg 768w, https:\/\/jgs.lt\/wp-content\/uploads\/2020\/09\/services-bg-1536x510.jpg 1536w, https:\/\/jgs.lt\/wp-content\/uploads\/2020\/09\/services-bg.jpg 1920w\" sizes=\"auto, (max-width: 1024px) 100vw, 1024px\" \/><div class=\"wp-block-cover__inner-container is-layout-flow wp-block-cover-is-layout-flow\">\n<p class=\"has-text-align-center has-large-font-size\"><strong>Liudijimai<\/strong><\/p>\n<\/div><\/div>\n\n\n\n<p><a href=\"https:\/\/jgs.lt\/en\/index.php\/testimonies\/rain-in-paksiu-field\/\" title=\"English\"><strong>English<\/strong><\/a><\/p>\n\n\n\n<h3 class=\"has-text-align-center wp-block-heading\" id=\"dievas-sulaiko-lietu-paksiu-lauke-apie-2017-2018m\"><strong>Dievas sulaiko liet\u0173 Pak\u0161i\u0173 lauke apie 2017-2018m<\/strong><\/h3>\n\n\n\n<p>Buvo per prognozes prane\u0161ta, kad apie 8-9 val. vakare bus lietus, o mes kul\u0117m Pak\u0161i\u0173 lauk\u0105 ir nor\u0117jom pabaigti, nes jis buvo paskutinis tos kult\u016bros laukas. Nukuli, paskui ramiai i\u0161sive\u017ei parduot, i\u0161sivalai sand\u0117lius ir ruo\u0161iesi kitai kult\u016brai, kol viskas prad\u017ei\u016bsta. Mes prie\u0161 tai leidom kelias dienas gamtai d\u017eiovint, ir tod\u0117l dabar skub\u0117jom nupjaut. A\u0161 meld\u017eiausi Dievui, kad leist\u0173 pabaigt nupjaut t\u0105 lauk\u0105. Nebeatsimenu tiksliai kaip meld\u017eiausi, bet pra\u0161iau, kad sulaikyt\u0173 liet\u0173. Jis taip ir padar\u0117. Sulaik\u0117 liet\u0173, kol mes nupjov\u0117m vis\u0105 lauk\u0105. O p\u016bt\u0117 toks stiprus v\u0117jas, toks stiprus. O kiekvienas \u017eino, jei yra stiprus v\u0117jas, tai jis ka\u017ek\u0105 ir atne\u0161a. Baigus, v\u0117jas p\u016bt\u0117 i\u0161 debesies, kaip prie\u0161 smark\u0173 liet\u0173. Pjov\u0117m ka\u017ekur iki 23 val. iki sutem\u0173 ir dar po j\u0173. Kai pagal prognozes jau 8-9 vakare tur\u0117jo pilt. Kai pabaig\u0117m kult, u\u017esidengiau priekab\u0105, i\u0161tempiau j\u0105 ant kelio. Sp\u0117jau nuva\u017eiuot apie 50 m ir kaip prad\u0117jo lyt, kad vos sp\u0117jo valytuvai valyt, sakau gal reiks ir visai sustot, nes nieko nesimat\u0117, taip stipriai lijo. Dievas tikrai sulaik\u0117 liet\u0173 prie m\u016bs\u0173 lauko minu\u010di\u0173 tikslumu, o kai mes jau pabaig\u0117m, tai i\u0161kart ir atidar\u0117 &#8220;\u0161liuzus, pilnu paj\u0117gumu&#8221;. A\u010di\u016b Dievui, kad sulaik\u0117 liet\u0173, kai mums to reik\u0117jo. Jis pasir\u016bpina ir ma\u017eais dalykais, kai mes to pra\u0161ome. Jam nesvetimi m\u016bs\u0173 \u017eemi\u0161ki r\u016bpes\u010diai. Tiktai Jam vienam visa \u0161lov\u0117,  garb\u0117, ir gyrius, T\u0117vui, S\u016bnui ir \u0160ventajai Dvasiai. Amen, aleli\u016bja.<\/p>\n\n\n\n<p><a href=\"https:\/\/jgs.lt\/index.php\/pradzia\/liudijimai\/\" title=\"Liudijimai\">Gr\u012f\u017eti \u012f liudijimus<\/a><\/p>\n","protected":false},"excerpt":{"rendered":"<p>English Dievas sulaiko liet\u0173 Pak\u0161i\u0173 lauke apie 2017-2018m Buvo per prognozes prane\u0161ta, kad apie 8-9 val. vakare bus lietus, o mes kul\u0117m Pak\u0161i\u0173 lauk\u0105 ir nor\u0117jom pabaigti, nes jis buvo paskutinis tos kult\u016bros laukas. Nukuli, paskui ramiai i\u0161sive\u017ei parduot, i\u0161sivalai sand\u0117lius ir ruo\u0161iesi kitai kult\u016brai, kol viskas prad\u017ei\u016bsta. Mes prie\u0161 tai leidom kelias dienas gamtai [&hellip;]<\/p>\n","protected":false},"author":1,"featured_media":0,"parent":8,"menu_order":9,"comment_status":"closed","ping_status":"closed","template":"","meta":{"om_disable_all_campaigns":false,"_monsterinsights_skip_tracking":false,"_monsterinsights_sitenote_active":false,"_monsterinsights_sitenote_note":"","_monsterinsights_sitenote_category":0,"site-sidebar-layout":"default","site-content-layout":"plain-container","ast-site-content-layout":"default","site-content-style":"default","site-sidebar-style":"default","ast-global-header-display":"","ast-banner-title-visibility":"","ast-main-header-display":"","ast-hfb-above-header-display":"","ast-hfb-below-header-display":"","ast-hfb-mobile-header-display":"","site-post-title":"disabled","ast-breadcrumbs-content":"","ast-featured-img":"","footer-sml-layout":"","ast-disable-related-posts":"","theme-transparent-header-meta":"enabled","adv-header-id-meta":"","stick-header-meta":"","header-above-stick-meta":"","header-main-stick-meta":"","header-below-stick-meta":"","astra-migrate-meta-layouts":"default","ast-page-background-enabled":"default","ast-page-background-meta":{"desktop":{"background-color":"","background-image":"","background-repeat":"repeat","background-position":"center center","background-size":"auto","background-attachment":"scroll","background-type":"","background-media":"","overlay-type":"","overlay-color":"","overlay-opacity":"","overlay-gradient":""},"tablet":{"background-color":"","background-image":"","background-repeat":"repeat","background-position":"center center","background-size":"auto","background-attachment":"scroll","background-type":"","background-media":"","overlay-type":"","overlay-color":"","overlay-opacity":"","overlay-gradient":""},"mobile":{"background-color":"","background-image":"","background-repeat":"repeat","background-position":"center center","background-size":"auto","background-attachment":"scroll","background-type":"","background-media":"","overlay-type":"","overlay-color":"","overlay-opacity":"","overlay-gradient":""}},"ast-content-background-meta":{"desktop":{"background-color":"var(--ast-global-color-5)","background-image":"","background-repeat":"repeat","background-position":"center center","background-size":"auto","background-attachment":"scroll","background-type":"","background-media":"","overlay-type":"","overlay-color":"","overlay-opacity":"","overlay-gradient":""},"tablet":{"background-color":"var(--ast-global-color-5)","background-image":"","background-repeat":"repeat","background-position":"center center","background-size":"auto","background-attachment":"scroll","background-type":"","background-media":"","overlay-type":"","overlay-color":"","overlay-opacity":"","overlay-gradient":""},"mobile":{"background-color":"var(--ast-global-color-5)","background-image":"","background-repeat":"repeat","background-position":"center center","background-size":"auto","background-attachment":"scroll","background-type":"","background-media":"","overlay-type":"","overlay-color":"","overlay-opacity":"","overlay-gradient":""}},"footnotes":""},"class_list":["post-313","page","type-page","status-publish","hentry"],"aioseo_notices":[],"_links":{"self":[{"href":"https:\/\/jgs.lt\/index.php\/wp-json\/wp\/v2\/pages\/313","targetHints":{"allow":["GET"]}}],"collection":[{"href":"https:\/\/jgs.lt\/index.php\/wp-json\/wp\/v2\/pages"}],"about":[{"href":"https:\/\/jgs.lt\/index.php\/wp-json\/wp\/v2\/types\/page"}],"author":[{"embeddable":true,"href":"https:\/\/jgs.lt\/index.php\/wp-json\/wp\/v2\/users\/1"}],"replies":[{"embeddable":true,"href":"https:\/\/jgs.lt\/index.php\/wp-json\/wp\/v2\/comments?post=313"}],"version-history":[{"count":8,"href":"https:\/\/jgs.lt\/index.php\/wp-json\/wp\/v2\/pages\/313\/revisions"}],"predecessor-version":[{"id":976,"href":"https:\/\/jgs.lt\/index.php\/wp-json\/wp\/v2\/pages\/313\/revisions\/976"}],"up":[{"embeddable":true,"href":"https:\/\/jgs.lt\/index.php\/wp-json\/wp\/v2\/pages\/8"}],"wp:attachment":[{"href":"https:\/\/jgs.lt\/index.php\/wp-json\/wp\/v2\/media?parent=313"}],"curies":[{"name":"wp","href":"https:\/\/api.w.org\/{rel}","templated":true}]}}