{"id":337,"date":"2022-01-03T16:31:26","date_gmt":"2022-01-03T16:31:26","guid":{"rendered":"https:\/\/jgs.lt\/?page_id=337"},"modified":"2023-02-14T16:51:10","modified_gmt":"2023-02-14T14:51:10","slug":"sulaikyta-krusa","status":"publish","type":"page","link":"https:\/\/jgs.lt\/index.php\/liudijimai\/sulaikyta-krusa\/","title":{"rendered":"Sulaikyta kru\u0161a"},"content":{"rendered":"\n<div class=\"wp-block-cover alignfull is-light\" style=\"min-height:200px;aspect-ratio:unset;\"><span aria-hidden=\"true\" class=\"wp-block-cover__background has-background-dim-40 has-background-dim\"><\/span><img loading=\"lazy\" decoding=\"async\" width=\"1024\" height=\"340\" class=\"wp-block-cover__image-background wp-image-71\" alt=\"\" src=\"https:\/\/jgs.lt\/wp-content\/uploads\/2020\/09\/services-bg-1024x340.jpg\" style=\"object-position:4% 27%\" data-object-fit=\"cover\" data-object-position=\"4% 27%\" srcset=\"https:\/\/jgs.lt\/wp-content\/uploads\/2020\/09\/services-bg-1024x340.jpg 1024w, https:\/\/jgs.lt\/wp-content\/uploads\/2020\/09\/services-bg-300x100.jpg 300w, https:\/\/jgs.lt\/wp-content\/uploads\/2020\/09\/services-bg-768x255.jpg 768w, https:\/\/jgs.lt\/wp-content\/uploads\/2020\/09\/services-bg-1536x510.jpg 1536w, https:\/\/jgs.lt\/wp-content\/uploads\/2020\/09\/services-bg.jpg 1920w\" sizes=\"auto, (max-width: 1024px) 100vw, 1024px\" \/><div class=\"wp-block-cover__inner-container is-layout-flow wp-block-cover-is-layout-flow\">\n<p class=\"has-text-align-center has-large-font-size\"><strong>Liudijimai<\/strong><\/p>\n<\/div><\/div>\n\n\n\n<p><a href=\"https:\/\/jgs.lt\/en\/index.php\/testimonies\/detained-hail\/\" title=\"English\"><strong>English<\/strong><\/a><\/p>\n\n\n\n<h3 class=\"has-text-align-center wp-block-heading\" id=\"dievas-sulaiko-krusa-lauke-apie-namus-2019-m\"><strong>Dievo sulaikyta kru\u0161a lauke apie namus 2019 m<\/strong><\/h3>\n\n\n\n<p>Yra daug t\u0173, kurie pamokslauja biblij\u0105. Bet, a\u0161 manau, kad yra dar geriau parodyti, kaip biblija veikia gyvai, \u010dia ir dabar. Ir Dievas man tai parod\u0117.<\/p>\n\n\n\n<p>Buvo jau bir\u017eelio &#8211; liepos m\u0117nuo, nes \u017einau, kad javai buvo netoli brandos, bet dar \u017eali, ne geltoni. A\u0161 dirbau gara\u017ee ka\u017ek\u0105 ir prad\u0117jo lyti, o paskui i\u0161 kart pasipyl\u0117 kru\u0161a. O su kru\u0161a niekada ne\u017einai, kada prad\u0117s dideliais ledo gabalais byr\u0117ti i\u0161 dangaus. Mums yra buv\u0119, kad kiau\u0161inio dyd\u017eio gabalais prad\u0117jo krist ir visus laukus sumal\u0117 tik 1\/3 normaliaus derliaus liko. Tai a\u0161 bijodamas prad\u0117jau skubiai melstis:&#8221; Dieve, auginai, auginai mums javus, negi dabar nori sumalti visk\u0105. \u017dinau mes nuod\u0117mingi, bet tu gailestingas ir pasigail\u0117si m\u016bs\u0173. Suri\u0161k kru\u0161os dvasi\u0105 ar bet koki\u0105 dvasi\u0105, kuri valdo kru\u0161\u0105 ir liet\u0173, ir tegu kru\u0161a liaujasi ir visas debesis i\u0161lyja ramiu lietum, meld\u017eiu J\u0117zaus vardu. Amen.&#8221; Ir po paskutini\u0173 savo maldos \u017eod\u017ei\u0173 gird\u017eiu savo ausyse kaip kru\u0161a kala \u012f grindinio plyteles \u0161\u0161\u0161\u0161\u0161\u0161\u0161\u0161\u0161\u0161\u0161\u0161\u0161\u0161\u0161\u0161 ir vienu metu, staiga nutyla ir pradeda lyt ramus, smulkus lietus. Buvau apstulbintas tokio maldos poveikio, galvojau: &#8220;eina sau, Kaip \u010dia taip, k\u0105 a\u0161 k\u0105 tik padariau, k\u0105 Dievas k\u0105 tik padar\u0117, i\u0161klaus\u0119s mano maldos? Wau Wau Wau&#8221;. Buvau apstulb\u0119s nuo tokio reginio. Taip sekund\u017ei\u0173 tikslumu Dievas suveik\u0117 pagal mano pra\u0161ym\u0105. Ilgai negal\u0117jau atsitok\u0117t. Ne\u017einau kod\u0117l, bet buvo ap\u0117musi ka\u017ekokia baim\u0117, nor\u0117josi ka\u017ekur dingt, pasisl\u0117pt, bet kur gi tu pasisl\u0117psi nuo Dievo? Niekur. I\u0161sigandau pats savo \u017eod\u017ei\u0173, k\u0105 jie gali. Buvau apstulb\u0119s nuo tokios Dievo galios patyrimo. Ka\u017ekaip nejaukiai jau\u010diausi. Jau\u010diausi nevertas patirti tokius dalykus. Bet m\u016bs\u0173 Dievas geras, gailestingas, mylintis jam nieko d\u0117l m\u016bs\u0173 negaila. Tik jam vienam pad\u0117ka ir gyrius. Garb\u0117 Dievui T\u0117vui ir S\u016bnui, ir \u0160ventajai Dvasiai. Amen.<\/p>\n\n\n\n<p><a href=\"https:\/\/jgs.lt\/index.php\/pradzia\/liudijimai\/\" title=\"Liudijimai\">Gr\u012f\u017eti \u012f liudijimus<\/a><\/p>\n","protected":false},"excerpt":{"rendered":"<p>English Dievo sulaikyta kru\u0161a lauke apie namus 2019 m Yra daug t\u0173, kurie pamokslauja biblij\u0105. Bet, a\u0161 manau, kad yra dar geriau parodyti, kaip biblija veikia gyvai, \u010dia ir dabar. Ir Dievas man tai parod\u0117. Buvo jau bir\u017eelio &#8211; liepos m\u0117nuo, nes \u017einau, kad javai buvo netoli brandos, bet dar \u017eali, ne geltoni. A\u0161 dirbau [&hellip;]<\/p>\n","protected":false},"author":1,"featured_media":0,"parent":8,"menu_order":12,"comment_status":"open","ping_status":"closed","template":"","meta":{"om_disable_all_campaigns":false,"_monsterinsights_skip_tracking":false,"_monsterinsights_sitenote_active":false,"_monsterinsights_sitenote_note":"","_monsterinsights_sitenote_category":0,"site-sidebar-layout":"default","site-content-layout":"plain-container","ast-site-content-layout":"default","site-content-style":"default","site-sidebar-style":"default","ast-global-header-display":"","ast-banner-title-visibility":"","ast-main-header-display":"","ast-hfb-above-header-display":"","ast-hfb-below-header-display":"","ast-hfb-mobile-header-display":"","site-post-title":"disabled","ast-breadcrumbs-content":"","ast-featured-img":"","footer-sml-layout":"","ast-disable-related-posts":"","theme-transparent-header-meta":"enabled","adv-header-id-meta":"","stick-header-meta":"","header-above-stick-meta":"","header-main-stick-meta":"","header-below-stick-meta":"","astra-migrate-meta-layouts":"default","ast-page-background-enabled":"default","ast-page-background-meta":{"desktop":{"background-color":"","background-image":"","background-repeat":"repeat","background-position":"center center","background-size":"auto","background-attachment":"scroll","background-type":"","background-media":"","overlay-type":"","overlay-color":"","overlay-opacity":"","overlay-gradient":""},"tablet":{"background-color":"","background-image":"","background-repeat":"repeat","background-position":"center center","background-size":"auto","background-attachment":"scroll","background-type":"","background-media":"","overlay-type":"","overlay-color":"","overlay-opacity":"","overlay-gradient":""},"mobile":{"background-color":"","background-image":"","background-repeat":"repeat","background-position":"center center","background-size":"auto","background-attachment":"scroll","background-type":"","background-media":"","overlay-type":"","overlay-color":"","overlay-opacity":"","overlay-gradient":""}},"ast-content-background-meta":{"desktop":{"background-color":"var(--ast-global-color-5)","background-image":"","background-repeat":"repeat","background-position":"center center","background-size":"auto","background-attachment":"scroll","background-type":"","background-media":"","overlay-type":"","overlay-color":"","overlay-opacity":"","overlay-gradient":""},"tablet":{"background-color":"var(--ast-global-color-5)","background-image":"","background-repeat":"repeat","background-position":"center center","background-size":"auto","background-attachment":"scroll","background-type":"","background-media":"","overlay-type":"","overlay-color":"","overlay-opacity":"","overlay-gradient":""},"mobile":{"background-color":"var(--ast-global-color-5)","background-image":"","background-repeat":"repeat","background-position":"center center","background-size":"auto","background-attachment":"scroll","background-type":"","background-media":"","overlay-type":"","overlay-color":"","overlay-opacity":"","overlay-gradient":""}},"footnotes":""},"class_list":["post-337","page","type-page","status-publish","hentry"],"aioseo_notices":[],"_links":{"self":[{"href":"https:\/\/jgs.lt\/index.php\/wp-json\/wp\/v2\/pages\/337","targetHints":{"allow":["GET"]}}],"collection":[{"href":"https:\/\/jgs.lt\/index.php\/wp-json\/wp\/v2\/pages"}],"about":[{"href":"https:\/\/jgs.lt\/index.php\/wp-json\/wp\/v2\/types\/page"}],"author":[{"embeddable":true,"href":"https:\/\/jgs.lt\/index.php\/wp-json\/wp\/v2\/users\/1"}],"replies":[{"embeddable":true,"href":"https:\/\/jgs.lt\/index.php\/wp-json\/wp\/v2\/comments?post=337"}],"version-history":[{"count":9,"href":"https:\/\/jgs.lt\/index.php\/wp-json\/wp\/v2\/pages\/337\/revisions"}],"predecessor-version":[{"id":1017,"href":"https:\/\/jgs.lt\/index.php\/wp-json\/wp\/v2\/pages\/337\/revisions\/1017"}],"up":[{"embeddable":true,"href":"https:\/\/jgs.lt\/index.php\/wp-json\/wp\/v2\/pages\/8"}],"wp:attachment":[{"href":"https:\/\/jgs.lt\/index.php\/wp-json\/wp\/v2\/media?parent=337"}],"curies":[{"name":"wp","href":"https:\/\/api.w.org\/{rel}","templated":true}]}}