{"id":342,"date":"2022-01-03T17:12:08","date_gmt":"2022-01-03T17:12:08","guid":{"rendered":"https:\/\/jgs.lt\/?page_id=342"},"modified":"2022-07-11T17:36:11","modified_gmt":"2022-07-11T14:36:11","slug":"lietus-bogdziuno-lauke","status":"publish","type":"page","link":"https:\/\/jgs.lt\/index.php\/liudijimai\/lietus-bogdziuno-lauke\/","title":{"rendered":"Lietus Bogd\u017ei\u016bno lauke"},"content":{"rendered":"\n<div class=\"wp-block-cover alignfull is-light\" style=\"min-height:200px;aspect-ratio:unset;\"><span aria-hidden=\"true\" class=\"wp-block-cover__background has-background-dim-40 has-background-dim\"><\/span><img loading=\"lazy\" decoding=\"async\" width=\"1024\" height=\"340\" class=\"wp-block-cover__image-background wp-image-71\" alt=\"\" src=\"https:\/\/jgs.lt\/wp-content\/uploads\/2020\/09\/services-bg-1024x340.jpg\" style=\"object-position:4% 27%\" data-object-fit=\"cover\" data-object-position=\"4% 27%\" srcset=\"https:\/\/jgs.lt\/wp-content\/uploads\/2020\/09\/services-bg-1024x340.jpg 1024w, https:\/\/jgs.lt\/wp-content\/uploads\/2020\/09\/services-bg-300x100.jpg 300w, https:\/\/jgs.lt\/wp-content\/uploads\/2020\/09\/services-bg-768x255.jpg 768w, https:\/\/jgs.lt\/wp-content\/uploads\/2020\/09\/services-bg-1536x510.jpg 1536w, https:\/\/jgs.lt\/wp-content\/uploads\/2020\/09\/services-bg.jpg 1920w\" sizes=\"auto, (max-width: 1024px) 100vw, 1024px\" \/><div class=\"wp-block-cover__inner-container is-layout-flow wp-block-cover-is-layout-flow\">\n<p class=\"has-text-align-center has-large-font-size\"><strong>Liudijimai<\/strong><\/p>\n<\/div><\/div>\n\n\n\n<p><a href=\"https:\/\/jgs.lt\/en\/index.php\/testimonies\/rain-in-bogdziunas-field\/\" title=\"English\"><strong>English<\/strong><\/a><\/p>\n\n\n\n<h3 class=\"has-text-align-center wp-block-heading\" id=\"dievas-nukreipia-lietu-bogdziuno-lauke-2019-m\"><strong>Dievas nukreipia liet\u0173 Bogd\u017ei\u016bno lauke 2019 m<\/strong><\/h3>\n\n\n\n<p>K\u016bl\u0117m Bogd\u017ei\u016bno lauk\u0105 ir prane\u0161\u0117 visoj Lietuvoj liet\u0173. Pagal prognozes tur\u0117jo praeiti per vis\u0105 Lietuv\u0105 tokia uodega ir niekaip negal\u0117jom i\u0161vengt negav\u0119 lietaus. Ne\u017einau kelint\u0105 priekab\u0105 t\u0105 dien\u0105 pjov\u0117m, ar kelint\u0105 i\u0161 to lauko, bet kaip dabar prisimenu: brolis kulia, a\u0161 i\u0161va\u017eiuoju i\u0161 nam\u0173 i\u0161pyl\u0119s grudus ir nuo kaimo toks juodas debesis ateina, i\u0161 paskos seka. Nu galvoju:&#8221;per marias nepraeis dar nesimelsiu. jei pereis marias tada melsiuos&#8221;. Nuva\u017eiavau iki lauko ir matau: debesis per\u0117jo marias ir varo tiesiai ant m\u016bs\u0173 ir mus tikrai u\u017edengs. Jau matau, jau visai tuoj vir\u0161 galvos bus, toks juodas, toks juodas, tikrai gausiai lis. Ir prad\u0117jau tada melstis:&#8221; Dieve meld\u017eiu, si\u0173sk liet\u0173 kitiems laukams, kuriems reikia lietaus, kuri\u0173 dar nepjausim, kad lietus nelyt\u0173 ant t\u0173 lauk\u0173, kurius dabar jau reikia pjaut, Tu gi gali visk\u0105, sulaikyk liet\u0173 vir\u0161 m\u016bs\u0173 lauk\u0173, kuriuos pjaunam&#8221;. I\u0161lipau i\u0161 traktoriaus d\u0117l &#8220;lietaus kontrol\u0117s&#8221;, kad \u017eino\u010diau, kiek lietaus gausim. \u017di\u016briu lietaus debesis prad\u0117jo suktis nuo m\u016bs\u0173 link kaimo ir mari\u0173, pro vien\u0105 kra\u0161t\u0105 m\u016bs\u0173 lauko, o kita dalis ka\u017ekur 1\/3, 1\/4 debesies pro kit\u0105 pus\u0119 patrauk\u0117, aplenkin\u0117jo m\u016bs\u0173 lauk\u0105. Ant kaimo ir mari\u0173 pats baisumas buvo, dav\u0117 kad net pilka buvo. Lietaus menzur\u0117l\u0117 namie, ka\u017ekur 10 mm lietaus parod\u0117, o tai yra tikrai daug. Paskui pra\u0117j\u0119s m\u016bs\u0173 lauk\u0105 debesis gal kokia 1 &#8211; 2 km atstumu prad\u0117jo suktis ir eiti apie m\u016bs\u0173 lauk\u0105 ratu, kad atsistatyt\u0173 \u012f buvusi\u0105 trajektorij\u0105, kuria \u0117jo prie\u0161 mano mald\u0105. Ta lietaus banga pra\u0117jo, bet kai at\u0117jo dar viena lietaus banga, kad ir meld\u017eiausi, bet nebuvo atsakyta \u012f mano pra\u0161ym\u0105 ir buvom parvaryti namo. A\u010di\u016b Dievui ir u\u017e tiek. Nuostabi patirtis su Dievu buvo. Toks baisus juodas debesis buvo, bet klaus\u0117, kaip ma\u017eas vaikas. M\u016bs\u0173 \u017eod\u017eiai i\u0161tarti su tik\u0117jimu, Dievui \u012f aus\u012f turi stulbinan\u010di\u0105 gali\u0105. Gra\u017eu yra steb\u0117t kaip debesys tavo laukus aplenkin\u0117ja kaip nuplikyti. Neu\u017emir\u0161iu t\u0173 patir\u010di\u0173 su debesimis. Kai pasimeldi, o tada stovi pusia valandos ir stebi, kaip prie\u0161 tavo akis vyksta stebuklas ir \u0161irdis d\u017eiaugiasi Dievu, kad jis taip veikia. \u0160irdis prisipildo neapsakomo d\u017eiaugsmo. Linkiu visiems patirti santykio su Dievu d\u017eiaugsm\u0105. B\u016bkit palaiminti J\u0117zaus vardu. Visa garb\u0117 Jam, su T\u0117vu ir \u0161vent\u0105ja Dvasia per am\u017ei\u0173 am\u017eius amen.<\/p>\n\n\n\n<p><a href=\"https:\/\/jgs.lt\/index.php\/pradzia\/liudijimai\/\" title=\"Liudijimai\">Gr\u012f\u017eti \u012f liudijimus<\/a><\/p>\n","protected":false},"excerpt":{"rendered":"<p>English Dievas nukreipia liet\u0173 Bogd\u017ei\u016bno lauke 2019 m K\u016bl\u0117m Bogd\u017ei\u016bno lauk\u0105 ir prane\u0161\u0117 visoj Lietuvoj liet\u0173. Pagal prognozes tur\u0117jo praeiti per vis\u0105 Lietuv\u0105 tokia uodega ir niekaip negal\u0117jom i\u0161vengt negav\u0119 lietaus. Ne\u017einau kelint\u0105 priekab\u0105 t\u0105 dien\u0105 pjov\u0117m, ar kelint\u0105 i\u0161 to lauko, bet kaip dabar prisimenu: brolis kulia, a\u0161 i\u0161va\u017eiuoju i\u0161 nam\u0173 i\u0161pyl\u0119s grudus ir [&hellip;]<\/p>\n","protected":false},"author":1,"featured_media":0,"parent":8,"menu_order":13,"comment_status":"open","ping_status":"closed","template":"","meta":{"om_disable_all_campaigns":false,"_monsterinsights_skip_tracking":false,"_monsterinsights_sitenote_active":false,"_monsterinsights_sitenote_note":"","_monsterinsights_sitenote_category":0,"site-sidebar-layout":"default","site-content-layout":"plain-container","ast-site-content-layout":"default","site-content-style":"default","site-sidebar-style":"default","ast-global-header-display":"","ast-banner-title-visibility":"","ast-main-header-display":"","ast-hfb-above-header-display":"","ast-hfb-below-header-display":"","ast-hfb-mobile-header-display":"","site-post-title":"disabled","ast-breadcrumbs-content":"","ast-featured-img":"","footer-sml-layout":"","ast-disable-related-posts":"","theme-transparent-header-meta":"enabled","adv-header-id-meta":"","stick-header-meta":"","header-above-stick-meta":"","header-main-stick-meta":"","header-below-stick-meta":"","astra-migrate-meta-layouts":"default","ast-page-background-enabled":"default","ast-page-background-meta":{"desktop":{"background-color":"","background-image":"","background-repeat":"repeat","background-position":"center center","background-size":"auto","background-attachment":"scroll","background-type":"","background-media":"","overlay-type":"","overlay-color":"","overlay-opacity":"","overlay-gradient":""},"tablet":{"background-color":"","background-image":"","background-repeat":"repeat","background-position":"center center","background-size":"auto","background-attachment":"scroll","background-type":"","background-media":"","overlay-type":"","overlay-color":"","overlay-opacity":"","overlay-gradient":""},"mobile":{"background-color":"","background-image":"","background-repeat":"repeat","background-position":"center center","background-size":"auto","background-attachment":"scroll","background-type":"","background-media":"","overlay-type":"","overlay-color":"","overlay-opacity":"","overlay-gradient":""}},"ast-content-background-meta":{"desktop":{"background-color":"var(--ast-global-color-5)","background-image":"","background-repeat":"repeat","background-position":"center center","background-size":"auto","background-attachment":"scroll","background-type":"","background-media":"","overlay-type":"","overlay-color":"","overlay-opacity":"","overlay-gradient":""},"tablet":{"background-color":"var(--ast-global-color-5)","background-image":"","background-repeat":"repeat","background-position":"center center","background-size":"auto","background-attachment":"scroll","background-type":"","background-media":"","overlay-type":"","overlay-color":"","overlay-opacity":"","overlay-gradient":""},"mobile":{"background-color":"var(--ast-global-color-5)","background-image":"","background-repeat":"repeat","background-position":"center center","background-size":"auto","background-attachment":"scroll","background-type":"","background-media":"","overlay-type":"","overlay-color":"","overlay-opacity":"","overlay-gradient":""}},"footnotes":""},"class_list":["post-342","page","type-page","status-publish","hentry"],"aioseo_notices":[],"_links":{"self":[{"href":"https:\/\/jgs.lt\/index.php\/wp-json\/wp\/v2\/pages\/342","targetHints":{"allow":["GET"]}}],"collection":[{"href":"https:\/\/jgs.lt\/index.php\/wp-json\/wp\/v2\/pages"}],"about":[{"href":"https:\/\/jgs.lt\/index.php\/wp-json\/wp\/v2\/types\/page"}],"author":[{"embeddable":true,"href":"https:\/\/jgs.lt\/index.php\/wp-json\/wp\/v2\/users\/1"}],"replies":[{"embeddable":true,"href":"https:\/\/jgs.lt\/index.php\/wp-json\/wp\/v2\/comments?post=342"}],"version-history":[{"count":6,"href":"https:\/\/jgs.lt\/index.php\/wp-json\/wp\/v2\/pages\/342\/revisions"}],"predecessor-version":[{"id":974,"href":"https:\/\/jgs.lt\/index.php\/wp-json\/wp\/v2\/pages\/342\/revisions\/974"}],"up":[{"embeddable":true,"href":"https:\/\/jgs.lt\/index.php\/wp-json\/wp\/v2\/pages\/8"}],"wp:attachment":[{"href":"https:\/\/jgs.lt\/index.php\/wp-json\/wp\/v2\/media?parent=342"}],"curies":[{"name":"wp","href":"https:\/\/api.w.org\/{rel}","templated":true}]}}