{"id":348,"date":"2022-01-03T18:06:12","date_gmt":"2022-01-03T18:06:12","guid":{"rendered":"https:\/\/jgs.lt\/?page_id=348"},"modified":"2022-07-11T17:33:49","modified_gmt":"2022-07-11T14:33:49","slug":"job-287","status":"publish","type":"page","link":"https:\/\/jgs.lt\/index.php\/liudijimai\/job-287\/","title":{"rendered":"Job 287"},"content":{"rendered":"\n<div class=\"wp-block-cover alignfull is-light\" style=\"min-height:200px;aspect-ratio:unset;\"><span aria-hidden=\"true\" class=\"wp-block-cover__background has-background-dim-40 has-background-dim\"><\/span><img loading=\"lazy\" decoding=\"async\" width=\"1024\" height=\"340\" class=\"wp-block-cover__image-background wp-image-71\" alt=\"\" src=\"https:\/\/jgs.lt\/wp-content\/uploads\/2020\/09\/services-bg-1024x340.jpg\" style=\"object-position:4% 27%\" data-object-fit=\"cover\" data-object-position=\"4% 27%\" srcset=\"https:\/\/jgs.lt\/wp-content\/uploads\/2020\/09\/services-bg-1024x340.jpg 1024w, https:\/\/jgs.lt\/wp-content\/uploads\/2020\/09\/services-bg-300x100.jpg 300w, https:\/\/jgs.lt\/wp-content\/uploads\/2020\/09\/services-bg-768x255.jpg 768w, https:\/\/jgs.lt\/wp-content\/uploads\/2020\/09\/services-bg-1536x510.jpg 1536w, https:\/\/jgs.lt\/wp-content\/uploads\/2020\/09\/services-bg.jpg 1920w\" sizes=\"auto, (max-width: 1024px) 100vw, 1024px\" \/><div class=\"wp-block-cover__inner-container is-layout-flow wp-block-cover-is-layout-flow\">\n<p class=\"has-text-align-center has-large-font-size\"><strong>Liudijimai<\/strong><\/p>\n<\/div><\/div>\n\n\n\n<p><a href=\"https:\/\/jgs.lt\/en\/index.php\/testimonies\/job287\/\" title=\"English\"><strong>English<\/strong><\/a><\/p>\n\n\n\n<h3 class=\"has-text-align-center wp-block-heading\" id=\"job287-2020-06-03\">JOB287 2020-06-03<\/h3>\n\n\n\n<p>Prasid\u0117jo viena po kitos, kas dvi savait\u0117s vis visokios nelaim\u0117s i\u0161siurbian\u010dios pinigus. Ma\u0161in\u0173 remontai. Tvarkiau vienos ma\u0161inos kondicionieri\u0173 i\u0161 \u017ead\u0117to apie 50 eur\u0173 remonto pasidar\u0117 250, nors prie\u0161 metus buvo tas pats radiatorius keistas, bet v\u0117l prakiuro. Paskui sugedo kitos ma\u0161inos sankaba. V\u0117l 180 &#8211; 200 eur\u0173. Pava\u017ein\u0117jus dar 2 savaites sugedo antrosios ma\u0161inos, kur sankab\u0105 tais\u0117m, visa elektra. Daug kas nebeveik\u0117, nei generatorius, nei kondicionierius, ventiliatorius, langai, tod\u0117l nusprend\u0117m neberemontuot, pardav\u0117m \u012f lau\u017eyn\u0105. Lietus i\u0161vart\u0117 kelis jav\u0173 laukus. Paskui su gps&#8217;u matavau \u017ealos plotus ir nepajutau, kaip tas gps&#8217;as ar tai i\u0161 rankos, ar tai i\u0161 ki\u0161en\u0117s i\u0161krito. Su mama ie\u0161kojom 2 val. bet neradom. Paskui kit\u0105 dien\u0105 dar apie valand\u0105 ie\u0161kojau, bet neradau. Po t\u0173 \u012fvyki\u0173 va\u017eiuojan namo apie Kupi\u0161kio apva\u017eiavim\u0105, vis u\u017e aki\u0173 u\u017ekli\u016bdavo balta ma\u0161ina su numeriu JOB287. O a\u0161 kadangi tur\u0117j\u0119s patirt\u012f su JOB ma\u0161inos numeriu, ka\u017ekaip mintys i\u0161 kart prad\u0117jo l\u012fst, kad:&#8221; paskaityk \u010dia tau, paskaityk, sustok ir paskaityk&#8221;. Bet galvoju:&#8221;nu ne neskaitysiu&#8221;. Vien\u0105 dien\u0105 taip, paskui ir kit\u0105 dien\u0105 ta pati ma\u0161ina aplenk\u0117, v\u0117l \u017ei\u016briu JOB287. Vistiek galvoju:&#8221;ne neskaitysiu, nenoriu nieko pasiklaust ar su\u017einot i\u0161 Dievo, neskaitysiu&#8221;. Paskui ar sekan\u010dia dien\u0105 ar paskui, v\u0117l aplenk\u0117 ta pati JOB287, ir v\u0117l tos mintys:&#8221; paskaityk, sustok ir paskaityk, \u010dia tau&#8221;. Nu galvoju:&#8221; nu gerai paskaitysiu, kad \u010dia taip \u012fkyriai lenda ta ma\u0161ina \u012f akis&#8221;. Sustojau, i\u0161sitraukiau plan\u010d\u0117t\u0119 ir skaitau Job 2:7-8 &#8220;7 Tada \u0161\u0117tonas pasi\u0161alino i\u0161 Dievo akivaizdos ir i\u0161tiko Job\u0105 dvokian\u010diomis votimis nuo pad\u0173 iki vir\u0161ugalvio. 8 S\u0117d\u0117damas pelenuose, jis (Jobas) grand\u0117si \u0161uke p\u016blius&#8221;. Ir tada supratau, kad \u010dia man yra i\u0161bandym\u0173 metas ir tiesiog, kaip Jobui reikia j\u012f i\u0161laukti ir neburnoti prie\u0161 Diev\u0105. Po i\u0161bandym\u0173 ateis ir palaiminimas. Reik kantryb\u0117s ir pasitik\u0117jimo Dievu. I\u0161bandym\u0173 metas eina \u012f pabaig\u0105. A\u0161 manau iki rugs\u0117jo arba maksimum met\u0173 galo pagal Jeremijo prana\u0161yst\u0117s \u017eod\u017eius man. Daugiau a\u0161 tos ma\u0161inos su tuo numeriu savo akyse nebema\u010diau. Dievas randa visoki\u0173 b\u016bd\u0173 su mumis komunikuoti, nes mes jam r\u016bpim ir jis nori b\u016bti su mumis santykyje. Nebijokim Jo. Ilgis mano \u0161irdis Tav\u0119s mano Dieve. Kontaktas su tavim atne\u0161a d\u017eiaugsm\u0105. \u012est 8:3 \u017dmogus gyvas ne vien duona, bet kiekvienu \u017eod\u017eiu, kuris i\u0161eina i\u0161 dievo l\u016bp\u0173.<\/p>\n\n\n\n<p><a href=\"https:\/\/jgs.lt\/index.php\/pradzia\/liudijimai\/\" title=\"Liudijimai\">Gr\u012f\u017eti \u012f liudijimus<\/a><\/p>\n","protected":false},"excerpt":{"rendered":"<p>English JOB287 2020-06-03 Prasid\u0117jo viena po kitos, kas dvi savait\u0117s vis visokios nelaim\u0117s i\u0161siurbian\u010dios pinigus. Ma\u0161in\u0173 remontai. Tvarkiau vienos ma\u0161inos kondicionieri\u0173 i\u0161 \u017ead\u0117to apie 50 eur\u0173 remonto pasidar\u0117 250, nors prie\u0161 metus buvo tas pats radiatorius keistas, bet v\u0117l prakiuro. Paskui sugedo kitos ma\u0161inos sankaba. V\u0117l 180 &#8211; 200 eur\u0173. Pava\u017ein\u0117jus dar 2 savaites sugedo [&hellip;]<\/p>\n","protected":false},"author":1,"featured_media":0,"parent":8,"menu_order":14,"comment_status":"open","ping_status":"closed","template":"","meta":{"om_disable_all_campaigns":false,"_monsterinsights_skip_tracking":false,"_monsterinsights_sitenote_active":false,"_monsterinsights_sitenote_note":"","_monsterinsights_sitenote_category":0,"site-sidebar-layout":"default","site-content-layout":"plain-container","ast-site-content-layout":"default","site-content-style":"default","site-sidebar-style":"default","ast-global-header-display":"","ast-banner-title-visibility":"","ast-main-header-display":"","ast-hfb-above-header-display":"","ast-hfb-below-header-display":"","ast-hfb-mobile-header-display":"","site-post-title":"disabled","ast-breadcrumbs-content":"","ast-featured-img":"","footer-sml-layout":"","ast-disable-related-posts":"","theme-transparent-header-meta":"enabled","adv-header-id-meta":"","stick-header-meta":"","header-above-stick-meta":"","header-main-stick-meta":"","header-below-stick-meta":"","astra-migrate-meta-layouts":"default","ast-page-background-enabled":"default","ast-page-background-meta":{"desktop":{"background-color":"","background-image":"","background-repeat":"repeat","background-position":"center center","background-size":"auto","background-attachment":"scroll","background-type":"","background-media":"","overlay-type":"","overlay-color":"","overlay-opacity":"","overlay-gradient":""},"tablet":{"background-color":"","background-image":"","background-repeat":"repeat","background-position":"center center","background-size":"auto","background-attachment":"scroll","background-type":"","background-media":"","overlay-type":"","overlay-color":"","overlay-opacity":"","overlay-gradient":""},"mobile":{"background-color":"","background-image":"","background-repeat":"repeat","background-position":"center center","background-size":"auto","background-attachment":"scroll","background-type":"","background-media":"","overlay-type":"","overlay-color":"","overlay-opacity":"","overlay-gradient":""}},"ast-content-background-meta":{"desktop":{"background-color":"var(--ast-global-color-5)","background-image":"","background-repeat":"repeat","background-position":"center center","background-size":"auto","background-attachment":"scroll","background-type":"","background-media":"","overlay-type":"","overlay-color":"","overlay-opacity":"","overlay-gradient":""},"tablet":{"background-color":"var(--ast-global-color-5)","background-image":"","background-repeat":"repeat","background-position":"center center","background-size":"auto","background-attachment":"scroll","background-type":"","background-media":"","overlay-type":"","overlay-color":"","overlay-opacity":"","overlay-gradient":""},"mobile":{"background-color":"var(--ast-global-color-5)","background-image":"","background-repeat":"repeat","background-position":"center center","background-size":"auto","background-attachment":"scroll","background-type":"","background-media":"","overlay-type":"","overlay-color":"","overlay-opacity":"","overlay-gradient":""}},"footnotes":""},"class_list":["post-348","page","type-page","status-publish","hentry"],"aioseo_notices":[],"_links":{"self":[{"href":"https:\/\/jgs.lt\/index.php\/wp-json\/wp\/v2\/pages\/348","targetHints":{"allow":["GET"]}}],"collection":[{"href":"https:\/\/jgs.lt\/index.php\/wp-json\/wp\/v2\/pages"}],"about":[{"href":"https:\/\/jgs.lt\/index.php\/wp-json\/wp\/v2\/types\/page"}],"author":[{"embeddable":true,"href":"https:\/\/jgs.lt\/index.php\/wp-json\/wp\/v2\/users\/1"}],"replies":[{"embeddable":true,"href":"https:\/\/jgs.lt\/index.php\/wp-json\/wp\/v2\/comments?post=348"}],"version-history":[{"count":7,"href":"https:\/\/jgs.lt\/index.php\/wp-json\/wp\/v2\/pages\/348\/revisions"}],"predecessor-version":[{"id":972,"href":"https:\/\/jgs.lt\/index.php\/wp-json\/wp\/v2\/pages\/348\/revisions\/972"}],"up":[{"embeddable":true,"href":"https:\/\/jgs.lt\/index.php\/wp-json\/wp\/v2\/pages\/8"}],"wp:attachment":[{"href":"https:\/\/jgs.lt\/index.php\/wp-json\/wp\/v2\/media?parent=348"}],"curies":[{"name":"wp","href":"https:\/\/api.w.org\/{rel}","templated":true}]}}