{"id":381,"date":"2022-01-04T11:17:48","date_gmt":"2022-01-04T11:17:48","guid":{"rendered":"https:\/\/jgs.lt\/?page_id=381"},"modified":"2022-07-11T17:20:32","modified_gmt":"2022-07-11T14:20:32","slug":"antausis-2018-pavasaris","status":"publish","type":"page","link":"https:\/\/jgs.lt\/index.php\/liudijimai\/antausis-2018-pavasaris\/","title":{"rendered":"Antausis 2018 pavasaris"},"content":{"rendered":"\n<div class=\"wp-block-cover alignfull is-light\" style=\"min-height:200px;aspect-ratio:unset;\"><span aria-hidden=\"true\" class=\"wp-block-cover__background has-background-dim-40 has-background-dim\"><\/span><img loading=\"lazy\" decoding=\"async\" width=\"1024\" height=\"340\" class=\"wp-block-cover__image-background wp-image-71\" alt=\"\" src=\"https:\/\/jgs.lt\/wp-content\/uploads\/2020\/09\/services-bg-1024x340.jpg\" style=\"object-position:4% 27%\" data-object-fit=\"cover\" data-object-position=\"4% 27%\" srcset=\"https:\/\/jgs.lt\/wp-content\/uploads\/2020\/09\/services-bg-1024x340.jpg 1024w, https:\/\/jgs.lt\/wp-content\/uploads\/2020\/09\/services-bg-300x100.jpg 300w, https:\/\/jgs.lt\/wp-content\/uploads\/2020\/09\/services-bg-768x255.jpg 768w, https:\/\/jgs.lt\/wp-content\/uploads\/2020\/09\/services-bg-1536x510.jpg 1536w, https:\/\/jgs.lt\/wp-content\/uploads\/2020\/09\/services-bg.jpg 1920w\" sizes=\"auto, (max-width: 1024px) 100vw, 1024px\" \/><div class=\"wp-block-cover__inner-container is-layout-flow wp-block-cover-is-layout-flow\">\n<p class=\"has-text-align-center has-large-font-size\"><strong>Liudijimai<\/strong><\/p>\n<\/div><\/div>\n\n\n\n<p><a href=\"https:\/\/jgs.lt\/en\/index.php\/testimonies\/slap\/\" title=\"English\"><strong>English<\/strong><\/a><\/p>\n\n\n\n<h3 class=\"has-text-align-center wp-block-heading\" id=\"antausis-2018-pavasaris\"><strong>Antausis 2018 pavasaris<\/strong><\/h3>\n\n\n\n<p>Buvau k\u0105 tik po lig\u0173, po stebuklingo pagydymo nuo 38,5 *C temperat\u016bros. Kultivavau Pyragiuose lauk\u0105 ir prad\u017eioj, pirmuose apva\u017eiavimuose apie lauk\u0105, \u017ei\u016briu, pagalys kampe guli 2 m. ir trukdo kultivuot. Reik i\u0161lipt ir numest \u012f \u0161on\u0105. Ir taip galvoju, rengtis ar nesirengt, o lauke \u0161altas v\u0117jas pu\u010dia, o a\u0161 traktoriuj tik su viena maikute s\u0117d\u017eiu, nes \u0161ilta, bet galvoju a\u0161 gi greitai, i\u0161\u0161oku 10 sekund\u017ei\u0173 ir viskas, neperpus. I\u0161\u0161okau viena maikute, nume\u010diau pagal\u012f ir v\u0117l visu grei\u010diu \u012f vid\u0173. \u012esib\u0117g\u0117jau ir ka\u017eko pasi\u017ei\u016br\u0117jau \u012f traktoriaus priek\u012f ir nepama\u010diau, kad v\u0117jas p\u016bstel\u0117jo duris ir jos u\u017esidarin\u0117ja, ir kaip trenkiausi visa j\u0117ga \u012f tas duris pe\u010diu ir ausimi. Pirma mintis at\u0117jusi \u012f galv\u0105 tai:&#8221; antausis nuo Dievo&#8221;, o antra mintis buvo:&#8221;a\u0161 \u010dia gydau, gydau, o jis v\u0117l nuogas laksto&#8221;, bet antra mintis tikriausiai nebus nuo Dievo, bet mano i\u0161m\u0105styta, nes Dievas nieko nekaltina, nors, \u0161v. Ra\u0161te ra\u0161o: <a href=\"http:\/\/biblija.lt\/index.aspx?cmp=find&amp;str=hbr%2012,7&amp;doc=BiblijaRKE1999\" title=\" BIBLIJA.LT \u2013 \u0160ventasis Ra\u0161tas lietuvi\u0161kai\">Hbr 12:7<\/a>&#8221; kuris gi t\u0117vas grie\u017etai neaukl\u0117ja savo s\u016bnaus&#8221;. Ir toks d\u017eiaugsmas u\u017eliejo, kad Dievas gali ir tokiu b\u016bdu prie \u017emogaus prisiliest. Tokiu tikslumu suvald\u0117 v\u0117j\u0105, milimetrofk\u0117, milimetro tikslumu pap\u016bt\u0117. Paskui dar gal kokias 3 valandas buvau tame d\u017eiaugsme. Aus\u012f gal 3 valandas skaud\u0117jo, o pet\u012f gal 2 dienas. A\u010di\u016b Tau Dieve, kad tu net tokiu b\u016bdu man prakalbi. \u012evairiausi\u0173 bendravimo form\u0173 pas Diev\u0105 yra, tik reikia &#8220;i\u0161tempus ausis klausyti&#8221; ir i\u0161girsit. Kad ir kokie potyriai kartais b\u016bna, bet malonu kai Dievas i\u0161 &#8220;anapus&#8221; \u0161itos realyb\u0117s(o gal \u0161iapus, i\u0161 gilumos i\u0161siver\u010dia) prakalba \u012f tave. Neapsakomas jausmas, kokios mintys tada laksto galvoj. D\u017eiaugsmas, kitaip nepavadinsi. Reikia tai patirt. Visiems linkiu u\u017emegsti kontakt\u0105, artim\u0105 santyk\u012f su m\u016bs\u0173 Dievu. Gyvenimas nusispalvins visai kitokiomis spalvomis, negu esat prat\u0119. Telaimina Dievas j\u016bs\u0173 pastangas j\u012f atrasti. Tiems, kurie jo ie\u0161ko, jis leid\u017eiasi surandamas. <a href=\"http:\/\/biblija.lt\/index.aspx?cmp=find&amp;str=2%20Met%2015,4&amp;doc=BiblijaRKE1999\" title=\"Biblija.lt\">2 Met 15:4<\/a><\/p>\n\n\n\n<p><a href=\"https:\/\/jgs.lt\/index.php\/pradzia\/liudijimai\/\" title=\"Liudijimai\">Gr\u012f\u017eti \u012f liudijimus<\/a><\/p>\n","protected":false},"excerpt":{"rendered":"<p>English Antausis 2018 pavasaris Buvau k\u0105 tik po lig\u0173, po stebuklingo pagydymo nuo 38,5 *C temperat\u016bros. Kultivavau Pyragiuose lauk\u0105 ir prad\u017eioj, pirmuose apva\u017eiavimuose apie lauk\u0105, \u017ei\u016briu, pagalys kampe guli 2 m. ir trukdo kultivuot. Reik i\u0161lipt ir numest \u012f \u0161on\u0105. Ir taip galvoju, rengtis ar nesirengt, o lauke \u0161altas v\u0117jas pu\u010dia, o a\u0161 traktoriuj tik [&hellip;]<\/p>\n","protected":false},"author":1,"featured_media":0,"parent":8,"menu_order":16,"comment_status":"open","ping_status":"closed","template":"","meta":{"om_disable_all_campaigns":false,"_monsterinsights_skip_tracking":false,"_monsterinsights_sitenote_active":false,"_monsterinsights_sitenote_note":"","_monsterinsights_sitenote_category":0,"site-sidebar-layout":"default","site-content-layout":"plain-container","ast-site-content-layout":"default","site-content-style":"default","site-sidebar-style":"default","ast-global-header-display":"","ast-banner-title-visibility":"","ast-main-header-display":"","ast-hfb-above-header-display":"","ast-hfb-below-header-display":"","ast-hfb-mobile-header-display":"","site-post-title":"disabled","ast-breadcrumbs-content":"","ast-featured-img":"","footer-sml-layout":"","ast-disable-related-posts":"","theme-transparent-header-meta":"enabled","adv-header-id-meta":"","stick-header-meta":"","header-above-stick-meta":"","header-main-stick-meta":"","header-below-stick-meta":"","astra-migrate-meta-layouts":"default","ast-page-background-enabled":"default","ast-page-background-meta":{"desktop":{"background-color":"","background-image":"","background-repeat":"repeat","background-position":"center center","background-size":"auto","background-attachment":"scroll","background-type":"","background-media":"","overlay-type":"","overlay-color":"","overlay-opacity":"","overlay-gradient":""},"tablet":{"background-color":"","background-image":"","background-repeat":"repeat","background-position":"center center","background-size":"auto","background-attachment":"scroll","background-type":"","background-media":"","overlay-type":"","overlay-color":"","overlay-opacity":"","overlay-gradient":""},"mobile":{"background-color":"","background-image":"","background-repeat":"repeat","background-position":"center center","background-size":"auto","background-attachment":"scroll","background-type":"","background-media":"","overlay-type":"","overlay-color":"","overlay-opacity":"","overlay-gradient":""}},"ast-content-background-meta":{"desktop":{"background-color":"var(--ast-global-color-5)","background-image":"","background-repeat":"repeat","background-position":"center center","background-size":"auto","background-attachment":"scroll","background-type":"","background-media":"","overlay-type":"","overlay-color":"","overlay-opacity":"","overlay-gradient":""},"tablet":{"background-color":"var(--ast-global-color-5)","background-image":"","background-repeat":"repeat","background-position":"center center","background-size":"auto","background-attachment":"scroll","background-type":"","background-media":"","overlay-type":"","overlay-color":"","overlay-opacity":"","overlay-gradient":""},"mobile":{"background-color":"var(--ast-global-color-5)","background-image":"","background-repeat":"repeat","background-position":"center center","background-size":"auto","background-attachment":"scroll","background-type":"","background-media":"","overlay-type":"","overlay-color":"","overlay-opacity":"","overlay-gradient":""}},"footnotes":""},"class_list":["post-381","page","type-page","status-publish","hentry"],"aioseo_notices":[],"_links":{"self":[{"href":"https:\/\/jgs.lt\/index.php\/wp-json\/wp\/v2\/pages\/381","targetHints":{"allow":["GET"]}}],"collection":[{"href":"https:\/\/jgs.lt\/index.php\/wp-json\/wp\/v2\/pages"}],"about":[{"href":"https:\/\/jgs.lt\/index.php\/wp-json\/wp\/v2\/types\/page"}],"author":[{"embeddable":true,"href":"https:\/\/jgs.lt\/index.php\/wp-json\/wp\/v2\/users\/1"}],"replies":[{"embeddable":true,"href":"https:\/\/jgs.lt\/index.php\/wp-json\/wp\/v2\/comments?post=381"}],"version-history":[{"count":7,"href":"https:\/\/jgs.lt\/index.php\/wp-json\/wp\/v2\/pages\/381\/revisions"}],"predecessor-version":[{"id":967,"href":"https:\/\/jgs.lt\/index.php\/wp-json\/wp\/v2\/pages\/381\/revisions\/967"}],"up":[{"embeddable":true,"href":"https:\/\/jgs.lt\/index.php\/wp-json\/wp\/v2\/pages\/8"}],"wp:attachment":[{"href":"https:\/\/jgs.lt\/index.php\/wp-json\/wp\/v2\/media?parent=381"}],"curies":[{"name":"wp","href":"https:\/\/api.w.org\/{rel}","templated":true}]}}