{"id":391,"date":"2022-01-04T12:09:05","date_gmt":"2022-01-04T12:09:05","guid":{"rendered":"https:\/\/jgs.lt\/?page_id=391"},"modified":"2023-02-14T16:57:30","modified_gmt":"2023-02-14T14:57:30","slug":"385c","status":"publish","type":"page","link":"https:\/\/jgs.lt\/index.php\/liudijimai\/385c\/","title":{"rendered":"38,5*C"},"content":{"rendered":"\n<div class=\"wp-block-cover alignfull is-light\" style=\"min-height:200px;aspect-ratio:unset;\"><span aria-hidden=\"true\" class=\"wp-block-cover__background has-background-dim-40 has-background-dim\"><\/span><img loading=\"lazy\" decoding=\"async\" width=\"1024\" height=\"340\" class=\"wp-block-cover__image-background wp-image-71\" alt=\"\" src=\"https:\/\/jgs.lt\/wp-content\/uploads\/2020\/09\/services-bg-1024x340.jpg\" style=\"object-position:4% 27%\" data-object-fit=\"cover\" data-object-position=\"4% 27%\" srcset=\"https:\/\/jgs.lt\/wp-content\/uploads\/2020\/09\/services-bg-1024x340.jpg 1024w, https:\/\/jgs.lt\/wp-content\/uploads\/2020\/09\/services-bg-300x100.jpg 300w, https:\/\/jgs.lt\/wp-content\/uploads\/2020\/09\/services-bg-768x255.jpg 768w, https:\/\/jgs.lt\/wp-content\/uploads\/2020\/09\/services-bg-1536x510.jpg 1536w, https:\/\/jgs.lt\/wp-content\/uploads\/2020\/09\/services-bg.jpg 1920w\" sizes=\"auto, (max-width: 1024px) 100vw, 1024px\" \/><div class=\"wp-block-cover__inner-container is-layout-flow wp-block-cover-is-layout-flow\">\n<p class=\"has-text-align-center has-large-font-size\"><strong>Liudijimai<\/strong><\/p>\n<\/div><\/div>\n\n\n\n<p><a href=\"https:\/\/jgs.lt\/en\/index.php\/testimonies\/385c\/\" title=\"English\"><strong>English<\/strong><\/a><\/p>\n\n\n\n<h3 class=\"has-text-align-center wp-block-heading\" id=\"dievas-pagydo-is-38-5-c-temperaturos-2018-04-12\"><strong>Dievas pagydo i\u0161 38,5*C temperat\u016bros 2018-04-12<\/strong><\/h3>\n\n\n\n<p>Dievas m\u0117gsta bajerius. Jis \u017eino, kaip priversti mus kar\u0161tligi\u0161kai ie\u0161koti pagalbos tik Jame, kaip stumtelti mus per skard\u017eio kra\u0161t\u0105, ir kad&nbsp; mes \u201eskristume\u201c. \u012e mano gyvenim\u0105 at\u0117jo tokia situacija. Buvau u\u017espeistas \u012f kamp\u0105 ir tur\u0117jau daryti tai, ko kitu atveju nedary\u010diau.<\/p>\n\n\n\n<p>Noriu paliudyti, kaip Dievas mane i\u0161gyd\u0117 nuo 38,5*C temperat\u016bros per vien\u0105 nakt\u012f tik per mald\u0105 2018-04-12.<\/p>\n\n\n\n<p>Tre\u010diadien\u012f jau su lau\u017eomais nuo gripo kaulais nuva\u017eiavau \u012f V\u017dB susirinkim\u0105. Po bendr\u0173 mald\u0173 b\u016bkl\u0117 \u0161iek tiek pager\u0117jo, bet per savait\u0119 po to ji v\u0117l atsistat\u0117 \u012f pradin\u0119 b\u016bkl\u0119 ir per kit\u0105 susirinkim\u0105 jau v\u0117l lau\u017e\u0117 kaulus ir vakare pasimatavus temperat\u016br\u0105 jau buvo 38,5*C. O man buvo be prasided\u0105 \u016bkio s\u0117jos darbai, pats pikas, kada man tiesiog negalima sirgti, nes n\u0117ra kam mane pavaduoti ir a\u0161 negaliu vartytis lovoj savait\u0119 ar dvi, nes kiekviena diena pavasary praleista ka\u017ekur kitur, kai jau prad\u017ei\u016bsta dirvos ir reikia va\u017eiuoti kultivuoti, kad &#8220;nepab\u0117gt\u0173&#8221; dr\u0117gm\u0117, atne\u0161a derliaus nuostol\u012f. Tod\u0117l a\u0161 nusprend\u017eiau pasitelkti vis\u0105 &#8220;sunkiaj\u0105 artilerij\u0105&#8221;, visk\u0105 k\u0105 tik esu i\u0161band\u0119s, kas veikia ir &#8220;u\u017edau\u017eyt&#8221; t\u0105 lig\u0105, kad ji atstot\u0173 nuo man\u0119s ir a\u0161 tu\u010d tuojau pasveik\u010diau. Nebuvo kur trauktis. Man tiesiog nebuvo galima tuo metu sirgt. Kitokios b\u016bsenos kaip tik &#8220;a\u0161 esu sveikas ir darbingas&#8221;, a\u0161 nesutikau sau priimt. Ir, a\u0161 prad\u0117jau &#8220;atak\u0105&#8221;. Dariaus N. paragintas ir pamokytas pasidariau arbatos, \u012fsid\u0117jau vy\u0161ni\u0173 uogien\u0117s, kad b\u016bt\u0173 raudonas skystis, su\u0117miau puodel\u012f \u012f rankas ir meld\u017eiausi:&#8221;Vie\u0161paties J\u0117zaus vardu a\u0161 perkei\u010diu \u0161it\u0105 arbat\u0105 \u012f J\u0117zaus krauj\u0105 praliet\u0105 u\u017e mane ir kai a\u0161 j\u012f i\u0161gersiu, tegu jis i\u0161naikina visas bacilas i\u0161 man\u0119s ir a\u0161 pasveikstu&#8221;. Ir a\u0161 t\u0105 arbat\u0105 i\u0161g\u0117riau. Paskui \u0117jau kaitintis \u012f du\u0161\u0105. Tada dar tur\u0117jom du\u0161\u0105, kuriam gal\u0117jau atsigulti i\u0161k\u0117l\u0119s \u012f vir\u0161\u0173 kojas, kad visas k\u016bnas b\u016bt\u0173 po vandeniu. Dabar jis jau atitarnavo kitas yra ma\u017eesnis, nebetelpu. Para\u0161iau vyrams, kad pasimelst\u0173 u\u017e mane. Gal 3-4 para\u0161iau. Buvo apie 23-23:30. Pasid\u0117jau telefon\u0105 \u0161alia, jei kas atra\u0161ys, kad pasimeld\u0117, kad i\u0161kart paskaity\u010diau. Prisileidau kar\u0161to vandens, suki\u0161au \u012f vanden\u012f rankas ir i\u0161tariau:&#8221; J\u0117zaus vardu a\u0161 perkei\u010diu t\u0105 vanden\u012f, \u012f vanden\u012f i\u0161try\u0161kus\u012f i\u0161 ietimi pervertos J\u0117zaus \u0161irdies, ir a\u0161 \u012f j\u012f pasinersiu toks, koks esu, kok\u012f jis mane suk\u016br\u0117, ir te u\u017elies mane jo kar\u0161ta meil\u0117, ir J\u0117zaus vardu tesunaikina tas kar\u0161tis visus parazitus, kurie bando mane varginti.&#8221; Atsiguliau \u012f t\u0105 du\u0161\u0105 ir tokia maloni \u0161ilum\u0117l\u0117 u\u017eliejo, taip gera pasidar\u0117. Prad\u0117jau Diev\u0105 \u0161lovinti ir garbinti, bei d\u0117koti, ir vis\u0105 valand\u0105 nepristigau \u017eod\u017ei\u0173 reik\u0161ti jam pad\u0117k\u0105 ir atiduoti jam \u0161lov\u0119. Ka\u017ekaip guliu, niekas nera\u0161o, kad pasimeld\u0117, nu galvoju:&#8221; gerai \u0161\u012f kart stov\u0117siu vienas&#8221;. Kai i\u0161lipau i\u0161 du\u0161o po 1 val kaitinimosi, temperat\u016bra vis dar buvo 38,5 bet kai atau\u0161au, per 1-2 val. ji nukrito iki 37,5. Tai su tokia temperat\u016bra ir dirbt gal\u0117\u010diau, pagalvojau. Ryte jau nebebuvo temperat\u016bros. Ryte prad\u0117jo ra\u0161yt vyrai, kad pasimeld\u0117 ir klaust ar pasveikau. Sakau, pasveikau, jau vakar. Vis\u0105 sekan\u010di\u0105 dien\u0105 skamb\u0117jo mintyse giesm\u0117s \u017eod\u017eiai:&#8221; <a href=\"https:\/\/www.youtube.com\/watch?v=NjT7O6ZHJhk\" title=\"Su mumis galybi\u0173 Vie\u0161pats - Gabriel\u0117 Gvazdikait\u0117\">su mumis galybi\u0173 Vie\u0161pats, su mumis stipri j\u0117ga, nors ir negandos kankint\u0173, gyvenu tik\u0117jime<\/a>&#8220;.<\/p>\n\n\n\n<p><a href=\"https:\/\/jgs.lt\/index.php\/pradzia\/liudijimai\/\" title=\"Liudijimai\">Gr\u012f\u017eti \u012f liudijimus<\/a><\/p>\n","protected":false},"excerpt":{"rendered":"<p>English Dievas pagydo i\u0161 38,5*C temperat\u016bros 2018-04-12 Dievas m\u0117gsta bajerius. Jis \u017eino, kaip priversti mus kar\u0161tligi\u0161kai ie\u0161koti pagalbos tik Jame, kaip stumtelti mus per skard\u017eio kra\u0161t\u0105, ir kad&nbsp; mes \u201eskristume\u201c. \u012e mano gyvenim\u0105 at\u0117jo tokia situacija. Buvau u\u017espeistas \u012f kamp\u0105 ir tur\u0117jau daryti tai, ko kitu atveju nedary\u010diau. Noriu paliudyti, kaip Dievas mane i\u0161gyd\u0117 nuo [&hellip;]<\/p>\n","protected":false},"author":1,"featured_media":0,"parent":8,"menu_order":15,"comment_status":"open","ping_status":"closed","template":"","meta":{"om_disable_all_campaigns":false,"_monsterinsights_skip_tracking":false,"_monsterinsights_sitenote_active":false,"_monsterinsights_sitenote_note":"","_monsterinsights_sitenote_category":0,"site-sidebar-layout":"default","site-content-layout":"plain-container","ast-site-content-layout":"default","site-content-style":"default","site-sidebar-style":"default","ast-global-header-display":"","ast-banner-title-visibility":"","ast-main-header-display":"","ast-hfb-above-header-display":"","ast-hfb-below-header-display":"","ast-hfb-mobile-header-display":"","site-post-title":"disabled","ast-breadcrumbs-content":"","ast-featured-img":"","footer-sml-layout":"","ast-disable-related-posts":"","theme-transparent-header-meta":"enabled","adv-header-id-meta":"","stick-header-meta":"","header-above-stick-meta":"","header-main-stick-meta":"","header-below-stick-meta":"","astra-migrate-meta-layouts":"default","ast-page-background-enabled":"default","ast-page-background-meta":{"desktop":{"background-color":"","background-image":"","background-repeat":"repeat","background-position":"center center","background-size":"auto","background-attachment":"scroll","background-type":"","background-media":"","overlay-type":"","overlay-color":"","overlay-opacity":"","overlay-gradient":""},"tablet":{"background-color":"","background-image":"","background-repeat":"repeat","background-position":"center center","background-size":"auto","background-attachment":"scroll","background-type":"","background-media":"","overlay-type":"","overlay-color":"","overlay-opacity":"","overlay-gradient":""},"mobile":{"background-color":"","background-image":"","background-repeat":"repeat","background-position":"center center","background-size":"auto","background-attachment":"scroll","background-type":"","background-media":"","overlay-type":"","overlay-color":"","overlay-opacity":"","overlay-gradient":""}},"ast-content-background-meta":{"desktop":{"background-color":"var(--ast-global-color-5)","background-image":"","background-repeat":"repeat","background-position":"center center","background-size":"auto","background-attachment":"scroll","background-type":"","background-media":"","overlay-type":"","overlay-color":"","overlay-opacity":"","overlay-gradient":""},"tablet":{"background-color":"var(--ast-global-color-5)","background-image":"","background-repeat":"repeat","background-position":"center center","background-size":"auto","background-attachment":"scroll","background-type":"","background-media":"","overlay-type":"","overlay-color":"","overlay-opacity":"","overlay-gradient":""},"mobile":{"background-color":"var(--ast-global-color-5)","background-image":"","background-repeat":"repeat","background-position":"center center","background-size":"auto","background-attachment":"scroll","background-type":"","background-media":"","overlay-type":"","overlay-color":"","overlay-opacity":"","overlay-gradient":""}},"footnotes":""},"class_list":["post-391","page","type-page","status-publish","hentry"],"aioseo_notices":[],"_links":{"self":[{"href":"https:\/\/jgs.lt\/index.php\/wp-json\/wp\/v2\/pages\/391","targetHints":{"allow":["GET"]}}],"collection":[{"href":"https:\/\/jgs.lt\/index.php\/wp-json\/wp\/v2\/pages"}],"about":[{"href":"https:\/\/jgs.lt\/index.php\/wp-json\/wp\/v2\/types\/page"}],"author":[{"embeddable":true,"href":"https:\/\/jgs.lt\/index.php\/wp-json\/wp\/v2\/users\/1"}],"replies":[{"embeddable":true,"href":"https:\/\/jgs.lt\/index.php\/wp-json\/wp\/v2\/comments?post=391"}],"version-history":[{"count":8,"href":"https:\/\/jgs.lt\/index.php\/wp-json\/wp\/v2\/pages\/391\/revisions"}],"predecessor-version":[{"id":1019,"href":"https:\/\/jgs.lt\/index.php\/wp-json\/wp\/v2\/pages\/391\/revisions\/1019"}],"up":[{"embeddable":true,"href":"https:\/\/jgs.lt\/index.php\/wp-json\/wp\/v2\/pages\/8"}],"wp:attachment":[{"href":"https:\/\/jgs.lt\/index.php\/wp-json\/wp\/v2\/media?parent=391"}],"curies":[{"name":"wp","href":"https:\/\/api.w.org\/{rel}","templated":true}]}}