{"id":430,"date":"2022-01-05T13:47:52","date_gmt":"2022-01-05T13:47:52","guid":{"rendered":"https:\/\/jgs.lt\/?page_id=430"},"modified":"2022-07-15T16:21:13","modified_gmt":"2022-07-15T13:21:13","slug":"pirmas-dievo-paklausimas","status":"publish","type":"page","link":"https:\/\/jgs.lt\/index.php\/liudijimai\/pirmas-dievo-paklausimas\/","title":{"rendered":"Pirmas Dievo paklausimas"},"content":{"rendered":"\n<div class=\"wp-block-cover alignfull is-light\" style=\"min-height:200px;aspect-ratio:unset;\"><span aria-hidden=\"true\" class=\"wp-block-cover__background has-background-dim-40 has-background-dim\"><\/span><img loading=\"lazy\" decoding=\"async\" width=\"1024\" height=\"340\" class=\"wp-block-cover__image-background wp-image-71\" alt=\"\" src=\"https:\/\/jgs.lt\/wp-content\/uploads\/2020\/09\/services-bg-1024x340.jpg\" style=\"object-position:4% 27%\" data-object-fit=\"cover\" data-object-position=\"4% 27%\" srcset=\"https:\/\/jgs.lt\/wp-content\/uploads\/2020\/09\/services-bg-1024x340.jpg 1024w, https:\/\/jgs.lt\/wp-content\/uploads\/2020\/09\/services-bg-300x100.jpg 300w, https:\/\/jgs.lt\/wp-content\/uploads\/2020\/09\/services-bg-768x255.jpg 768w, https:\/\/jgs.lt\/wp-content\/uploads\/2020\/09\/services-bg-1536x510.jpg 1536w, https:\/\/jgs.lt\/wp-content\/uploads\/2020\/09\/services-bg.jpg 1920w\" sizes=\"auto, (max-width: 1024px) 100vw, 1024px\" \/><div class=\"wp-block-cover__inner-container is-layout-flow wp-block-cover-is-layout-flow\">\n<p class=\"has-text-align-center has-large-font-size\"><strong>Liudijimai<\/strong><\/p>\n<\/div><\/div>\n\n\n\n<p><a href=\"https:\/\/jgs.lt\/en\/index.php\/testimonies\/the-very-first-question-to-god\/\" title=\"English\"><strong>English<\/strong><\/a><\/p>\n\n\n\n<h3 class=\"has-text-align-center wp-block-heading\" id=\"pirmas-dievo-paklausimas-per-biblija-2014-2015m\"><strong>Pirmas Dievo paklausimas per biblij\u0105 2014 &#8211; 2015m<\/strong><\/h3>\n\n\n\n<p>\u017di\u016br\u0117jau filma apie \u0161v. Pranci\u0161k\u0173 Asy\u017eiet\u012f ir jo gyvenim\u0105 (<a href=\"https:\/\/www.youtube.com\/watch?v=AF2LoZgev-I&amp;list=TLPQMDUwMTIwMjInvE2p-J1eTw&amp;index=33\" title=\"Youtube.com\">Clara ir Pranci\u0161kus<\/a> neradau pa\u010dio filmo youtub\u0117j, bet tame kur\u012f radau, yra ta scena ties 2min riba), ir jis savo draugams taip nurod\u0117, kokia j\u0173 lemtis, taip pasiklaus\u0117 Dievo, kok\u012f gyvenimo b\u016bd\u0105 pasirinkti. Galvoju, reikia ir man taip pabandyti, bet i\u0161 kart abejon\u0117, o k\u0105, jei ir man lieps parduot visk\u0105, k\u0105 turiu ir pvz. sekt J\u0117z\u0173. Gi kai pasiklausi Dievo, ir tai bus Dievo valia tau, nebegal\u0117si jos nevykdyti, o yra ir \u016bkis, ir \u0161eima, ir paskolos. Geriau tada visai ne\u017einot Dievo valios. Ir taip abejodamas ir bijodamas Dievo, ka\u017ekur m\u0117nes\u012f ar pusantro delsiau ir neklausiau Dievo valios. Bet paskui, sakau, bus kas bus, reik surizikuot, bet kadangi ten filme i\u0161 vieno karto sp\u0117jo Dievo vali\u0105, tikrov\u0117j, sakau, reikia Dievui duot tris \u0161ansus, i\u0161 trij\u0173 &#8211; vienas normalus. Skaitysiu pastraip\u0105 ir \u017ei\u016br\u0117siu kokia bendra mintis. Ver\u010diu pirm\u0105 kart ir skaitau. Neatsimenu, kokia ten ra\u0161to vieta, nei\u0161sisaugojau eilut\u0117s, bet bendra mintis, ka\u017ekas apie darb\u0105, bet labai miglotai. Nu galvoju, Dievas nepataik\u0117. Na bet 1 i\u0161 3. Ver\u010diau antr\u0105 kart\u0105 ir skaitau. Nu cia viskas ai\u0161ku, bendra mintis: &#8220;melskis&#8221;. Ver\u010diu tre\u010di\u0105 kart ir skaitau. Nu \u010dia irgi viskas ai\u0161ku: &#8220;kalb\u0117k su manimi (Dievu)&#8221;. Paskui taip pagalvojau, tokias i\u0161vadas padariau, kad jei Dievas du kart pataik\u0117, tai pataik\u0117 ir tre\u010di\u0105, tik jis nelabai svarbus, t.y. nelabai svarbu, kok\u012f darb\u0105 a\u0161 dirbsiu, svarb\u016bs tik paskutiniai du dalykai: melstis ir kalb\u0117t su Dievu.<\/p>\n\n\n\n<p>K\u0105 per tuos 7-8 metus atradau \u0161ituo klausimu, i\u0161m\u0105s\u010diau ar pats i\u0161band\u017eiau? Diev\u0105 klausiu tik labai svarbiais klausimais. Ne daugiau nei 5-6 kartus per metus, arba dar ma\u017eiau. Pirmas saugiklis &#8211; u\u017eduoti Dievui klausim\u0105 ir pra\u0161yti, kad atsakyt\u0173 per biblij\u0105, reikia TIK MINTYSE, ne garsiai, nes dauguma egzorcist\u0173 sako, kad velnias ir angelai negirdi \u017emogaus min\u010di\u0173, jis gali tik nusp\u0117ti, taigi ir ne\u017einos, kada mes \u0161iaip skaitom biblij\u0105 ar ka\u017eko Dievo klausiam per biblij\u0105. \u017dmogaus mintis girdi tik Dievas, tai Jis ir atsakys. Antras saugiklis &#8211; pasimelsti Dievui, kad Jis suri\u0161t\u0173 velni\u0105, kad jis negal\u0117t\u0173 m\u016bs\u0173 suklaidinti savo fokusais, tokiu b\u016bdu, jei mes ir b\u016bsim suklaidinti, tai jau nebe mes b\u016bsim kalti, nes gi papra\u0161\u0117m Dievo apsaugoti savo atsakym\u0105. Ir a\u0161 tikiu, kad Dievas pasir\u016bpins, kad Jo atsakymas neb\u016bt\u0173 i\u0161kraipytas. Ai\u0161ku, reikia pasimelsti prie\u0161 tai, kad kai versit biblij\u0105, kad nebe j\u016bs verstum\u0117t, bet Jis, Dievas, j\u016bs\u0173 rankomis tai daryt\u0173, Jis gi visk\u0105 gali valdyti. A\u0161 &#8220;ver\u010diu&#8221; u\u017esimerk\u0119s ir tai dabar darau savo telefone ar plan\u010det\u0117j. Kiek susiduriau, tai atsakym\u0105 gaudavau i\u0161 pirmo paklausimo, bet kai atsakymas ateidavo i\u0161 kart labai neai\u0161kus ar ne toks kokio tik\u0117jausi, a\u0161 perklausdavau Diev\u0105 ir jau tada i\u0161 abiej\u0173 atsakym\u0173 darydavau bendras i\u0161vadas, paprastai atsakymas buvo vienas ir tas pats, tik kitais \u017eod\u017eiais nusakytas (Biblijoje Gideonas klaus\u0117 Diev\u0105 du kartus per vilnas ar jam Dievas paved\u0117 i\u0161gelb\u0117ti Izrael\u012f <a href=\"https:\/\/biblija.lt\/index.aspx?cmp=reading&amp;doc=BiblijaRKE1999_Ts_6\" target=\"_blank\" rel=\"noreferrer noopener\">Teis\u0117j\u0173 6:36-40<\/a> ir Dievas du kartus atsak\u0117). Por\u0105 kart\u0173, d\u0117l svarbaus dalyko, esu i\u0161 kart nusprend\u0119s klausti tris kartus, ir abu tuos tris kartus Dievas atsak\u0117 labai taikliai, dalykus, kuriuos man reik\u0117jo \u017einoti, ar susid\u0117ti ten akcentus. Kai ateina neai\u0161kus atsakymas, da\u017enai reikia, arba giliau pasigilinti \u012f atsakym\u0105, arba reikia sulaukti tam tikr\u0173 puzl\u0117s detali\u0173 tavo gyvenime, kad pamatytum piln\u0105 viso to atsakymo vaizd\u0105. Yra buv\u0119, kad dalies atsakymo i\u0161ai\u0161kinimo teko laukti 5 m\u0117nesius, tik po j\u0173 at\u0117jo supratimas, kas ten k\u0105 rei\u0161kia. Kartais atrodo, kad gavai labai ai\u0161k\u0173 atsakym\u0105, bet neai\u0161ku kaip tai \u012fvyks ir tada pradedi sp\u0117lioti, ar bus taip, ar bus kitaip, kada tai bus ir t.t. \u017dodiu Dievas m\u0117gsta m\u012fsles. Reikia mokytis kantryb\u0117s su Dievu, kol Jis sud\u0117lios visk\u0105, taip kaip suplanavo. Tenka stov\u0117ti tik\u0117jime ir laukti, o a\u0161 toks veiksmo \u017emogus, man sunku laukti, bet Dievas moko pasitik\u0117ti Juo, ir leisti Jam pirmam visk\u0105 paruo\u0161ti, paruo\u0161ti mane pat\u012f, to atsakymo pri\u0117mimui. Kelion\u0117 per gyvenim\u0105 su Dievu yra \u012fdomi ir nuostabi. Jis puikus ai\u0161kintojas ir mokytojas. Dangi\u0161k\u0105jam T\u0117\u010diui pad\u0117ka ir gyrius per J\u0117z\u0173 Krist\u0173. Aleliuja ir amen.<\/p>\n\n\n\n<p><a href=\"https:\/\/jgs.lt\/index.php\/pradzia\/liudijimai\/\" title=\"Liudijimai\">Gr\u012f\u017eti \u012f liudijimus<\/a><\/p>\n","protected":false},"excerpt":{"rendered":"<p>English Pirmas Dievo paklausimas per biblij\u0105 2014 &#8211; 2015m \u017di\u016br\u0117jau filma apie \u0161v. Pranci\u0161k\u0173 Asy\u017eiet\u012f ir jo gyvenim\u0105 (Clara ir Pranci\u0161kus neradau pa\u010dio filmo youtub\u0117j, bet tame kur\u012f radau, yra ta scena ties 2min riba), ir jis savo draugams taip nurod\u0117, kokia j\u0173 lemtis, taip pasiklaus\u0117 Dievo, kok\u012f gyvenimo b\u016bd\u0105 pasirinkti. Galvoju, reikia ir man [&hellip;]<\/p>\n","protected":false},"author":1,"featured_media":0,"parent":8,"menu_order":19,"comment_status":"open","ping_status":"closed","template":"","meta":{"om_disable_all_campaigns":false,"_monsterinsights_skip_tracking":false,"_monsterinsights_sitenote_active":false,"_monsterinsights_sitenote_note":"","_monsterinsights_sitenote_category":0,"site-sidebar-layout":"default","site-content-layout":"plain-container","ast-site-content-layout":"default","site-content-style":"default","site-sidebar-style":"default","ast-global-header-display":"","ast-banner-title-visibility":"","ast-main-header-display":"","ast-hfb-above-header-display":"","ast-hfb-below-header-display":"","ast-hfb-mobile-header-display":"","site-post-title":"disabled","ast-breadcrumbs-content":"","ast-featured-img":"","footer-sml-layout":"","ast-disable-related-posts":"","theme-transparent-header-meta":"enabled","adv-header-id-meta":"","stick-header-meta":"","header-above-stick-meta":"","header-main-stick-meta":"","header-below-stick-meta":"","astra-migrate-meta-layouts":"default","ast-page-background-enabled":"default","ast-page-background-meta":{"desktop":{"background-color":"","background-image":"","background-repeat":"repeat","background-position":"center center","background-size":"auto","background-attachment":"scroll","background-type":"","background-media":"","overlay-type":"","overlay-color":"","overlay-opacity":"","overlay-gradient":""},"tablet":{"background-color":"","background-image":"","background-repeat":"repeat","background-position":"center center","background-size":"auto","background-attachment":"scroll","background-type":"","background-media":"","overlay-type":"","overlay-color":"","overlay-opacity":"","overlay-gradient":""},"mobile":{"background-color":"","background-image":"","background-repeat":"repeat","background-position":"center center","background-size":"auto","background-attachment":"scroll","background-type":"","background-media":"","overlay-type":"","overlay-color":"","overlay-opacity":"","overlay-gradient":""}},"ast-content-background-meta":{"desktop":{"background-color":"var(--ast-global-color-5)","background-image":"","background-repeat":"repeat","background-position":"center center","background-size":"auto","background-attachment":"scroll","background-type":"","background-media":"","overlay-type":"","overlay-color":"","overlay-opacity":"","overlay-gradient":""},"tablet":{"background-color":"var(--ast-global-color-5)","background-image":"","background-repeat":"repeat","background-position":"center center","background-size":"auto","background-attachment":"scroll","background-type":"","background-media":"","overlay-type":"","overlay-color":"","overlay-opacity":"","overlay-gradient":""},"mobile":{"background-color":"var(--ast-global-color-5)","background-image":"","background-repeat":"repeat","background-position":"center center","background-size":"auto","background-attachment":"scroll","background-type":"","background-media":"","overlay-type":"","overlay-color":"","overlay-opacity":"","overlay-gradient":""}},"footnotes":""},"class_list":["post-430","page","type-page","status-publish","hentry"],"aioseo_notices":[],"_links":{"self":[{"href":"https:\/\/jgs.lt\/index.php\/wp-json\/wp\/v2\/pages\/430","targetHints":{"allow":["GET"]}}],"collection":[{"href":"https:\/\/jgs.lt\/index.php\/wp-json\/wp\/v2\/pages"}],"about":[{"href":"https:\/\/jgs.lt\/index.php\/wp-json\/wp\/v2\/types\/page"}],"author":[{"embeddable":true,"href":"https:\/\/jgs.lt\/index.php\/wp-json\/wp\/v2\/users\/1"}],"replies":[{"embeddable":true,"href":"https:\/\/jgs.lt\/index.php\/wp-json\/wp\/v2\/comments?post=430"}],"version-history":[{"count":17,"href":"https:\/\/jgs.lt\/index.php\/wp-json\/wp\/v2\/pages\/430\/revisions"}],"predecessor-version":[{"id":985,"href":"https:\/\/jgs.lt\/index.php\/wp-json\/wp\/v2\/pages\/430\/revisions\/985"}],"up":[{"embeddable":true,"href":"https:\/\/jgs.lt\/index.php\/wp-json\/wp\/v2\/pages\/8"}],"wp:attachment":[{"href":"https:\/\/jgs.lt\/index.php\/wp-json\/wp\/v2\/media?parent=430"}],"curies":[{"name":"wp","href":"https:\/\/api.w.org\/{rel}","templated":true}]}}