{"id":439,"date":"2022-01-05T15:18:04","date_gmt":"2022-01-05T15:18:04","guid":{"rendered":"https:\/\/jgs.lt\/?page_id=439"},"modified":"2022-07-11T17:31:36","modified_gmt":"2022-07-11T14:31:36","slug":"dievas-prakalba-per-suni","status":"publish","type":"page","link":"https:\/\/jgs.lt\/index.php\/liudijimai\/dievas-prakalba-per-suni\/","title":{"rendered":"Dievas prakalba per \u0161un\u012f"},"content":{"rendered":"\n<div class=\"wp-block-cover alignfull is-light\" style=\"min-height:200px;aspect-ratio:unset;\"><span aria-hidden=\"true\" class=\"wp-block-cover__background has-background-dim-40 has-background-dim\"><\/span><img loading=\"lazy\" decoding=\"async\" width=\"1024\" height=\"340\" class=\"wp-block-cover__image-background wp-image-71\" alt=\"\" src=\"https:\/\/jgs.lt\/wp-content\/uploads\/2020\/09\/services-bg-1024x340.jpg\" style=\"object-position:4% 27%\" data-object-fit=\"cover\" data-object-position=\"4% 27%\" srcset=\"https:\/\/jgs.lt\/wp-content\/uploads\/2020\/09\/services-bg-1024x340.jpg 1024w, https:\/\/jgs.lt\/wp-content\/uploads\/2020\/09\/services-bg-300x100.jpg 300w, https:\/\/jgs.lt\/wp-content\/uploads\/2020\/09\/services-bg-768x255.jpg 768w, https:\/\/jgs.lt\/wp-content\/uploads\/2020\/09\/services-bg-1536x510.jpg 1536w, https:\/\/jgs.lt\/wp-content\/uploads\/2020\/09\/services-bg.jpg 1920w\" sizes=\"auto, (max-width: 1024px) 100vw, 1024px\" \/><div class=\"wp-block-cover__inner-container is-layout-flow wp-block-cover-is-layout-flow\">\n<p class=\"has-text-align-center has-large-font-size\"><strong>Liudijimai<\/strong><\/p>\n<\/div><\/div>\n\n\n\n<p><a href=\"https:\/\/jgs.lt\/en\/index.php\/testimonies\/god-speaks-through-dog\/\" title=\"English\"><strong>English<\/strong><\/a><\/p>\n\n\n\n<h3 class=\"has-text-align-center wp-block-heading\" id=\"dievas-prakalba-per-mano-suni-franti\"><strong>Dievas prakalba per mano \u0161un\u012f Frant\u012f<\/strong><\/h3>\n\n\n\n<p>Viskas vyko ka\u017ekur 2017 m. pavasary. Pora dien\u0173 dirbau name. Buvau jau po paskutin\u0117s i\u0161pa\u017einties jau k\u0105 tik prisinuod\u0117miav\u0119s ir grau\u017eiau save, kad dabar Dievas man\u0119s nebemyli, ir kad gali nubaust, ir a\u0161 neturiu kur nuo jo pasisl\u0117pt, nes jis visur pasieks. Taip por\u0105 dien\u0173 vaik\u0161\u010diojau li\u016bdnas, grau\u017eiausi ir nebesimeld\u017eiau, ir su Dievu nebekalb\u0117jau ir \u012f j\u012f niekaip nesikreipiau. Po darb\u0173 \u0117jau paved\u017eioti Fran\u010dio. At\u0117jus pas j\u012f, supyliau jam maist\u0105, o jis i\u0161sitemp\u0117 lyg ra\u017eydamasis, \u012f priek\u012f kojas atstat\u0119s ir taip kur\u012f laik\u0105 buvo. Sakau: &#8220;eik\u0161 paglostysiu, pamyluosiu&#8221;(nes kai ateinu, visada laukia kol pamyluoju, padukenu ir tik po to eina \u0117st), o jis kaip stovi toj pozoj, taip stovi. \u017di\u016briu nei ka\u017ek\u0105 prisidirb\u0119s, nei ka\u017ekas i\u0161tusyta, nei ka\u017ekur ka\u017eko &#8220;prikrauta&#8221;, kad valyt reikt\u0173, galvoju ko jis \u010dia dabar sarmatijas, nei mes j\u012f mu\u0161am, kad bijot ka\u017eko prisidirbus reikt\u0173, nei k\u0105. Nieko nesuprantu. Ir viena mintis ai\u0161ki ai\u0161ki, kaip kal\u0117 galvon, galima sakyt &#8220;matau&#8221; kaip ji prasideda, vyksta ir baigias: &#8220;ir tu taip man\u0119s vengi, g\u0117dijies paskutines dvi dienas, a\u0161 noriu tave pamyluot, o tu man\u0119s vengi&#8221;. Tik paskui pama\u010diau, kad ant tako, kur eunu ma\u017eyt\u0117 spyryt\u0117 palikta. ir at\u0117jo toks supratimas, kad kaip man nesunku ir nei kiek mano meil\u0117s \u0161uniui nesuma\u017eina, jo i\u0161daid\u0173 sutvarkymas, taip ir J\u0117zui nesunku m\u016bs\u0173 nuod\u0117mes mums atleisti, ir svarbiausia, toliau v\u0117l maloniai bendrauti maldoje ar pan. V\u0117liau padariau i\u0161vad\u0105 ir pasiry\u017eim\u0105, kad kai tik sunkiau nusid\u0117siu i\u0161kart ar kuo grei\u010diau Dievo atsipra\u0161ysiu, atgailausiu, kad v\u0117l Dievas meiliai \u017evelgt\u0173 \u012f mane, o v\u0117liau per i\u0161pa\u017eint\u012f visk\u0105 i\u0161pa\u017einsiu kunigui, kad &#8220;oficialiai&#8221; su tuo b\u016bt\u0173 viskas baigta ir v\u0117l gal\u0117\u010diau melstis ir b\u016bt\u0173 noras bendrauti su Dievu.<\/p>\n\n\n\n<p><a href=\"https:\/\/jgs.lt\/index.php\/pradzia\/liudijimai\/\" title=\"Liudijimai\">Gr\u012f\u017eti \u012f liudijimus<\/a><\/p>\n","protected":false},"excerpt":{"rendered":"<p>English Dievas prakalba per mano \u0161un\u012f Frant\u012f Viskas vyko ka\u017ekur 2017 m. pavasary. Pora dien\u0173 dirbau name. Buvau jau po paskutin\u0117s i\u0161pa\u017einties jau k\u0105 tik prisinuod\u0117miav\u0119s ir grau\u017eiau save, kad dabar Dievas man\u0119s nebemyli, ir kad gali nubaust, ir a\u0161 neturiu kur nuo jo pasisl\u0117pt, nes jis visur pasieks. Taip por\u0105 dien\u0173 vaik\u0161\u010diojau li\u016bdnas, grau\u017eiausi [&hellip;]<\/p>\n","protected":false},"author":1,"featured_media":0,"parent":8,"menu_order":20,"comment_status":"open","ping_status":"closed","template":"","meta":{"om_disable_all_campaigns":false,"_monsterinsights_skip_tracking":false,"_monsterinsights_sitenote_active":false,"_monsterinsights_sitenote_note":"","_monsterinsights_sitenote_category":0,"site-sidebar-layout":"default","site-content-layout":"plain-container","ast-site-content-layout":"default","site-content-style":"default","site-sidebar-style":"default","ast-global-header-display":"","ast-banner-title-visibility":"","ast-main-header-display":"","ast-hfb-above-header-display":"","ast-hfb-below-header-display":"","ast-hfb-mobile-header-display":"","site-post-title":"disabled","ast-breadcrumbs-content":"","ast-featured-img":"","footer-sml-layout":"","ast-disable-related-posts":"","theme-transparent-header-meta":"enabled","adv-header-id-meta":"","stick-header-meta":"","header-above-stick-meta":"","header-main-stick-meta":"","header-below-stick-meta":"","astra-migrate-meta-layouts":"default","ast-page-background-enabled":"default","ast-page-background-meta":{"desktop":{"background-color":"","background-image":"","background-repeat":"repeat","background-position":"center center","background-size":"auto","background-attachment":"scroll","background-type":"","background-media":"","overlay-type":"","overlay-color":"","overlay-opacity":"","overlay-gradient":""},"tablet":{"background-color":"","background-image":"","background-repeat":"repeat","background-position":"center center","background-size":"auto","background-attachment":"scroll","background-type":"","background-media":"","overlay-type":"","overlay-color":"","overlay-opacity":"","overlay-gradient":""},"mobile":{"background-color":"","background-image":"","background-repeat":"repeat","background-position":"center center","background-size":"auto","background-attachment":"scroll","background-type":"","background-media":"","overlay-type":"","overlay-color":"","overlay-opacity":"","overlay-gradient":""}},"ast-content-background-meta":{"desktop":{"background-color":"var(--ast-global-color-5)","background-image":"","background-repeat":"repeat","background-position":"center center","background-size":"auto","background-attachment":"scroll","background-type":"","background-media":"","overlay-type":"","overlay-color":"","overlay-opacity":"","overlay-gradient":""},"tablet":{"background-color":"var(--ast-global-color-5)","background-image":"","background-repeat":"repeat","background-position":"center center","background-size":"auto","background-attachment":"scroll","background-type":"","background-media":"","overlay-type":"","overlay-color":"","overlay-opacity":"","overlay-gradient":""},"mobile":{"background-color":"var(--ast-global-color-5)","background-image":"","background-repeat":"repeat","background-position":"center center","background-size":"auto","background-attachment":"scroll","background-type":"","background-media":"","overlay-type":"","overlay-color":"","overlay-opacity":"","overlay-gradient":""}},"footnotes":""},"class_list":["post-439","page","type-page","status-publish","hentry"],"aioseo_notices":[],"_links":{"self":[{"href":"https:\/\/jgs.lt\/index.php\/wp-json\/wp\/v2\/pages\/439","targetHints":{"allow":["GET"]}}],"collection":[{"href":"https:\/\/jgs.lt\/index.php\/wp-json\/wp\/v2\/pages"}],"about":[{"href":"https:\/\/jgs.lt\/index.php\/wp-json\/wp\/v2\/types\/page"}],"author":[{"embeddable":true,"href":"https:\/\/jgs.lt\/index.php\/wp-json\/wp\/v2\/users\/1"}],"replies":[{"embeddable":true,"href":"https:\/\/jgs.lt\/index.php\/wp-json\/wp\/v2\/comments?post=439"}],"version-history":[{"count":5,"href":"https:\/\/jgs.lt\/index.php\/wp-json\/wp\/v2\/pages\/439\/revisions"}],"predecessor-version":[{"id":970,"href":"https:\/\/jgs.lt\/index.php\/wp-json\/wp\/v2\/pages\/439\/revisions\/970"}],"up":[{"embeddable":true,"href":"https:\/\/jgs.lt\/index.php\/wp-json\/wp\/v2\/pages\/8"}],"wp:attachment":[{"href":"https:\/\/jgs.lt\/index.php\/wp-json\/wp\/v2\/media?parent=439"}],"curies":[{"name":"wp","href":"https:\/\/api.w.org\/{rel}","templated":true}]}}