{"id":445,"date":"2022-01-05T16:15:21","date_gmt":"2022-01-05T16:15:21","guid":{"rendered":"https:\/\/jgs.lt\/?page_id=445"},"modified":"2022-07-11T17:22:55","modified_gmt":"2022-07-11T14:22:55","slug":"apsaugos-skydas","status":"publish","type":"page","link":"https:\/\/jgs.lt\/index.php\/liudijimai\/apsaugos-skydas\/","title":{"rendered":"Apsaugos skydas"},"content":{"rendered":"\n<div class=\"wp-block-cover alignfull is-light\" style=\"min-height:200px;aspect-ratio:unset;\"><span aria-hidden=\"true\" class=\"wp-block-cover__background has-background-dim-40 has-background-dim\"><\/span><img loading=\"lazy\" decoding=\"async\" width=\"1024\" height=\"340\" class=\"wp-block-cover__image-background wp-image-71\" alt=\"\" src=\"https:\/\/jgs.lt\/wp-content\/uploads\/2020\/09\/services-bg-1024x340.jpg\" style=\"object-position:4% 27%\" data-object-fit=\"cover\" data-object-position=\"4% 27%\" srcset=\"https:\/\/jgs.lt\/wp-content\/uploads\/2020\/09\/services-bg-1024x340.jpg 1024w, https:\/\/jgs.lt\/wp-content\/uploads\/2020\/09\/services-bg-300x100.jpg 300w, https:\/\/jgs.lt\/wp-content\/uploads\/2020\/09\/services-bg-768x255.jpg 768w, https:\/\/jgs.lt\/wp-content\/uploads\/2020\/09\/services-bg-1536x510.jpg 1536w, https:\/\/jgs.lt\/wp-content\/uploads\/2020\/09\/services-bg.jpg 1920w\" sizes=\"auto, (max-width: 1024px) 100vw, 1024px\" \/><div class=\"wp-block-cover__inner-container is-layout-flow wp-block-cover-is-layout-flow\">\n<p class=\"has-text-align-center has-large-font-size\"><strong>Liudijimai<\/strong><\/p>\n<\/div><\/div>\n\n\n\n<p><a href=\"https:\/\/jgs.lt\/en\/index.php\/testimonies\/incident-in-the-basement\/\" title=\"English\"><strong>English<\/strong><\/a><\/p>\n\n\n\n<h3 class=\"has-text-align-center wp-block-heading\" id=\"incidentas-rusyje-apsaugos-skydas\"><strong>Incidentas rusyje, apsaugos skydas<\/strong><\/h3>\n\n\n\n<p>Viskas vyko ka\u017ekur 2014-2015m o gal anks\u010diau. Tvarkiau rus\u012f daugiabutyje, ruo\u0161iausi i\u0161ne\u0161ti \u0161iuk\u0161les, ka\u017ekoki\u0105 d\u0117\u017e\u0119. Staiga i\u0161girdau kaip su trenksmu ir triuk\u0161mu \u012fb\u0117ga \u012f rus\u012f girtas vyras. A\u0161 i\u0161lindau i\u0161 u\u017e kampo pasi\u017ei\u016br\u0117t, kas \u010dia vyksta, tas r\u0117kia man: &#8220;ei tu, ateik \u010dia&#8221;. A\u0161 pas j\u012f ne\u0117jau, o \u0117jau tvarkyti \u0161iuk\u0161li\u0173. Jis gal pagalvojo, kad b\u0117gu nuo jo, kad pasisl\u0117piau ir gird\u017eiu, kad pasileido dideliais \u017eingsniais link man\u0119s. Nu galvoju, drak\u0117s nei\u0161vengsi, \u010dia tikrai bus &#8220;vaizd\u0173&#8221;. U\u017erakinau rus\u012f ir u\u017esimoviau odines pir\u0161tines. O tuo tarpu tas vyras, ma\u017edaug mano met\u0173, skubiai at\u0117jo prie man\u0119s. Apsimov\u0119s pir\u0161tines, pasi\u0117miau d\u0117\u017e\u0119 i\u0161metimui \u012f abi rankas, o galvoje viena mintis sukosi: &#8221; tik paliesk mane, u\u017ekabink ir a\u0161 prad\u0117siu mu\u0161tis, duosiu atgal, tikrai blaivas girt\u0105 \u012fveiksiu&#8221;. Bet mano did\u017eiam nustebimui, kai tas vyras, prie man\u0119s at\u0117jo, jis buvo visi\u0161kai kitas \u017emogus: maloniai kalb\u0117jo, agresijos nei kvapo, a\u0161 ne\u0161iau savo d\u0117\u017e\u0119 \u012f lauk\u0105, tai man duris atidar\u0117, o a\u0161 buvau &#8220;kovin\u0117j parengty&#8221;, tik laukiau kibirk\u0161ties ir kada reiks &#8220;i\u0161\u0161auti&#8221;. Nesupratau, kas ten tuo metu \u012fvyko, bet tas \u012fvykis kelis metus laik\u0117si galvoj ir vis nedav\u0117 jo u\u017emir\u0161t, nor\u0117josi suprast, kas ten tada \u012fvyko. Jo nesupratau tol, kol neprad\u0117jau lankytis v\u017eb, \u017ei\u016br\u0117t liudijimus ir vienam tokiam liudijime apie buvus\u012f <a href=\"https:\/\/www.youtube.com\/watch?v=Fp9PfbICBn4\" title=\"Youtube.com John Ramirez\">ragani\u0173 John Ramirez<\/a> atsivertus\u012f \u012f krik\u0161\u010dionyb\u0119, jis pasakojo, kad j\u012f, kai jis artinosi prie gatv\u0117je \u0161lovinan\u010di\u0173 jaunuoli\u0173, lyg ka\u017ekokia j\u0117ga st\u016bm\u0117 atgal, neleido prieiti ir jokia jo magija neveik\u0117, o jis buvo garsus raganius visas jo kvartalas, gal net visas miestas jo bijojo, nebeatsimenu, jis galvojo sutrinsiu tuos vaikigalius \u012f miltus, bet lyg nematomos ugnies \u017eiedas juos juos\u0117. Jam nepavyko j\u0173 sustabdyt ir nusprend\u0117 u\u017esiimt ka\u017ekuo &#8220;naudingesniu&#8221;. Tai pagalvojau, at\u0117jo toks supratimas, kad ir mane Dievas t\u0105 dien\u0105 apsaugojo. \u017dmogus pri\u0117jo prie man\u0119s, o agresijos dvasia, pasiliko u\u017e &#8220;apsaugos lauko&#8221;. Ir kiekvien\u0105 dien\u0105 saugo, ir n\u0117ra, ko man bijoti, jokios nelaim\u0117s man\u0119s nepasieks, nebent padary\u010diau nuod\u0117m\u0119, bet reikia greit atsipra\u0161yt Dievo, susitaikyt ir v\u0117l bus viskas gerai. Jis yra m\u016bs\u0173 skydas, prieb\u0117ga, u\u017euov\u0117ja ir visa \u012fmanoma apsauga. Jam vienam pad\u0117ka ir gyrius u\u017e tai. Tesaugo jus visus mus mylintis Dievas &#8211; T\u0117vas ir S\u016bnus ir \u0160ventoji Dvasia. aleli\u016bja ir amen.<\/p>\n\n\n\n<p><a href=\"https:\/\/jgs.lt\/index.php\/pradzia\/liudijimai\/\" title=\"Liudijimai\">Gr\u012f\u017eti \u012f liudijimus<\/a><\/p>\n","protected":false},"excerpt":{"rendered":"<p>English Incidentas rusyje, apsaugos skydas Viskas vyko ka\u017ekur 2014-2015m o gal anks\u010diau. Tvarkiau rus\u012f daugiabutyje, ruo\u0161iausi i\u0161ne\u0161ti \u0161iuk\u0161les, ka\u017ekoki\u0105 d\u0117\u017e\u0119. Staiga i\u0161girdau kaip su trenksmu ir triuk\u0161mu \u012fb\u0117ga \u012f rus\u012f girtas vyras. A\u0161 i\u0161lindau i\u0161 u\u017e kampo pasi\u017ei\u016br\u0117t, kas \u010dia vyksta, tas r\u0117kia man: &#8220;ei tu, ateik \u010dia&#8221;. A\u0161 pas j\u012f ne\u0117jau, o \u0117jau tvarkyti [&hellip;]<\/p>\n","protected":false},"author":1,"featured_media":0,"parent":8,"menu_order":21,"comment_status":"open","ping_status":"closed","template":"","meta":{"om_disable_all_campaigns":false,"_monsterinsights_skip_tracking":false,"_monsterinsights_sitenote_active":false,"_monsterinsights_sitenote_note":"","_monsterinsights_sitenote_category":0,"site-sidebar-layout":"default","site-content-layout":"plain-container","ast-site-content-layout":"default","site-content-style":"default","site-sidebar-style":"default","ast-global-header-display":"","ast-banner-title-visibility":"","ast-main-header-display":"","ast-hfb-above-header-display":"","ast-hfb-below-header-display":"","ast-hfb-mobile-header-display":"","site-post-title":"disabled","ast-breadcrumbs-content":"","ast-featured-img":"","footer-sml-layout":"","ast-disable-related-posts":"","theme-transparent-header-meta":"enabled","adv-header-id-meta":"","stick-header-meta":"","header-above-stick-meta":"","header-main-stick-meta":"","header-below-stick-meta":"","astra-migrate-meta-layouts":"default","ast-page-background-enabled":"default","ast-page-background-meta":{"desktop":{"background-color":"","background-image":"","background-repeat":"repeat","background-position":"center center","background-size":"auto","background-attachment":"scroll","background-type":"","background-media":"","overlay-type":"","overlay-color":"","overlay-opacity":"","overlay-gradient":""},"tablet":{"background-color":"","background-image":"","background-repeat":"repeat","background-position":"center center","background-size":"auto","background-attachment":"scroll","background-type":"","background-media":"","overlay-type":"","overlay-color":"","overlay-opacity":"","overlay-gradient":""},"mobile":{"background-color":"","background-image":"","background-repeat":"repeat","background-position":"center center","background-size":"auto","background-attachment":"scroll","background-type":"","background-media":"","overlay-type":"","overlay-color":"","overlay-opacity":"","overlay-gradient":""}},"ast-content-background-meta":{"desktop":{"background-color":"var(--ast-global-color-5)","background-image":"","background-repeat":"repeat","background-position":"center center","background-size":"auto","background-attachment":"scroll","background-type":"","background-media":"","overlay-type":"","overlay-color":"","overlay-opacity":"","overlay-gradient":""},"tablet":{"background-color":"var(--ast-global-color-5)","background-image":"","background-repeat":"repeat","background-position":"center center","background-size":"auto","background-attachment":"scroll","background-type":"","background-media":"","overlay-type":"","overlay-color":"","overlay-opacity":"","overlay-gradient":""},"mobile":{"background-color":"var(--ast-global-color-5)","background-image":"","background-repeat":"repeat","background-position":"center center","background-size":"auto","background-attachment":"scroll","background-type":"","background-media":"","overlay-type":"","overlay-color":"","overlay-opacity":"","overlay-gradient":""}},"footnotes":""},"class_list":["post-445","page","type-page","status-publish","hentry"],"aioseo_notices":[],"_links":{"self":[{"href":"https:\/\/jgs.lt\/index.php\/wp-json\/wp\/v2\/pages\/445","targetHints":{"allow":["GET"]}}],"collection":[{"href":"https:\/\/jgs.lt\/index.php\/wp-json\/wp\/v2\/pages"}],"about":[{"href":"https:\/\/jgs.lt\/index.php\/wp-json\/wp\/v2\/types\/page"}],"author":[{"embeddable":true,"href":"https:\/\/jgs.lt\/index.php\/wp-json\/wp\/v2\/users\/1"}],"replies":[{"embeddable":true,"href":"https:\/\/jgs.lt\/index.php\/wp-json\/wp\/v2\/comments?post=445"}],"version-history":[{"count":7,"href":"https:\/\/jgs.lt\/index.php\/wp-json\/wp\/v2\/pages\/445\/revisions"}],"predecessor-version":[{"id":968,"href":"https:\/\/jgs.lt\/index.php\/wp-json\/wp\/v2\/pages\/445\/revisions\/968"}],"up":[{"embeddable":true,"href":"https:\/\/jgs.lt\/index.php\/wp-json\/wp\/v2\/pages\/8"}],"wp:attachment":[{"href":"https:\/\/jgs.lt\/index.php\/wp-json\/wp\/v2\/media?parent=445"}],"curies":[{"name":"wp","href":"https:\/\/api.w.org\/{rel}","templated":true}]}}