{"id":501,"date":"2022-01-08T15:21:45","date_gmt":"2022-01-08T15:21:45","guid":{"rendered":"https:\/\/jgs.lt\/?page_id=501"},"modified":"2022-07-11T17:25:08","modified_gmt":"2022-07-11T14:25:08","slug":"atgailos-malda","status":"publish","type":"page","link":"https:\/\/jgs.lt\/index.php\/atgailos-malda\/","title":{"rendered":"Atgailos malda"},"content":{"rendered":"\n<figure class=\"wp-block-image size-large is-resized\"><img loading=\"lazy\" decoding=\"async\" src=\"https:\/\/jgs.lt\/wp-content\/uploads\/2022\/01\/DSCF1213-1024x768.jpg\" alt=\"\" class=\"wp-image-502\" width=\"443\" height=\"332\" srcset=\"https:\/\/jgs.lt\/wp-content\/uploads\/2022\/01\/DSCF1213-1024x768.jpg 1024w, https:\/\/jgs.lt\/wp-content\/uploads\/2022\/01\/DSCF1213-300x225.jpg 300w, https:\/\/jgs.lt\/wp-content\/uploads\/2022\/01\/DSCF1213-768x576.jpg 768w, https:\/\/jgs.lt\/wp-content\/uploads\/2022\/01\/DSCF1213-1536x1152.jpg 1536w, https:\/\/jgs.lt\/wp-content\/uploads\/2022\/01\/DSCF1213-2048x1536.jpg 2048w\" sizes=\"auto, (max-width: 443px) 100vw, 443px\" \/><\/figure>\n\n\n\n<p><a href=\"https:\/\/jgs.lt\/en\/index.php\/prayer-of-repentance\/\" title=\"English\">English<\/a><\/p>\n\n\n\n<h3 class=\"has-text-align-center wp-block-heading\" id=\"atgailos-malda\">Atgailos malda<\/h3>\n\n\n\n<p>Tinklapis ruo\u0161iamas, o kolkas galima pasinaudoti <a href=\"https:\/\/vzb.lt\/malda\/\" title=\"vzb.lt - Veikli\u0173j\u0173 \u017emoni\u0173 bendrija\">veikli\u0173j\u0173 \u017emoni\u0173 bendrijos atgailos malda<\/a><\/p>\n","protected":false},"excerpt":{"rendered":"<p>English Atgailos malda Tinklapis ruo\u0161iamas, o kolkas galima pasinaudoti veikli\u0173j\u0173 \u017emoni\u0173 bendrijos atgailos malda<\/p>\n","protected":false},"author":1,"featured_media":0,"parent":0,"menu_order":3,"comment_status":"closed","ping_status":"closed","template":"","meta":{"om_disable_all_campaigns":false,"_monsterinsights_skip_tracking":false,"_monsterinsights_sitenote_active":false,"_monsterinsights_sitenote_note":"","_monsterinsights_sitenote_category":0,"site-sidebar-layout":"default","site-content-layout":"plain-container","ast-site-content-layout":"default","site-content-style":"default","site-sidebar-style":"default","ast-global-header-display":"","ast-banner-title-visibility":"","ast-main-header-display":"","ast-hfb-above-header-display":"","ast-hfb-below-header-display":"","ast-hfb-mobile-header-display":"","site-post-title":"disabled","ast-breadcrumbs-content":"","ast-featured-img":"","footer-sml-layout":"","ast-disable-related-posts":"","theme-transparent-header-meta":"enabled","adv-header-id-meta":"","stick-header-meta":"","header-above-stick-meta":"","header-main-stick-meta":"","header-below-stick-meta":"","astra-migrate-meta-layouts":"default","ast-page-background-enabled":"default","ast-page-background-meta":{"desktop":{"background-color":"","background-image":"","background-repeat":"repeat","background-position":"center center","background-size":"auto","background-attachment":"scroll","background-type":"","background-media":"","overlay-type":"","overlay-color":"","overlay-opacity":"","overlay-gradient":""},"tablet":{"background-color":"","background-image":"","background-repeat":"repeat","background-position":"center center","background-size":"auto","background-attachment":"scroll","background-type":"","background-media":"","overlay-type":"","overlay-color":"","overlay-opacity":"","overlay-gradient":""},"mobile":{"background-color":"","background-image":"","background-repeat":"repeat","background-position":"center center","background-size":"auto","background-attachment":"scroll","background-type":"","background-media":"","overlay-type":"","overlay-color":"","overlay-opacity":"","overlay-gradient":""}},"ast-content-background-meta":{"desktop":{"background-color":"var(--ast-global-color-5)","background-image":"","background-repeat":"repeat","background-position":"center center","background-size":"auto","background-attachment":"scroll","background-type":"","background-media":"","overlay-type":"","overlay-color":"","overlay-opacity":"","overlay-gradient":""},"tablet":{"background-color":"var(--ast-global-color-5)","background-image":"","background-repeat":"repeat","background-position":"center center","background-size":"auto","background-attachment":"scroll","background-type":"","background-media":"","overlay-type":"","overlay-color":"","overlay-opacity":"","overlay-gradient":""},"mobile":{"background-color":"var(--ast-global-color-5)","background-image":"","background-repeat":"repeat","background-position":"center center","background-size":"auto","background-attachment":"scroll","background-type":"","background-media":"","overlay-type":"","overlay-color":"","overlay-opacity":"","overlay-gradient":""}},"footnotes":""},"class_list":["post-501","page","type-page","status-publish","hentry"],"aioseo_notices":[],"_links":{"self":[{"href":"https:\/\/jgs.lt\/index.php\/wp-json\/wp\/v2\/pages\/501","targetHints":{"allow":["GET"]}}],"collection":[{"href":"https:\/\/jgs.lt\/index.php\/wp-json\/wp\/v2\/pages"}],"about":[{"href":"https:\/\/jgs.lt\/index.php\/wp-json\/wp\/v2\/types\/page"}],"author":[{"embeddable":true,"href":"https:\/\/jgs.lt\/index.php\/wp-json\/wp\/v2\/users\/1"}],"replies":[{"embeddable":true,"href":"https:\/\/jgs.lt\/index.php\/wp-json\/wp\/v2\/comments?post=501"}],"version-history":[{"count":2,"href":"https:\/\/jgs.lt\/index.php\/wp-json\/wp\/v2\/pages\/501\/revisions"}],"predecessor-version":[{"id":671,"href":"https:\/\/jgs.lt\/index.php\/wp-json\/wp\/v2\/pages\/501\/revisions\/671"}],"wp:attachment":[{"href":"https:\/\/jgs.lt\/index.php\/wp-json\/wp\/v2\/media?parent=501"}],"curies":[{"name":"wp","href":"https:\/\/api.w.org\/{rel}","templated":true}]}}