{"id":565,"date":"2022-01-10T13:44:41","date_gmt":"2022-01-10T11:44:41","guid":{"rendered":"https:\/\/jgs.lt\/?page_id=565"},"modified":"2022-07-20T23:14:15","modified_gmt":"2022-07-20T20:14:15","slug":"prasiau-1000-gavau-4000","status":"publish","type":"page","link":"https:\/\/jgs.lt\/index.php\/liudijimai\/prasiau-1000-gavau-4000\/","title":{"rendered":"Pra\u0161iau 1000, gavau 4000"},"content":{"rendered":"\n<div class=\"wp-block-cover alignfull is-light\" style=\"min-height:200px;aspect-ratio:unset;\"><span aria-hidden=\"true\" class=\"wp-block-cover__background has-background-dim-40 has-background-dim\"><\/span><img loading=\"lazy\" decoding=\"async\" width=\"1024\" height=\"340\" class=\"wp-block-cover__image-background wp-image-71\" alt=\"\" src=\"https:\/\/jgs.lt\/wp-content\/uploads\/2020\/09\/services-bg-1024x340.jpg\" style=\"object-position:4% 27%\" data-object-fit=\"cover\" data-object-position=\"4% 27%\" srcset=\"https:\/\/jgs.lt\/wp-content\/uploads\/2020\/09\/services-bg-1024x340.jpg 1024w, https:\/\/jgs.lt\/wp-content\/uploads\/2020\/09\/services-bg-300x100.jpg 300w, https:\/\/jgs.lt\/wp-content\/uploads\/2020\/09\/services-bg-768x255.jpg 768w, https:\/\/jgs.lt\/wp-content\/uploads\/2020\/09\/services-bg-1536x510.jpg 1536w, https:\/\/jgs.lt\/wp-content\/uploads\/2020\/09\/services-bg.jpg 1920w\" sizes=\"auto, (max-width: 1024px) 100vw, 1024px\" \/><div class=\"wp-block-cover__inner-container is-layout-flow wp-block-cover-is-layout-flow\">\n<p class=\"has-text-align-center has-large-font-size\"><strong>Liudijimai<\/strong><\/p>\n<\/div><\/div>\n\n\n\n<p><a href=\"https:\/\/jgs.lt\/en\/index.php\/testimonies\/asked-for-1000-got-4000\/\" title=\"English\"><strong>English<\/strong><\/a><\/p>\n\n\n\n<h3 class=\"has-text-align-center wp-block-heading\" id=\"prasiau-1000-gavau-4000\"><strong>Pra\u0161iau 1000, gavau 4000<\/strong><\/h3>\n\n\n\n<p>Ka\u017ekur 2017 m. pavasary pasteb\u0117jau, kad yra problem\u0173 su ma\u0161inos varikliu, nes &#8220;valgo&#8221; tepal\u0105. Nuva\u017eiavau pas meistrus, sako, jo \u010dia \u0161it\u0173 varikli\u0173 b\u0117da, tepaliniai \u017eiedai su\u0117j\u0119 ir pan. Remontas apie 1000 eur &#8211; 1200 eur, arba pirk kit\u0105 varikl\u012f, kainuos apie 1000, bet ne\u017einia, k\u0105 nusipirksi. Su tokiom nekokiom mintim gri\u017eau, nes finans\u0173 atliekam\u0173 nebuvo, k\u0105 tik prad\u0117jom renovuoti nusipirk\u0105 nam\u0105 ir visi pinigai \u0117jo renovacijai. At\u0117jo mintis pra\u0161yti Dievo pagalbos. Ka\u017ekaip pana\u0161iai pasimeld\u017eiau: &#8220;Dieve tu \u017einai m\u016bs\u0173 finansin\u0119 situacij\u0105, kad dabar remontuojam\u0117s nam\u0105 ir visi finansai eina jam, \u016bkis ne ka\u017ek\u0105 pernai dav\u0117, pra\u0161au i\u0161spr\u0119sk \u0161ita ma\u0161inos problem\u0105, duok finans\u0173 jos remontui, meld\u017eiu J\u0117zaus vardu.&#8221; Ir viskas, a\u0161 apie t\u0105 mald\u0105 u\u017emir\u0161au. Tai buvo ka\u017ekas 2017 kovas. O liepos m\u0117nes\u012f va\u017eiuojant ma\u0161inai i\u0161\u0161ov\u0117 variklio purk\u0161tukas lenkimo metu, kai labiau paspaud\u017eiau. Kai i\u0161\u0161ov\u0117 purk\u0161tukas, nusimov\u0117 kuro gra\u017einimo \u017earnel\u0117 ir prad\u0117jo kuras tek\u0117t ant duslintuvo ir nuo jo u\u017esideg\u0117. Pama\u010diau, kad dingo trauka, vos pabaigiau lenkim\u0105, ir i\u0161 po kapoto prad\u0117jo r\u016bkt d\u016bmai. Pava\u017eiav\u0119s kok\u012f 500 m. sustojau kelkra\u0161ty, atsidar\u0119s variklio dangt\u012f pama\u010diau, kad jau atvira liepsna dega u\u017e variklio. Greit pasi\u0117miau gesintuv\u0105 ir prad\u0117jau gesint. T\u0105 dien naudojausi gesintuvu pirm\u0105 kart gyvenime, bet protas veik\u0117 tiksliai kaip laikrodis, nebuvo jokios panikos, tik ka\u017ekoks silpnas drebulys, matyt stresiuko ka\u017ekiek buvo. Su gesintuvu purk\u0161teli 2-3 sekundes, ugnis dingsta\u2026 lauki, paskui v\u0117l pliupteli\u2026 v\u0117l 2-3 sekundes purk\u0161teli\u2026 v\u0117l lauki. Taip gal 3-4 kartam u\u017eteko gesintuvo, paskui dar ka\u017ekas sustojo su vos gyvu gesintuvu i\u0161 kurio vos b\u0117go, ka\u017ekoks skystis ma\u017ea srovele. Kai d\u016bmai i\u0161 varyklio nesiliov\u0117, prad\u0117jau stabdyt ma\u0161inas. Baga\u017ein\u0117 atidaryta, kapotas pakeltas, r\u016bksta d\u016bmai, o a\u0161 stabdau. Ka\u017ekas sustojo, i\u0161pyl\u0117 kompot\u0105 ant variklio. A\u010di\u016b visiems, kurie sustojo. Gaisras buvo galiausiai u\u017egesintas. Pasiskambinau gaisrininkam, sako jei ma\u0161ina neber\u016bksta, nebeva\u017eiuosim. \u017dod\u017eiu, parsitemp\u0117m ma\u0161in\u0105, i\u0161sikviet\u0117m draudimo ekspertus, mat ma\u0161ina buvo drausta casko draudimu. Atva\u017eiavo, nusifotografavo, net pir\u0161tu nepriliet\u0117 variklio, nepatikrino koks to sudegimo lygis, ar \u017earnos susikuren\u0119 ar tik nuo gesintuvo apipurk\u0161tos ir baisiai atrodo, o atrod\u0117 tikrai baisiai. Bet baisumas tik tame, kad variklio garso izoliacija nudeg\u0117, ir viena ar dvi pir\u0161to storio laid\u0173 pyn\u0117s nudeg\u0117. Visos au\u0161inimo \u017earnos ir kitos \u017earnel\u0117s asbestais apd\u0117tos liko sveikos. \u017dod\u017eiu pra\u0117jus gal m\u0117nesiui laiko, susisiek\u0117 draudimas ir prad\u017eioj nenor\u0117jo mok\u0117t, nes atseit va\u017eiuojant gaisras ne nuo avarijos nesiskaito, bet kai pasakiau, kad jei taip tai pereinu su visa savo technika \u012f kit\u0105 draudim\u0105, tas pats \u012fvyks su broliu ir draugam pasakysiu. \u017dod\u017eiu, gal pasi\u017ei\u016br\u0117jo, kiek a\u0161 per 7m draudimam pinig\u0173 sumok\u0117jau, kiek brolis ir prad\u0117jo kitaip \u0161nek\u0117t. Paklaus\u0117 ar skambinau gaisrininkam, jei bu\u010diau neskambin\u0119s, bu\u010diau tik nepilnai pusia sumos gav\u0119s. Pasi\u017ei\u016br\u0117jo i\u0161klotines telefono, kadangi a\u0161 buvau skambin\u0119s gaisrininkam, tai buvau ramus, pasakiau tiksl\u0173 laik\u0105, kada skambinau ir jie visk\u0105 susirado. Sako ma\u0161ina neremontuojama, duodam 75% nuo ma\u0161inos rinkos vert\u0117s nepilnai 4000 be keliasde\u0161imt eur\u0173. Po savait\u0117s patvirtino draudimo i\u0161mok\u0105 ir greit sumok\u0117jo. O mes t\u0105 ma\u0161in\u0105 susitvark\u0117m(gaisro padarinius) u\u017e 100 eur\u0173. Tiek kainavo garso apmu\u0161alai ir dang\u010diai. Dar dvi dienas brolis litavo laidus kur nudeg\u0117. Kadangi buvo \u016bkyje sud\u0117tinga situacija, su pinigais, tai tuos pinig\u0117lius teko \u012flieti \u012f \u016bk\u012f ir ma\u0161inos tepalai toliau liko nesutvarkyti. Su ta ma\u0161ina ir po \u0161iai dienai va\u017ein\u0117ju ir, manau, ji mano \u016bkyje tarnaus kol visai subir\u0117s. Nors da\u017enai genda, ir visoki\u0173 b\u0117d\u0173 turi, bet ji man byloja apie Dievo i\u0161klausyt\u0105 mald\u0105, ir ka\u017ekaip gaila nura\u0161yt. Nesinori prisiri\u0161t prie daikt\u0173, bet ji man brangi. A\u010di\u016b tau Dieve, u\u017e tai, kad tu mane i\u0161klausei ir atsakei \u012f mano i\u0161sakyt\u0105 poreik\u012f. Tau visa pad\u0117ka ir gyrius T\u0117ve, S\u016bnau ir \u0160v. Dvasia per am\u017ei\u0173 am\u017eius amen.<\/p>\n\n\n\n<p><a href=\"https:\/\/jgs.lt\/index.php\/pradzia\/liudijimai\/\" title=\"Liudijimai\">Gr\u012f\u017eti \u012f liudijimus<\/a><\/p>\n","protected":false},"excerpt":{"rendered":"<p>English Pra\u0161iau 1000, gavau 4000 Ka\u017ekur 2017 m. pavasary pasteb\u0117jau, kad yra problem\u0173 su ma\u0161inos varikliu, nes &#8220;valgo&#8221; tepal\u0105. Nuva\u017eiavau pas meistrus, sako, jo \u010dia \u0161it\u0173 varikli\u0173 b\u0117da, tepaliniai \u017eiedai su\u0117j\u0119 ir pan. Remontas apie 1000 eur &#8211; 1200 eur, arba pirk kit\u0105 varikl\u012f, kainuos apie 1000, bet ne\u017einia, k\u0105 nusipirksi. Su tokiom nekokiom mintim [&hellip;]<\/p>\n","protected":false},"author":1,"featured_media":0,"parent":8,"menu_order":21,"comment_status":"closed","ping_status":"closed","template":"","meta":{"om_disable_all_campaigns":false,"_monsterinsights_skip_tracking":false,"_monsterinsights_sitenote_active":false,"_monsterinsights_sitenote_note":"","_monsterinsights_sitenote_category":0,"site-sidebar-layout":"default","site-content-layout":"plain-container","ast-site-content-layout":"default","site-content-style":"default","site-sidebar-style":"default","ast-global-header-display":"","ast-banner-title-visibility":"","ast-main-header-display":"","ast-hfb-above-header-display":"","ast-hfb-below-header-display":"","ast-hfb-mobile-header-display":"","site-post-title":"disabled","ast-breadcrumbs-content":"","ast-featured-img":"","footer-sml-layout":"","ast-disable-related-posts":"","theme-transparent-header-meta":"enabled","adv-header-id-meta":"","stick-header-meta":"","header-above-stick-meta":"","header-main-stick-meta":"","header-below-stick-meta":"","astra-migrate-meta-layouts":"default","ast-page-background-enabled":"default","ast-page-background-meta":{"desktop":{"background-color":"","background-image":"","background-repeat":"repeat","background-position":"center center","background-size":"auto","background-attachment":"scroll","background-type":"","background-media":"","overlay-type":"","overlay-color":"","overlay-opacity":"","overlay-gradient":""},"tablet":{"background-color":"","background-image":"","background-repeat":"repeat","background-position":"center center","background-size":"auto","background-attachment":"scroll","background-type":"","background-media":"","overlay-type":"","overlay-color":"","overlay-opacity":"","overlay-gradient":""},"mobile":{"background-color":"","background-image":"","background-repeat":"repeat","background-position":"center center","background-size":"auto","background-attachment":"scroll","background-type":"","background-media":"","overlay-type":"","overlay-color":"","overlay-opacity":"","overlay-gradient":""}},"ast-content-background-meta":{"desktop":{"background-color":"var(--ast-global-color-5)","background-image":"","background-repeat":"repeat","background-position":"center center","background-size":"auto","background-attachment":"scroll","background-type":"","background-media":"","overlay-type":"","overlay-color":"","overlay-opacity":"","overlay-gradient":""},"tablet":{"background-color":"var(--ast-global-color-5)","background-image":"","background-repeat":"repeat","background-position":"center center","background-size":"auto","background-attachment":"scroll","background-type":"","background-media":"","overlay-type":"","overlay-color":"","overlay-opacity":"","overlay-gradient":""},"mobile":{"background-color":"var(--ast-global-color-5)","background-image":"","background-repeat":"repeat","background-position":"center center","background-size":"auto","background-attachment":"scroll","background-type":"","background-media":"","overlay-type":"","overlay-color":"","overlay-opacity":"","overlay-gradient":""}},"footnotes":""},"class_list":["post-565","page","type-page","status-publish","hentry"],"aioseo_notices":[],"_links":{"self":[{"href":"https:\/\/jgs.lt\/index.php\/wp-json\/wp\/v2\/pages\/565","targetHints":{"allow":["GET"]}}],"collection":[{"href":"https:\/\/jgs.lt\/index.php\/wp-json\/wp\/v2\/pages"}],"about":[{"href":"https:\/\/jgs.lt\/index.php\/wp-json\/wp\/v2\/types\/page"}],"author":[{"embeddable":true,"href":"https:\/\/jgs.lt\/index.php\/wp-json\/wp\/v2\/users\/1"}],"replies":[{"embeddable":true,"href":"https:\/\/jgs.lt\/index.php\/wp-json\/wp\/v2\/comments?post=565"}],"version-history":[{"count":6,"href":"https:\/\/jgs.lt\/index.php\/wp-json\/wp\/v2\/pages\/565\/revisions"}],"predecessor-version":[{"id":964,"href":"https:\/\/jgs.lt\/index.php\/wp-json\/wp\/v2\/pages\/565\/revisions\/964"}],"up":[{"embeddable":true,"href":"https:\/\/jgs.lt\/index.php\/wp-json\/wp\/v2\/pages\/8"}],"wp:attachment":[{"href":"https:\/\/jgs.lt\/index.php\/wp-json\/wp\/v2\/media?parent=565"}],"curies":[{"name":"wp","href":"https:\/\/api.w.org\/{rel}","templated":true}]}}