{"id":570,"date":"2022-01-10T14:53:13","date_gmt":"2022-01-10T12:53:13","guid":{"rendered":"https:\/\/jgs.lt\/?page_id=570"},"modified":"2022-07-20T23:11:46","modified_gmt":"2022-07-20T20:11:46","slug":"vaiku-isgydymas","status":"publish","type":"page","link":"https:\/\/jgs.lt\/index.php\/liudijimai\/vaiku-isgydymas\/","title":{"rendered":"Vaik\u0173 i\u0161gydymas"},"content":{"rendered":"\n<div class=\"wp-block-cover alignfull is-light\" style=\"min-height:200px;aspect-ratio:unset;\"><span aria-hidden=\"true\" class=\"wp-block-cover__background has-background-dim-40 has-background-dim\"><\/span><img loading=\"lazy\" decoding=\"async\" width=\"1024\" height=\"340\" class=\"wp-block-cover__image-background wp-image-71\" alt=\"\" src=\"https:\/\/jgs.lt\/wp-content\/uploads\/2020\/09\/services-bg-1024x340.jpg\" style=\"object-position:4% 27%\" data-object-fit=\"cover\" data-object-position=\"4% 27%\" srcset=\"https:\/\/jgs.lt\/wp-content\/uploads\/2020\/09\/services-bg-1024x340.jpg 1024w, https:\/\/jgs.lt\/wp-content\/uploads\/2020\/09\/services-bg-300x100.jpg 300w, https:\/\/jgs.lt\/wp-content\/uploads\/2020\/09\/services-bg-768x255.jpg 768w, https:\/\/jgs.lt\/wp-content\/uploads\/2020\/09\/services-bg-1536x510.jpg 1536w, https:\/\/jgs.lt\/wp-content\/uploads\/2020\/09\/services-bg.jpg 1920w\" sizes=\"auto, (max-width: 1024px) 100vw, 1024px\" \/><div class=\"wp-block-cover__inner-container is-layout-flow wp-block-cover-is-layout-flow\">\n<p class=\"has-text-align-center has-large-font-size\"><strong>Liudijimai<\/strong><\/p>\n<\/div><\/div>\n\n\n\n<p><a href=\"https:\/\/jgs.lt\/en\/index.php\/testimonies\/healed-children\/\" title=\"English\"><\/a><a href=\"https:\/\/jgs.lt\/en\/index.php\/testimonies\/asked-for-1000-got-4000\/\" title=\"English\"><strong>English<\/strong><\/a><\/p>\n\n\n\n<h3 class=\"has-text-align-center wp-block-heading\" id=\"vaiku-isgydymas\"><strong>Vaik\u0173 i\u0161gydymas<\/strong><\/h3>\n\n\n\n<p>Kaip Dievas atsak\u0117 \u012f mano mald\u0105, kai tur\u0117jome problem\u0173 su savo vaikais. Problema i\u0161nyko po daug ie\u0161kojimo ir vienos maldos.<\/p>\n\n\n\n<p>D\u0117l vaik\u0173 saugumo nenurodysiu met\u0173, kuriais tai vyko. Esm\u0119 suprasit ir be to. S\u016bnus, kai jau i\u0161augo i\u0161 pampers\u0173, dien\u0105 sugeb\u0117davo i\u0161b\u016bt su sausom keln\u0117m, o nakt\u012f vis lova \u0161lapia likdavo. Ir taip kas kelint\u0105 nakt\u012f. Gal metus ar ma\u017eiau. O dukt\u0117 r\u0117kdavo per miegus. Ko\u0161marus sapnuodavo ar k\u0105, bent ji sakydavo, kad ko\u0161marus. Pradeda r\u0117kt nakt\u012f, akys \u012f vien\u0105 ta\u0161k\u0105 stiklin\u0117s \u017ei\u016bri ir kol nepa\u017eadini tol r\u0117kia. Pri\u017eadindavo savo r\u0117kimu visus. Jei nubusdavo s\u016bnus, jis labai sunkiai v\u0117l u\u017emikdavo. Ilgai reikdavo mikdyt, u\u017e rankos laikyt. B\u016bdavo, kad net du kart per nakt\u012f dukt\u0117 prad\u0117davo r\u0117kt per miegus. Buvo \u017eiauru, i\u0161vargom nerealiai. Ir taip kokius metus su vir\u0161um. Ji gim\u0117 ruden\u012f, tai kad nesu\u0161alt\u0173 i\u0161 kart nekrik\u0161tijom. Prad\u017eioj galvojau, kad d\u0117l to, bet vasar\u0105 pakrik\u0161tijom ir niekas nepasikeit\u0117. Prad\u017eioj b\u016bdavo prad\u0117davo r\u0117kt apie 3 val nakties. Tiksliai tuo pa\u010diu metu. Paskui 2,30, paskui 2,00, paskui 1,30, paskui 1,00, paskui 0,30. \u017dmona sako a\u0161 vakare nebegal\u0117davau u\u017emigt, nes \u017einodavau, kad 0,30 jau reiks keltis. Buvo \u017eiauru, i\u0161vargom be normalaus miego. Ka\u017ekiek ir su \u017emona santikiai pa\u0161lijo. Prad\u0117jau ie\u0161kot dvasin\u0117s kovos ginkl\u0173, kaip i\u0161spr\u0119st problem\u0105. Ie\u0161kojau, k\u0105 kalba egzorcistai, ka sako apie tokius dalykus, kaip tas vyksta, ar \u010dia pana\u0161u ka\u017ekas, kad dvasios mus vargina ar \u010dia fiziologija. Ir vien\u0105 dien\u0105 u\u017etikau egzorsisto Chad Ripperger vaizdo \u012fra\u0161\u0105, kuriame jis ai\u0161kino, kad tiems, kurie namuose turi paauglius, kurie j\u0173 neklauso ar yra susid\u0117j\u0119 su bloga kompanija, labai naudinga, kart\u0105 per m\u0117nes\u012f ar kart\u0105 per savait\u0119 laiminti namus su \u0161ventintu vandeniu ir J\u0117zaus vardu varyti lauk dvasias kurios vargina, suri\u0161ti dvasias, kurios laiko j\u0173 vaikus priri\u0161tus prie blogos kompanijos ir pan. Ir jis nurod\u0117 formuluot\u0119, kaip tai padaryt, kada daryti, kas turi daryti ir pan. \u017dod\u017eiu visoki\u0173 niuans\u0173 pripasakojo. Ir a\u0161 nusprend\u017eiau pabandyti pritaikyti savo problemai. Vaik\u0161\u010diodamas po but\u0105 ir laimindamas kalb\u0117jau: &#8220;J\u0117zaus vardu a\u0161 suri\u0161u visas dvasias at\u0117jusias \u012f m\u016bs\u0173 \u0161eim\u0105 mums kenkti, varginti, nes prie\u0161 J\u0117zaus Vard\u0105 priklaups kiekvienas kelis, suri\u0161u t\u0105 \u0161lapinimosi \u012f lov\u0105 problem\u0105 ar dvasi\u0105, kuri tai skatina, dvasia duodan\u010dia naktinius ko\u0161marus ir priver\u010dian\u010di\u0105 dukr\u0105 r\u0117kti per miegus, tegu visos tos dvasios mus varginan\u010dios pasi\u0161alina J\u0117zaus vardu.&#8221; Nebeatsimenu ar tiesiogiai min\u0117jau santykius su \u017emona, bet po tos maldos a\u0161 j\u0105 u\u017emir\u0161au lygiai savaitei, ir po savait\u0117s a\u0161 supratau, kad per t\u0105 savait\u0119 s\u016bnus n\u0117 karto neprisi\u0161lapino \u012f lov\u0105, o mes normaliai miegojom, nes dukt\u0117 nei karto ner\u0117k\u0117 per miegus. Ir nuo to laiko jau keliti metai eina(d\u0117l vaik\u0173 saugumo, nesakau kilinti), bet naktiniai r\u0117kimai n\u0117 karto nepasikartojo, s\u016bnus, tiesa, gal pirmais metais vien\u0105 kart buvo \u0161lapi\u0105 lov\u0105 palik\u0119s, bet ir viskas daugiau tai nepasikartojo. Gal tada buvo skys\u010di\u0173 prie\u0161 mieg\u0105 daug prig\u0117r\u0119s, gal k\u0105 susapnavo, bet a\u0161 jau nebesureik\u0161minu to. Lyginant su tuo kas buvo, tai yra visi\u0161kas nulis. Ir \u017emona pajutau, kad persimain\u0117. Pasibaig\u0117 barniai, \u012ftampa. Tada sau pa\u017ead\u0117jau, kad kart\u0105 per m\u0117nes\u012f ar per savait\u0119, ar po kokio konflikto, ar kada tik atsiminsiu, v\u0117l perlaiminsiu namus, suri\u0161iu dvasias, kurios mus vargins ir taip ginsiu \u0161eim\u0105, nuo dvasini\u0173 atak\u0173. J\u0117zus gyvas ir veikiantis \u0161iandien, ne tik prie\u0161 2000 met\u0173. Jam garb\u0117 ir \u0161lov\u0117 per am\u017ei\u0173 am\u017eius amen. A\u010di\u016b tau J\u0117zau, kad Tu m\u016bs\u0173 nepalieki b\u0117doje. D\u017eiaugiasi mano \u0161irdis tavimi, Vie\u0161patie, pad\u0117ka ir gyrius te bus Tau visada mano l\u016bpose. Aleli\u016bja ir amen.<\/p>\n\n\n\n<p><a href=\"https:\/\/jgs.lt\/index.php\/pradzia\/liudijimai\/\" title=\"Liudijimai\">Gr\u012f\u017eti \u012f liudijimus<\/a><\/p>\n","protected":false},"excerpt":{"rendered":"<p>English Vaik\u0173 i\u0161gydymas Kaip Dievas atsak\u0117 \u012f mano mald\u0105, kai tur\u0117jome problem\u0173 su savo vaikais. Problema i\u0161nyko po daug ie\u0161kojimo ir vienos maldos. D\u0117l vaik\u0173 saugumo nenurodysiu met\u0173, kuriais tai vyko. Esm\u0119 suprasit ir be to. S\u016bnus, kai jau i\u0161augo i\u0161 pampers\u0173, dien\u0105 sugeb\u0117davo i\u0161b\u016bt su sausom keln\u0117m, o nakt\u012f vis lova \u0161lapia likdavo. Ir [&hellip;]<\/p>\n","protected":false},"author":1,"featured_media":0,"parent":8,"menu_order":22,"comment_status":"closed","ping_status":"closed","template":"","meta":{"om_disable_all_campaigns":false,"_monsterinsights_skip_tracking":false,"_monsterinsights_sitenote_active":false,"_monsterinsights_sitenote_note":"","_monsterinsights_sitenote_category":0,"site-sidebar-layout":"default","site-content-layout":"plain-container","ast-site-content-layout":"default","site-content-style":"default","site-sidebar-style":"default","ast-global-header-display":"","ast-banner-title-visibility":"","ast-main-header-display":"","ast-hfb-above-header-display":"","ast-hfb-below-header-display":"","ast-hfb-mobile-header-display":"","site-post-title":"disabled","ast-breadcrumbs-content":"","ast-featured-img":"","footer-sml-layout":"","ast-disable-related-posts":"","theme-transparent-header-meta":"enabled","adv-header-id-meta":"","stick-header-meta":"","header-above-stick-meta":"","header-main-stick-meta":"","header-below-stick-meta":"","astra-migrate-meta-layouts":"default","ast-page-background-enabled":"default","ast-page-background-meta":{"desktop":{"background-color":"","background-image":"","background-repeat":"repeat","background-position":"center center","background-size":"auto","background-attachment":"scroll","background-type":"","background-media":"","overlay-type":"","overlay-color":"","overlay-opacity":"","overlay-gradient":""},"tablet":{"background-color":"","background-image":"","background-repeat":"repeat","background-position":"center center","background-size":"auto","background-attachment":"scroll","background-type":"","background-media":"","overlay-type":"","overlay-color":"","overlay-opacity":"","overlay-gradient":""},"mobile":{"background-color":"","background-image":"","background-repeat":"repeat","background-position":"center center","background-size":"auto","background-attachment":"scroll","background-type":"","background-media":"","overlay-type":"","overlay-color":"","overlay-opacity":"","overlay-gradient":""}},"ast-content-background-meta":{"desktop":{"background-color":"var(--ast-global-color-5)","background-image":"","background-repeat":"repeat","background-position":"center center","background-size":"auto","background-attachment":"scroll","background-type":"","background-media":"","overlay-type":"","overlay-color":"","overlay-opacity":"","overlay-gradient":""},"tablet":{"background-color":"var(--ast-global-color-5)","background-image":"","background-repeat":"repeat","background-position":"center center","background-size":"auto","background-attachment":"scroll","background-type":"","background-media":"","overlay-type":"","overlay-color":"","overlay-opacity":"","overlay-gradient":""},"mobile":{"background-color":"var(--ast-global-color-5)","background-image":"","background-repeat":"repeat","background-position":"center center","background-size":"auto","background-attachment":"scroll","background-type":"","background-media":"","overlay-type":"","overlay-color":"","overlay-opacity":"","overlay-gradient":""}},"footnotes":""},"class_list":["post-570","page","type-page","status-publish","hentry"],"aioseo_notices":[],"_links":{"self":[{"href":"https:\/\/jgs.lt\/index.php\/wp-json\/wp\/v2\/pages\/570","targetHints":{"allow":["GET"]}}],"collection":[{"href":"https:\/\/jgs.lt\/index.php\/wp-json\/wp\/v2\/pages"}],"about":[{"href":"https:\/\/jgs.lt\/index.php\/wp-json\/wp\/v2\/types\/page"}],"author":[{"embeddable":true,"href":"https:\/\/jgs.lt\/index.php\/wp-json\/wp\/v2\/users\/1"}],"replies":[{"embeddable":true,"href":"https:\/\/jgs.lt\/index.php\/wp-json\/wp\/v2\/comments?post=570"}],"version-history":[{"count":10,"href":"https:\/\/jgs.lt\/index.php\/wp-json\/wp\/v2\/pages\/570\/revisions"}],"predecessor-version":[{"id":963,"href":"https:\/\/jgs.lt\/index.php\/wp-json\/wp\/v2\/pages\/570\/revisions\/963"}],"up":[{"embeddable":true,"href":"https:\/\/jgs.lt\/index.php\/wp-json\/wp\/v2\/pages\/8"}],"wp:attachment":[{"href":"https:\/\/jgs.lt\/index.php\/wp-json\/wp\/v2\/media?parent=570"}],"curies":[{"name":"wp","href":"https:\/\/api.w.org\/{rel}","templated":true}]}}