{"id":576,"date":"2022-01-10T16:23:34","date_gmt":"2022-01-10T14:23:34","guid":{"rendered":"https:\/\/jgs.lt\/?page_id=576"},"modified":"2022-07-20T23:21:58","modified_gmt":"2022-07-20T20:21:58","slug":"kregzdziu-suvaldymas","status":"publish","type":"page","link":"https:\/\/jgs.lt\/index.php\/liudijimai\/kregzdziu-suvaldymas\/","title":{"rendered":"Kreg\u017ed\u017ei\u0173 suvaldymas"},"content":{"rendered":"\n<div class=\"wp-block-cover alignfull is-light\" style=\"min-height:200px;aspect-ratio:unset;\"><span aria-hidden=\"true\" class=\"wp-block-cover__background has-background-dim-40 has-background-dim\"><\/span><img loading=\"lazy\" decoding=\"async\" width=\"1024\" height=\"340\" class=\"wp-block-cover__image-background wp-image-71\" alt=\"\" src=\"https:\/\/jgs.lt\/wp-content\/uploads\/2020\/09\/services-bg-1024x340.jpg\" style=\"object-position:4% 27%\" data-object-fit=\"cover\" data-object-position=\"4% 27%\" srcset=\"https:\/\/jgs.lt\/wp-content\/uploads\/2020\/09\/services-bg-1024x340.jpg 1024w, https:\/\/jgs.lt\/wp-content\/uploads\/2020\/09\/services-bg-300x100.jpg 300w, https:\/\/jgs.lt\/wp-content\/uploads\/2020\/09\/services-bg-768x255.jpg 768w, https:\/\/jgs.lt\/wp-content\/uploads\/2020\/09\/services-bg-1536x510.jpg 1536w, https:\/\/jgs.lt\/wp-content\/uploads\/2020\/09\/services-bg.jpg 1920w\" sizes=\"auto, (max-width: 1024px) 100vw, 1024px\" \/><div class=\"wp-block-cover__inner-container is-layout-flow wp-block-cover-is-layout-flow\">\n<p class=\"has-text-align-center has-large-font-size\"><strong>Liudijimai<\/strong><\/p>\n<\/div><\/div>\n\n\n\n<p><a href=\"https:\/\/jgs.lt\/en\/index.php\/testimonies\/swallow-management\/\" title=\"English\"><strong>English<\/strong><\/a><\/p>\n\n\n\n<h3 class=\"has-text-align-center wp-block-heading\" id=\"kregzdziu-suvaldymas\"><strong>Kreg\u017ed\u017ei\u0173 suvaldymas<\/strong><\/h3>\n\n\n\n<p>Kaip per mano mald\u0105, Dievas u\u017edraud\u0117 kreg\u017ed\u0117ms krauti lizdus ant mano naujai suremontuoto namo.<\/p>\n\n\n\n<p>Viskas prasid\u0117jo gal 2019 pavasary, kai mes susiremontavome namo i\u0161or\u0119, apsi\u0161iltinome, u\u017esid\u0117jome strukt\u016brin\u012f tink\u0105. Po kiek laiko kreg\u017ed\u0117s prad\u0117jo lipdyti ant jo lizdus. Nugramdai ir v\u0117l pradeda lipdyt, nugramdai ir v\u0117l lipdo. I\u0161 10 ar 11 lang\u0173 aplipd\u0117 6 ir keliose vietose kaip kulkosvaid\u017eiu sienos kelis metrus su\u0161aud\u0117. kad tai b\u016bt\u0173 ant tvarto a\u0161 nieko nesaky\u010diau, bet naujai suremontuotas namas, to jau per daug. Grand\u017eiau, grand\u017eiau, sakau gal joms atsibos, bet atsibodo man kas kelios dienos grandyt. Nusprend\u017eiau i\u0161bandyt mald\u0105. Sakau, jei malda veikia ant debes\u0173, jei veikia ant vaik\u0173, turi suveikt ir ant kreg\u017ed\u017ei\u0173. Sakiau: &#8220;J\u0117zaus vardu a\u0161 suri\u0161u kreg\u017edes, ar betkoki\u0105 dvasi\u0105, kuri jas valdo, ar bet koki\u0105 dvasi\u0105, kuri yra at\u0117jusi gadinti mano nuosavyb\u0119, eik von i\u0161 mano nuosavyb\u0117s ir daugiau nebegadink, a\u0161 tau draud\u017eiu J\u0117zaus Vardu.&#8221; Ka\u017ekaip pana\u0161iai pasimeld\u017eiau. Po kiek laiko \u017ei\u016briu jos vistiek krauna. Nu galvoju, a\u0161 nepasiduosiu stov\u0117siu iki pergal\u0117s. Dar kart tais pa\u010diais \u017eod\u017eiais pasimeld\u017eiau, visk\u0105 nugrand\u017eiau ir palikau. Nebeatsimenu reik\u0117jo tre\u010dio karto tais metais ar nebe, bet tais metais kreg\u017ed\u0117s nebekrov\u0117 lizd\u0173. O kreg\u017ed\u0117s paprastai peri vaikus du kartus per metus, bent mamos tvarte, tai du kart per metus apsivaikuoja. Kitais metais, ka\u017ekaip nepagalvojau pasimelsti prie\u0161 sezon\u0105, kad tos kreg\u017ed\u0117s nekraut\u0173 lizd\u0173, ir v\u0117l jos prad\u0117jo pavasar\u012f, nu galvoju, kas \u010dia per zaraza. Kiek \u010dia reiks terliotis. Visk\u0105 nuvaliau, dar kart\u0105 tais pa\u010diais ar pana\u0161iais \u017eod\u017eiais pasimeld\u017eiau. Ir tais metais 2020 kreg\u017ed\u0117s nebekrov\u0117 lizd\u0173 ant mano namo. Paskui kitais metais 2021 jau \u017eiem\u0105, kol dar sniego buvo, nusprend\u017eiau pasimelsti tais pa\u010diais \u017eod\u017eiais, kad padaryti tam gal\u0105, net neprasid\u0117jus. Pasimeld\u017eiau ir 2021 neteko valyt joki\u0173 kreg\u017ed\u017ei\u0173 lizd\u0173 u\u017euomazd\u0173. <a href=\"http:\/\/biblija.lt\/index.aspx?cmp=reading&amp;doc=BiblijaRKE1999_Mt_17\" target=\"_blank\" rel=\"noreferrer noopener\" title=\"Biblija.lt Biblija lietuvi\u0161kai\">Mt 17:20<\/a> Jei tur\u0117tum\u0117te tik\u0117jim\u0105, kaip garsty\u010dios gr\u016bdel\u012f \u2026 jums neb\u016bt\u0173 nieko negalimo. Kur dar J\u0117zaus vard\u0105 galima panaudot, kokiose problemose. Ai\u0161ku, jis neduos pinig\u0173, tiek kiek mes \u012fsivaizduojam, kad mums reikia, kad b\u016bt\u0173 komfortas, pasaulio \u0161lov\u0117s, ar t\u0173 dalyk\u0173, kurie mus pra\u017e\u016bdyt\u0173, ar nukreipt\u0173 nuo am\u017einojo likimo, ar b\u016bt\u0173 skirti, kenkti kitiems. Bet tikrai yra dar nei\u0161bandyt\u0173 sri\u010di\u0173 apie, kurias nepagalvoji, kad ten Dievas irgi veikt\u0173. Su Dievu gyventi yra \u012fdomu, jis nesiliauja stebin\u0119s. A\u010di\u016b tau J\u0117zau u\u017e Tavo meil\u0119, u\u017e t\u0105 santik\u012f su Tavimi. Kad tu mus i\u0161 vis\u0173 sunkum\u0173 gelbsti. Tau pad\u0117ka ir gyrius, vertas esi visos garb\u0117s.<\/p>\n\n\n\n<p><a href=\"https:\/\/jgs.lt\/index.php\/pradzia\/liudijimai\/\" title=\"Liudijimai\">Gr\u012f\u017eti \u012f liudijimus<\/a><\/p>\n","protected":false},"excerpt":{"rendered":"<p>English Kreg\u017ed\u017ei\u0173 suvaldymas Kaip per mano mald\u0105, Dievas u\u017edraud\u0117 kreg\u017ed\u0117ms krauti lizdus ant mano naujai suremontuoto namo. Viskas prasid\u0117jo gal 2019 pavasary, kai mes susiremontavome namo i\u0161or\u0119, apsi\u0161iltinome, u\u017esid\u0117jome strukt\u016brin\u012f tink\u0105. Po kiek laiko kreg\u017ed\u0117s prad\u0117jo lipdyti ant jo lizdus. Nugramdai ir v\u0117l pradeda lipdyt, nugramdai ir v\u0117l lipdo. I\u0161 10 ar 11 lang\u0173 aplipd\u0117 [&hellip;]<\/p>\n","protected":false},"author":1,"featured_media":0,"parent":8,"menu_order":25,"comment_status":"closed","ping_status":"closed","template":"","meta":{"om_disable_all_campaigns":false,"_monsterinsights_skip_tracking":false,"_monsterinsights_sitenote_active":false,"_monsterinsights_sitenote_note":"","_monsterinsights_sitenote_category":0,"site-sidebar-layout":"default","site-content-layout":"plain-container","ast-site-content-layout":"default","site-content-style":"default","site-sidebar-style":"default","ast-global-header-display":"","ast-banner-title-visibility":"","ast-main-header-display":"","ast-hfb-above-header-display":"","ast-hfb-below-header-display":"","ast-hfb-mobile-header-display":"","site-post-title":"disabled","ast-breadcrumbs-content":"","ast-featured-img":"","footer-sml-layout":"","ast-disable-related-posts":"","theme-transparent-header-meta":"enabled","adv-header-id-meta":"","stick-header-meta":"","header-above-stick-meta":"","header-main-stick-meta":"","header-below-stick-meta":"","astra-migrate-meta-layouts":"default","ast-page-background-enabled":"default","ast-page-background-meta":{"desktop":{"background-color":"","background-image":"","background-repeat":"repeat","background-position":"center center","background-size":"auto","background-attachment":"scroll","background-type":"","background-media":"","overlay-type":"","overlay-color":"","overlay-opacity":"","overlay-gradient":""},"tablet":{"background-color":"","background-image":"","background-repeat":"repeat","background-position":"center center","background-size":"auto","background-attachment":"scroll","background-type":"","background-media":"","overlay-type":"","overlay-color":"","overlay-opacity":"","overlay-gradient":""},"mobile":{"background-color":"","background-image":"","background-repeat":"repeat","background-position":"center center","background-size":"auto","background-attachment":"scroll","background-type":"","background-media":"","overlay-type":"","overlay-color":"","overlay-opacity":"","overlay-gradient":""}},"ast-content-background-meta":{"desktop":{"background-color":"var(--ast-global-color-5)","background-image":"","background-repeat":"repeat","background-position":"center center","background-size":"auto","background-attachment":"scroll","background-type":"","background-media":"","overlay-type":"","overlay-color":"","overlay-opacity":"","overlay-gradient":""},"tablet":{"background-color":"var(--ast-global-color-5)","background-image":"","background-repeat":"repeat","background-position":"center center","background-size":"auto","background-attachment":"scroll","background-type":"","background-media":"","overlay-type":"","overlay-color":"","overlay-opacity":"","overlay-gradient":""},"mobile":{"background-color":"var(--ast-global-color-5)","background-image":"","background-repeat":"repeat","background-position":"center center","background-size":"auto","background-attachment":"scroll","background-type":"","background-media":"","overlay-type":"","overlay-color":"","overlay-opacity":"","overlay-gradient":""}},"footnotes":""},"class_list":["post-576","page","type-page","status-publish","hentry"],"aioseo_notices":[],"_links":{"self":[{"href":"https:\/\/jgs.lt\/index.php\/wp-json\/wp\/v2\/pages\/576","targetHints":{"allow":["GET"]}}],"collection":[{"href":"https:\/\/jgs.lt\/index.php\/wp-json\/wp\/v2\/pages"}],"about":[{"href":"https:\/\/jgs.lt\/index.php\/wp-json\/wp\/v2\/types\/page"}],"author":[{"embeddable":true,"href":"https:\/\/jgs.lt\/index.php\/wp-json\/wp\/v2\/users\/1"}],"replies":[{"embeddable":true,"href":"https:\/\/jgs.lt\/index.php\/wp-json\/wp\/v2\/comments?post=576"}],"version-history":[{"count":7,"href":"https:\/\/jgs.lt\/index.php\/wp-json\/wp\/v2\/pages\/576\/revisions"}],"predecessor-version":[{"id":988,"href":"https:\/\/jgs.lt\/index.php\/wp-json\/wp\/v2\/pages\/576\/revisions\/988"}],"up":[{"embeddable":true,"href":"https:\/\/jgs.lt\/index.php\/wp-json\/wp\/v2\/pages\/8"}],"wp:attachment":[{"href":"https:\/\/jgs.lt\/index.php\/wp-json\/wp\/v2\/media?parent=576"}],"curies":[{"name":"wp","href":"https:\/\/api.w.org\/{rel}","templated":true}]}}