{"id":581,"date":"2022-01-10T17:05:48","date_gmt":"2022-01-10T15:05:48","guid":{"rendered":"https:\/\/jgs.lt\/?page_id=581"},"modified":"2022-07-20T23:18:42","modified_gmt":"2022-07-20T20:18:42","slug":"lietaus-suvaldymas-2021","status":"publish","type":"page","link":"https:\/\/jgs.lt\/index.php\/liudijimai\/lietaus-suvaldymas-2021\/","title":{"rendered":"Lietaus suvaldymas 2021"},"content":{"rendered":"\n<div class=\"wp-block-cover alignfull is-light\" style=\"min-height:200px;aspect-ratio:unset;\"><span aria-hidden=\"true\" class=\"wp-block-cover__background has-background-dim-40 has-background-dim\"><\/span><img loading=\"lazy\" decoding=\"async\" width=\"1024\" height=\"340\" class=\"wp-block-cover__image-background wp-image-71\" alt=\"\" src=\"https:\/\/jgs.lt\/wp-content\/uploads\/2020\/09\/services-bg-1024x340.jpg\" style=\"object-position:4% 27%\" data-object-fit=\"cover\" data-object-position=\"4% 27%\" srcset=\"https:\/\/jgs.lt\/wp-content\/uploads\/2020\/09\/services-bg-1024x340.jpg 1024w, https:\/\/jgs.lt\/wp-content\/uploads\/2020\/09\/services-bg-300x100.jpg 300w, https:\/\/jgs.lt\/wp-content\/uploads\/2020\/09\/services-bg-768x255.jpg 768w, https:\/\/jgs.lt\/wp-content\/uploads\/2020\/09\/services-bg-1536x510.jpg 1536w, https:\/\/jgs.lt\/wp-content\/uploads\/2020\/09\/services-bg.jpg 1920w\" sizes=\"auto, (max-width: 1024px) 100vw, 1024px\" \/><div class=\"wp-block-cover__inner-container is-layout-flow wp-block-cover-is-layout-flow\">\n<p class=\"has-text-align-center has-large-font-size\"><strong>Liudijimai<\/strong><\/p>\n<\/div><\/div>\n\n\n\n<p><a href=\"https:\/\/jgs.lt\/en\/index.php\/testimonies\/rain-management-2021\/\" title=\"English\"><strong>English<\/strong><\/a><\/p>\n\n\n\n<h3 class=\"has-text-align-center wp-block-heading\" id=\"lietaus-suvaldymas-2021\"><strong>Lietaus suvaldymas 2021<\/strong><\/h3>\n\n\n\n<p>Ka\u017ekada, gal 2021 ruden\u012f, saky\u010diau. Paruo\u0161iau lauk\u0105 s\u0117jai, sukultivavau. \u017di\u016briu ateina juodas juod\u017eiausias debesis ir eina tiesiai ant mano paruo\u0161to lauko, nu galvoju, nueis mano atliktas darbas \u0161uniui ant uodegos, k\u0105 tik sutvark\u0117m melioracij\u0105 ir lauk\u0105 apy\u0161lap\u012f sukultivavau, sakau tikrai sugadins visk\u0105. K\u0105 daryt, reikia griebtis maldos. &#8220;J\u0117zaus Vardu, sakau, tegu eina tas debesis ant mari\u0173 ir tegu ten i\u0161silyja. Ne\u0161dinkis.&#8221;. Paskui po 10 ar 15 min atsiminiau. Sakau pasi\u017ei\u016br\u0117siu, kur tas debesis. \u017di\u016briu gi ant mari\u0173 jau nuslink\u0119s, ir lie\u017euviai \u017eem\u0117n nutys\u0119. Apsid\u017eiaug\u0117 \u0161irdis. Mano darbas nenu\u0117jo per niek. A\u010di\u016b Tau, J\u0117zau.<\/p>\n\n\n\n<p>Kitas atvejis buvo irgi saky\u010diau t\u0105 pat\u012f ruden\u012f. Atva\u017eiavau \u012f lauk\u0105 ir prad\u0117jau kultivuot. Ir neu\u017eilgo prad\u0117jo nestipriai lyt. Nu galvoju, reik skub\u0117t kultivuot, skub\u0117t s\u0117t taip laiko n\u0117r, jei prilis ir negal\u0117siu kultivuot ir paskui s\u0117t, reiks laukt kol prad\u017eius, v\u0117l blogai. Reik melstis. Sakau: &#8220;J\u0117zaus Vardu tegu \u0161itas lietus nustoja lyt, arba tegu lyja taip, kad netrukdyt\u0173 dirbt&#8221;. \u017di\u016briu, po minut\u0117s ar dviej\u0173, jau nebelyja. V\u0117l d\u017eiaugsmas \u0161ird\u012f ir pad\u0117ka l\u016bpuse Vie\u0161pa\u010diui. Kultivuoju, kultivuoju, debesys aplinkui vaik\u0161to, \u017ei\u016briu v\u0117l lyja. Nu sakau: &#8220;kas \u010dia daros. J\u0117zaus Vardu suri\u0161u t\u0105 liet\u0173, tegu nustoja ir \u0161iandien nebepradeda.&#8221; ka\u017ekaip taip pasimeld\u017eiau. Ir v\u0117l po keli\u0173 minu\u010di\u0173 \u017ei\u016briu jau v\u0117l nebelyja. O debesys visokie aplinkui vaik\u0161to. T\u0105 dien kiek kultivavau, debesys aplink mano laukus plauk\u0117, bet man\u0119s nekliud\u0117. Dirbau iki v\u0117lumos, bet lietus mano darb\u0173 nesutrukd\u0117. Skelbsiu tavo darbus, J\u0117zau, mano gyvenime, priimk Tau priklausan\u010di\u0105 garb\u0119 ir \u0161lov\u0119.<\/p>\n\n\n\n<p><a href=\"https:\/\/jgs.lt\/index.php\/pradzia\/liudijimai\/\" title=\"Liudijimai\">Gr\u012f\u017eti \u012f liudijimus<\/a><\/p>\n","protected":false},"excerpt":{"rendered":"<p>English Lietaus suvaldymas 2021 Ka\u017ekada, gal 2021 ruden\u012f, saky\u010diau. Paruo\u0161iau lauk\u0105 s\u0117jai, sukultivavau. \u017di\u016briu ateina juodas juod\u017eiausias debesis ir eina tiesiai ant mano paruo\u0161to lauko, nu galvoju, nueis mano atliktas darbas \u0161uniui ant uodegos, k\u0105 tik sutvark\u0117m melioracij\u0105 ir lauk\u0105 apy\u0161lap\u012f sukultivavau, sakau tikrai sugadins visk\u0105. K\u0105 daryt, reikia griebtis maldos. &#8220;J\u0117zaus Vardu, sakau, tegu [&hellip;]<\/p>\n","protected":false},"author":1,"featured_media":0,"parent":8,"menu_order":23,"comment_status":"closed","ping_status":"closed","template":"","meta":{"om_disable_all_campaigns":false,"_monsterinsights_skip_tracking":false,"_monsterinsights_sitenote_active":false,"_monsterinsights_sitenote_note":"","_monsterinsights_sitenote_category":0,"site-sidebar-layout":"default","site-content-layout":"plain-container","ast-site-content-layout":"default","site-content-style":"default","site-sidebar-style":"default","ast-global-header-display":"","ast-banner-title-visibility":"","ast-main-header-display":"","ast-hfb-above-header-display":"","ast-hfb-below-header-display":"","ast-hfb-mobile-header-display":"","site-post-title":"disabled","ast-breadcrumbs-content":"","ast-featured-img":"","footer-sml-layout":"","ast-disable-related-posts":"","theme-transparent-header-meta":"enabled","adv-header-id-meta":"","stick-header-meta":"","header-above-stick-meta":"","header-main-stick-meta":"","header-below-stick-meta":"","astra-migrate-meta-layouts":"default","ast-page-background-enabled":"default","ast-page-background-meta":{"desktop":{"background-color":"","background-image":"","background-repeat":"repeat","background-position":"center center","background-size":"auto","background-attachment":"scroll","background-type":"","background-media":"","overlay-type":"","overlay-color":"","overlay-opacity":"","overlay-gradient":""},"tablet":{"background-color":"","background-image":"","background-repeat":"repeat","background-position":"center center","background-size":"auto","background-attachment":"scroll","background-type":"","background-media":"","overlay-type":"","overlay-color":"","overlay-opacity":"","overlay-gradient":""},"mobile":{"background-color":"","background-image":"","background-repeat":"repeat","background-position":"center center","background-size":"auto","background-attachment":"scroll","background-type":"","background-media":"","overlay-type":"","overlay-color":"","overlay-opacity":"","overlay-gradient":""}},"ast-content-background-meta":{"desktop":{"background-color":"var(--ast-global-color-5)","background-image":"","background-repeat":"repeat","background-position":"center center","background-size":"auto","background-attachment":"scroll","background-type":"","background-media":"","overlay-type":"","overlay-color":"","overlay-opacity":"","overlay-gradient":""},"tablet":{"background-color":"var(--ast-global-color-5)","background-image":"","background-repeat":"repeat","background-position":"center center","background-size":"auto","background-attachment":"scroll","background-type":"","background-media":"","overlay-type":"","overlay-color":"","overlay-opacity":"","overlay-gradient":""},"mobile":{"background-color":"var(--ast-global-color-5)","background-image":"","background-repeat":"repeat","background-position":"center center","background-size":"auto","background-attachment":"scroll","background-type":"","background-media":"","overlay-type":"","overlay-color":"","overlay-opacity":"","overlay-gradient":""}},"footnotes":""},"class_list":["post-581","page","type-page","status-publish","hentry"],"aioseo_notices":[],"_links":{"self":[{"href":"https:\/\/jgs.lt\/index.php\/wp-json\/wp\/v2\/pages\/581","targetHints":{"allow":["GET"]}}],"collection":[{"href":"https:\/\/jgs.lt\/index.php\/wp-json\/wp\/v2\/pages"}],"about":[{"href":"https:\/\/jgs.lt\/index.php\/wp-json\/wp\/v2\/types\/page"}],"author":[{"embeddable":true,"href":"https:\/\/jgs.lt\/index.php\/wp-json\/wp\/v2\/users\/1"}],"replies":[{"embeddable":true,"href":"https:\/\/jgs.lt\/index.php\/wp-json\/wp\/v2\/comments?post=581"}],"version-history":[{"count":7,"href":"https:\/\/jgs.lt\/index.php\/wp-json\/wp\/v2\/pages\/581\/revisions"}],"predecessor-version":[{"id":987,"href":"https:\/\/jgs.lt\/index.php\/wp-json\/wp\/v2\/pages\/581\/revisions\/987"}],"up":[{"embeddable":true,"href":"https:\/\/jgs.lt\/index.php\/wp-json\/wp\/v2\/pages\/8"}],"wp:attachment":[{"href":"https:\/\/jgs.lt\/index.php\/wp-json\/wp\/v2\/media?parent=581"}],"curies":[{"name":"wp","href":"https:\/\/api.w.org\/{rel}","templated":true}]}}