{"id":8,"date":"2022-01-02T02:22:51","date_gmt":"2022-01-02T02:22:51","guid":{"rendered":"http:\/\/jgs.lt\/index.php\/services\/"},"modified":"2025-02-28T23:29:39","modified_gmt":"2025-02-28T21:29:39","slug":"liudijimai","status":"publish","type":"page","link":"https:\/\/jgs.lt\/index.php\/liudijimai\/","title":{"rendered":"Liudijimai"},"content":{"rendered":"\n<div class=\"wp-block-cover alignfull is-light\" style=\"min-height:220px;aspect-ratio:unset;\"><span aria-hidden=\"true\" class=\"wp-block-cover__background has-background-dim\" style=\"background-color:#000000\"><\/span><img loading=\"lazy\" decoding=\"async\" width=\"1920\" height=\"637\" class=\"wp-block-cover__image-background wp-image-71\" alt=\"\" src=\"https:\/\/jgs.lt\/wp-content\/uploads\/2020\/09\/services-bg.jpg\" data-object-fit=\"cover\" srcset=\"https:\/\/jgs.lt\/wp-content\/uploads\/2020\/09\/services-bg.jpg 1920w, https:\/\/jgs.lt\/wp-content\/uploads\/2020\/09\/services-bg-300x100.jpg 300w, https:\/\/jgs.lt\/wp-content\/uploads\/2020\/09\/services-bg-1024x340.jpg 1024w, https:\/\/jgs.lt\/wp-content\/uploads\/2020\/09\/services-bg-768x255.jpg 768w, https:\/\/jgs.lt\/wp-content\/uploads\/2020\/09\/services-bg-1536x510.jpg 1536w\" sizes=\"auto, (max-width: 1920px) 100vw, 1920px\" \/><div class=\"wp-block-cover__inner-container is-layout-flow wp-block-cover-is-layout-flow\">\n<h2 class=\"has-text-align-center has-text-color wp-block-heading\" id=\"liudijimai\" style=\"color:#ffffff\">Liudijimai<\/h2>\n<\/div><\/div>\n\n\n\n<div class=\"inherit-container-width wp-block-group alignfull has-white-background-color has-background is-layout-constrained wp-block-group-is-layout-constrained\"><div class=\"wp-block-group__inner-container\">\n<p><a href=\"https:\/\/jgs.lt\/en\/index.php\/god-miracle-testimony\/\" title=\"English\"><strong>English<\/strong><\/a><\/p>\n\n\n\n<h3 class=\"has-text-align-center wp-block-heading\" id=\"liudijimas-yra-galingas-ginklas-nes-jezus-gyvas-siandien\">Liudijimai yra galingi ginklai, nes J\u0117zus gyvas \u0161iandien<\/h3>\n\n\n\n<p>Liudijimai yra ginklai griauti velnio darbus m\u016bs\u0173 gyvenime. <a href=\"http:\/\/biblija.lt\/index.aspx?cmp=reading&amp;doc=BiblijaRKK1998_Apr_12,11\" target=\"_blank\" rel=\"noreferrer noopener\">Aprei\u0161kimo Jonui 12:11<\/a>: &#8220;Bet jie nugal\u0117jo j\u012f (slibin\u0105) Avin\u0117lio krauju ir savo liudijimo \u017eod\u017eiu.&#8221; Jei pasako\u010diau apie savo darbus, jums b\u016bt\u0173 nuobodu, bet Dievo darbai yra visai kas kita, jie patraukia. Tikiuosi mano liudijimai pad\u0117s kam nors atrasti ar sustiprinti tik\u0117jim\u0105.<\/p>\n\n\n\n<hr class=\"wp-block-separator has-text-color has-ast-global-color-0-color has-css-opacity has-ast-global-color-0-background-color has-background aligncenter\"\/>\n\n\n\n<ol class=\"wp-block-list\">\n<li><a href=\"https:\/\/jgs.lt\/index.php\/liudijimai\/prosenelis\/\">Prosenelis<\/a><\/li>\n\n\n\n<li><a href=\"https:\/\/jgs.lt\/index.php\/liudijimai\/mociute\/\" title=\"Mo\u010diut\u0117\"><strong>Mo\u010diut\u0117<\/strong><\/a><\/li>\n\n\n\n<li><a href=\"https:\/\/jgs.lt\/index.php\/mama\/\" title=\"Mama\">Mama<\/a><\/li>\n\n\n\n<li><a href=\"https:\/\/jgs.lt\/index.php\/liudijimai\/ispazintis\/\" title=\"I\u0161pa\u017eintis\">I\u0161pa\u017eintis<\/a><\/li>\n\n\n\n<li><a href=\"https:\/\/jgs.lt\/index.php\/liudijimai\/karves_nesiversiuoja\/\" title=\"Karv\u0117s nesiver\u0161iuoja\"><strong>Karv\u0117s nesiver\u0161iuoja<\/strong><\/a><\/li>\n\n\n\n<li><a href=\"https:\/\/jgs.lt\/index.php\/pirmas-dievo-paklausimas\/\" title=\"Pirmas Dievo paklausimas\">Pirmas Dievo paklausimas<\/a><\/li>\n\n\n\n<li><a href=\"https:\/\/jgs.lt\/index.php\/dievas-prakalba-per-suni\/\" title=\"Deivas prakalba per \u0161un\u012f\">Dievas prakalba per \u0161un\u012f<\/a><\/li>\n\n\n\n<li><a href=\"https:\/\/jgs.lt\/index.php\/apsaugos-skydas\/\" title=\"Incidentas rusyje, apsaugos skydas\">Incidentas rusyje, apsaugos skydas<\/a><\/li>\n\n\n\n<li><a href=\"https:\/\/jgs.lt\/index.php\/pradzia\/liudijimai\/39temperatura\" title=\"39*C Temperat\u016bra\">39*C temperat\u016bra<\/a><\/li>\n\n\n\n<li><a href=\"https:\/\/jgs.lt\/index.php\/audi-job566\/\" title=\"Audi JOB566\">Audi JOB566<\/a><\/li>\n\n\n\n<li><a href=\"https:\/\/jgs.lt\/index.php\/sapnas-apie-suni-ir-tigra\/\" title=\"Sapnas apie ting\u0173 \u0161un\u012f ir tigr\u0105\"><strong>Sapnas apie ting\u0173 \u0161un\u012f ir tigr\u0105<\/strong><\/a><\/li>\n\n\n\n<li><a href=\"https:\/\/jgs.lt\/index.php\/lietus-maldyniskio-lauke\/\" title=\"Lietus Maldyni\u0161kio lauke\">Lietus Maldyni\u0161kio lauke<\/a><\/li>\n\n\n\n<li><a href=\"https:\/\/jgs.lt\/index.php\/lietus-paksiu-lauke\/\" title=\"Lietus Pak\u0161i\u0173 lauke\">Lietus Pak\u0161i\u0173 lauke<\/a><\/li>\n\n\n\n<li><a href=\"https:\/\/jgs.lt\/index.php\/lietus-pucetu-lauke\/\" title=\"Lietus Pu\u010d\u0117t\u0173 lauke\">Lietus Pu\u010d\u0117t\u0173 lauke<\/a><\/li>\n\n\n\n<li><a href=\"https:\/\/jgs.lt\/index.php\/sulaikyta-krusa\/\" title=\"Sulaikyta kru\u0161a\"><strong>Sulaikyta kru\u0161a<\/strong><\/a><\/li>\n\n\n\n<li><a href=\"https:\/\/jgs.lt\/index.php\/lietus-bogdziuno-lauke\/\" title=\"Lietus Bogd\u017ei\u016bno lauke\">Lietus Bogd\u017ei\u016bno lauke<\/a><\/li>\n\n\n\n<li><a href=\"https:\/\/jgs.lt\/index.php\/job-287\/\" title=\"Job 287\">JOB287<\/a><\/li>\n\n\n\n<li><a href=\"https:\/\/jgs.lt\/index.php\/385c\/\" title=\"38,5*C\"><strong>38,5*C<\/strong><\/a><\/li>\n\n\n\n<li><a href=\"https:\/\/jgs.lt\/index.php\/antausis-2018-pavasaris\/\" title=\"Antausis 2018 pavasaris\">Antausis  2018 pavasaris<\/a><\/li>\n\n\n\n<li><a href=\"https:\/\/jgs.lt\/index.php\/cunamis\/\" title=\"Cunamis\"><strong>Cunamis<\/strong><\/a><\/li>\n\n\n\n<li><a href=\"https:\/\/jgs.lt\/index.php\/pranasystes-ir-ju-issipildymas\/\" title=\"Prana\u0161yst\u0117 ir jos i\u0161sipildymas\"><strong>Prana\u0161yst\u0117s ir jos i\u0161sipildymas<\/strong><\/a><\/li>\n\n\n\n<li><a href=\"https:\/\/jgs.lt\/index.php\/prasiau-1000-gavau-4000\/\" title=\"Pra\u0161iau 1000, gavau 4000\"><strong>Pra\u0161iau 1000, gavau 4000<\/strong><\/a><\/li>\n\n\n\n<li><a href=\"https:\/\/jgs.lt\/index.php\/vaiku-isgydymas\/\" title=\"Vaik\u0173 i\u0161gydymas\"><strong>Vaik\u0173 i\u0161gydymas<\/strong><\/a><\/li>\n\n\n\n<li><a href=\"https:\/\/jgs.lt\/index.php\/lietaus-suvaldymas-2021\/\" title=\"Lietaus suvaldymas 2021\">Lietaus suvaldymas 2021<\/a><\/li>\n\n\n\n<li><a href=\"https:\/\/jgs.lt\/index.php\/prasyk-dievo-meiles\/\" title=\"Pra\u0161yk DievoMeil\u0117s\"><strong>Pra\u0161yk Dievo meil\u0117s<\/strong><\/a><\/li>\n\n\n\n<li><a href=\"https:\/\/jgs.lt\/index.php\/kregzdziu-suvaldymas\/\" title=\"Kreg\u017ed\u017ei\u0173 suvaldymas\">Kreg\u017ed\u017ei\u0173 suvaldymas<\/a><\/li>\n\n\n\n<li><a href=\"https:\/\/jgs.lt\/index.php\/dievo-isgirsta-mazyte-mintis\/\" title=\"Dievo i\u0161girsta ma\u017eyt\u0117 mintis\">Dievo i\u0161girsta ma\u017eyt\u0117 mintis<\/a><\/li>\n\n\n\n<li><a href=\"https:\/\/jgs.lt\/index.php\/autoivykis\/\" title=\"2022-02-27 auto\u012fvykis, Dievo apsauga\"><strong>2022-02-27 auto\u012fvykis, Dievo apsauga<\/strong><\/a><\/li>\n<\/ol>\n\n\n\n<p><a href=\"https:\/\/jgs.lt\/\">\u012e prad\u017eios puslap\u012f<\/a><\/p>\n<\/div><\/div>\n","protected":false},"excerpt":{"rendered":"<p>English Liudijimai yra galingi ginklai, nes J\u0117zus gyvas \u0161iandien Liudijimai yra ginklai griauti velnio darbus m\u016bs\u0173 gyvenime. Aprei\u0161kimo Jonui 12:11: &#8220;Bet jie nugal\u0117jo j\u012f (slibin\u0105) Avin\u0117lio krauju ir savo liudijimo \u017eod\u017eiu.&#8221; Jei pasako\u010diau apie savo darbus, jums b\u016bt\u0173 nuobodu, bet Dievo darbai yra visai kas kita, jie patraukia. Tikiuosi mano liudijimai pad\u0117s kam nors atrasti [&hellip;]<\/p>\n","protected":false},"author":1,"featured_media":0,"parent":0,"menu_order":1,"comment_status":"closed","ping_status":"closed","template":"","meta":{"om_disable_all_campaigns":false,"_monsterinsights_skip_tracking":false,"_monsterinsights_sitenote_active":false,"_monsterinsights_sitenote_note":"","_monsterinsights_sitenote_category":0,"site-sidebar-layout":"default","site-content-layout":"plain-container","ast-site-content-layout":"normal-width-container","site-content-style":"unboxed","site-sidebar-style":"unboxed","ast-global-header-display":"","ast-banner-title-visibility":"","ast-main-header-display":"","ast-hfb-above-header-display":"","ast-hfb-below-header-display":"","ast-hfb-mobile-header-display":"","site-post-title":"disabled","ast-breadcrumbs-content":"","ast-featured-img":"","footer-sml-layout":"","ast-disable-related-posts":"","theme-transparent-header-meta":"enabled","adv-header-id-meta":"","stick-header-meta":"","header-above-stick-meta":"","header-main-stick-meta":"","header-below-stick-meta":"","astra-migrate-meta-layouts":"set","ast-page-background-enabled":"default","ast-page-background-meta":{"desktop":{"background-color":"","background-image":"","background-repeat":"repeat","background-position":"center center","background-size":"auto","background-attachment":"scroll","background-type":"","background-media":"","overlay-type":"","overlay-color":"","overlay-opacity":"","overlay-gradient":""},"tablet":{"background-color":"","background-image":"","background-repeat":"repeat","background-position":"center center","background-size":"auto","background-attachment":"scroll","background-type":"","background-media":"","overlay-type":"","overlay-color":"","overlay-opacity":"","overlay-gradient":""},"mobile":{"background-color":"","background-image":"","background-repeat":"repeat","background-position":"center center","background-size":"auto","background-attachment":"scroll","background-type":"","background-media":"","overlay-type":"","overlay-color":"","overlay-opacity":"","overlay-gradient":""}},"ast-content-background-meta":{"desktop":{"background-color":"var(--ast-global-color-5)","background-image":"","background-repeat":"repeat","background-position":"center center","background-size":"auto","background-attachment":"scroll","background-type":"","background-media":"","overlay-type":"","overlay-color":"","overlay-opacity":"","overlay-gradient":""},"tablet":{"background-color":"var(--ast-global-color-5)","background-image":"","background-repeat":"repeat","background-position":"center center","background-size":"auto","background-attachment":"scroll","background-type":"","background-media":"","overlay-type":"","overlay-color":"","overlay-opacity":"","overlay-gradient":""},"mobile":{"background-color":"var(--ast-global-color-5)","background-image":"","background-repeat":"repeat","background-position":"center center","background-size":"auto","background-attachment":"scroll","background-type":"","background-media":"","overlay-type":"","overlay-color":"","overlay-opacity":"","overlay-gradient":""}},"footnotes":""},"class_list":["post-8","page","type-page","status-publish","hentry"],"aioseo_notices":[],"_links":{"self":[{"href":"https:\/\/jgs.lt\/index.php\/wp-json\/wp\/v2\/pages\/8","targetHints":{"allow":["GET"]}}],"collection":[{"href":"https:\/\/jgs.lt\/index.php\/wp-json\/wp\/v2\/pages"}],"about":[{"href":"https:\/\/jgs.lt\/index.php\/wp-json\/wp\/v2\/types\/page"}],"author":[{"embeddable":true,"href":"https:\/\/jgs.lt\/index.php\/wp-json\/wp\/v2\/users\/1"}],"replies":[{"embeddable":true,"href":"https:\/\/jgs.lt\/index.php\/wp-json\/wp\/v2\/comments?post=8"}],"version-history":[{"count":80,"href":"https:\/\/jgs.lt\/index.php\/wp-json\/wp\/v2\/pages\/8\/revisions"}],"predecessor-version":[{"id":1037,"href":"https:\/\/jgs.lt\/index.php\/wp-json\/wp\/v2\/pages\/8\/revisions\/1037"}],"wp:attachment":[{"href":"https:\/\/jgs.lt\/index.php\/wp-json\/wp\/v2\/media?parent=8"}],"curies":[{"name":"wp","href":"https:\/\/api.w.org\/{rel}","templated":true}]}}