{"id":860,"date":"2022-03-13T15:18:11","date_gmt":"2022-03-13T13:18:11","guid":{"rendered":"https:\/\/jgs.lt\/?page_id=860"},"modified":"2022-07-20T23:21:00","modified_gmt":"2022-07-20T20:21:00","slug":"dievo-isgirsta-mazyte-mintis","status":"publish","type":"page","link":"https:\/\/jgs.lt\/index.php\/liudijimai\/dievo-isgirsta-mazyte-mintis\/","title":{"rendered":"Dievo i\u0161girsta ma\u017eyt\u0117 mintis"},"content":{"rendered":"\n<div class=\"wp-block-cover alignfull is-light has-custom-content-position is-position-top-center\" style=\"min-height:200px;aspect-ratio:unset;\"><span aria-hidden=\"true\" class=\"wp-block-cover__background has-background-dim-40 has-background-dim\"><\/span><img loading=\"lazy\" decoding=\"async\" width=\"1024\" height=\"340\" class=\"wp-block-cover__image-background wp-image-71\" alt=\"\" src=\"https:\/\/jgs.lt\/wp-content\/uploads\/2020\/09\/services-bg-1024x340.jpg\" style=\"object-position:4% 27%\" data-object-fit=\"cover\" data-object-position=\"4% 27%\" srcset=\"https:\/\/jgs.lt\/wp-content\/uploads\/2020\/09\/services-bg-1024x340.jpg 1024w, https:\/\/jgs.lt\/wp-content\/uploads\/2020\/09\/services-bg-300x100.jpg 300w, https:\/\/jgs.lt\/wp-content\/uploads\/2020\/09\/services-bg-768x255.jpg 768w, https:\/\/jgs.lt\/wp-content\/uploads\/2020\/09\/services-bg-1536x510.jpg 1536w, https:\/\/jgs.lt\/wp-content\/uploads\/2020\/09\/services-bg.jpg 1920w\" sizes=\"auto, (max-width: 1024px) 100vw, 1024px\" \/><div class=\"wp-block-cover__inner-container is-layout-flow wp-block-cover-is-layout-flow\">\n<p class=\"has-text-align-center has-large-font-size\"><strong>Liudijimai<\/strong><\/p>\n<\/div><\/div>\n\n\n\n<p><a href=\"https:\/\/jgs.lt\/en\/index.php\/testimonies\/small-thought-heard\/\"><strong>English<\/strong><\/a><\/p>\n\n\n\n<p><strong>Dievo i\u0161girsta ma\u017eyt\u0117 mintis<\/strong><\/p>\n\n\n\n<p>Tai \u012fvyko kai a\u0161 su dukra gul\u0117jome ligonin\u0117j d\u0117l per\u0161alimo lig\u0173, nes kol vaikai buvo ma\u017ei sunku budavo susitart, kad gert\u0173 skys\u010dius ir inchaliuot\u0173, tai sunku b\u016bdavo namie gydytis ir tekdavo lankytis ligonin\u0117se, kad atstatyt\u0173 skys\u010dius ir prad\u0117t\u0173 vaikas sveikti. Ir vieno tokio gul\u0117jimo ligonin\u0117je metu, nebeatsimenu, kurie ten metai buvo, bet dukrai gal kokie 2 metai buvo ar ma\u017eiau. A\u0161 u\u017emigd\u017eiau dukr\u0105 ir prad\u0117jau tvarkytis, galvojau, susitvarkysiu ir s\u0117siu pasimelsti, kol miega, nes kai atsikels nebepasimelsi, nes nor\u0117s \u017eaist ir pana\u0161iai, reiks su ja u\u017esiimt. Tai susitvarkiau ir tokia ma\u017eyt\u0117 mintis \u0161m\u0117stel\u0117jo: &#8220;o kad dukt\u0117 miegot\u0173, kol melsiuos ir nenutraukt\u0173 mano maldos.&#8221; S\u0117dau melstis. Tuo metu nor\u0117jau pasimelsti litanijomis. Ir besimeld\u017eiant paskutin\u0119 litanij\u0105, kuri\u0105 planavau, tariant paskutinius litanijos \u017eod\u017eius: &#8220;per Krist\u0173 m\u016bs\u0173 Vie\u0161pat\u012f. Amen&#8221;, mano dukt\u0117, tariant tuos \u017eod\u017eius mintyse, atsis\u0117do lovoje tiesiai prie\u0161 mano akis. Buvau labai nustebintas, prisiminiau savo t\u0105 ma\u017eyt\u0119 mint\u012f, kad dukt\u0117 miegot\u0173, kol melsiuos ir \u0161tai ji tiksliai, sekund\u017ei\u0173 tikslumu, tiek ir miegojo. Juk jei ji b\u016bt\u0173 miegojusi dar bent 5-10 min. tai gal net neb\u016b\u010diau atsimin\u0119s, kad tokia mintis pas mane buvo, bet Dievas moka parodyti, kad jis nemiega, kad jis nekur\u010dias, kad jis fiksuoja visus m\u016bs\u0173 pageidavimus ir kurie mums nekenkia, o veda ar\u010diau Jo, tuos jis su malonumu i\u0161pildo. Gyrius Tau, Dangi\u0161kasis T\u0117ve, u\u017e Tavo meil\u0119 ir i\u0161klausomas m\u016bs\u0173 net ma\u017eiausias mintis per Krist\u0173 m\u016bs\u0173 Vie\u0161pat\u012f amen.<\/p>\n\n\n\n<p><a href=\"https:\/\/jgs.lt\/index.php\/liudijimai\/\" title=\"Liudijimai\">Gr\u012f\u017eti \u012f liudijimus<\/a><\/p>\n","protected":false},"excerpt":{"rendered":"<p>English Dievo i\u0161girsta ma\u017eyt\u0117 mintis Tai \u012fvyko kai a\u0161 su dukra gul\u0117jome ligonin\u0117j d\u0117l per\u0161alimo lig\u0173, nes kol vaikai buvo ma\u017ei sunku budavo susitart, kad gert\u0173 skys\u010dius ir inchaliuot\u0173, tai sunku b\u016bdavo namie gydytis ir tekdavo lankytis ligonin\u0117se, kad atstatyt\u0173 skys\u010dius ir prad\u0117t\u0173 vaikas sveikti. Ir vieno tokio gul\u0117jimo ligonin\u0117je metu, nebeatsimenu, kurie ten metai [&hellip;]<\/p>\n","protected":false},"author":1,"featured_media":0,"parent":8,"menu_order":26,"comment_status":"open","ping_status":"closed","template":"","meta":{"om_disable_all_campaigns":false,"_monsterinsights_skip_tracking":false,"_monsterinsights_sitenote_active":false,"_monsterinsights_sitenote_note":"","_monsterinsights_sitenote_category":0,"site-sidebar-layout":"default","site-content-layout":"plain-container","ast-site-content-layout":"default","site-content-style":"default","site-sidebar-style":"default","ast-global-header-display":"","ast-banner-title-visibility":"","ast-main-header-display":"","ast-hfb-above-header-display":"","ast-hfb-below-header-display":"","ast-hfb-mobile-header-display":"","site-post-title":"disabled","ast-breadcrumbs-content":"","ast-featured-img":"","footer-sml-layout":"","ast-disable-related-posts":"","theme-transparent-header-meta":"enabled","adv-header-id-meta":"","stick-header-meta":"","header-above-stick-meta":"","header-main-stick-meta":"","header-below-stick-meta":"","astra-migrate-meta-layouts":"default","ast-page-background-enabled":"default","ast-page-background-meta":{"desktop":{"background-color":"","background-image":"","background-repeat":"repeat","background-position":"center center","background-size":"auto","background-attachment":"scroll","background-type":"","background-media":"","overlay-type":"","overlay-color":"","overlay-opacity":"","overlay-gradient":""},"tablet":{"background-color":"","background-image":"","background-repeat":"repeat","background-position":"center center","background-size":"auto","background-attachment":"scroll","background-type":"","background-media":"","overlay-type":"","overlay-color":"","overlay-opacity":"","overlay-gradient":""},"mobile":{"background-color":"","background-image":"","background-repeat":"repeat","background-position":"center center","background-size":"auto","background-attachment":"scroll","background-type":"","background-media":"","overlay-type":"","overlay-color":"","overlay-opacity":"","overlay-gradient":""}},"ast-content-background-meta":{"desktop":{"background-color":"var(--ast-global-color-5)","background-image":"","background-repeat":"repeat","background-position":"center center","background-size":"auto","background-attachment":"scroll","background-type":"","background-media":"","overlay-type":"","overlay-color":"","overlay-opacity":"","overlay-gradient":""},"tablet":{"background-color":"var(--ast-global-color-5)","background-image":"","background-repeat":"repeat","background-position":"center center","background-size":"auto","background-attachment":"scroll","background-type":"","background-media":"","overlay-type":"","overlay-color":"","overlay-opacity":"","overlay-gradient":""},"mobile":{"background-color":"var(--ast-global-color-5)","background-image":"","background-repeat":"repeat","background-position":"center center","background-size":"auto","background-attachment":"scroll","background-type":"","background-media":"","overlay-type":"","overlay-color":"","overlay-opacity":"","overlay-gradient":""}},"footnotes":""},"class_list":["post-860","page","type-page","status-publish","hentry"],"aioseo_notices":[],"_links":{"self":[{"href":"https:\/\/jgs.lt\/index.php\/wp-json\/wp\/v2\/pages\/860","targetHints":{"allow":["GET"]}}],"collection":[{"href":"https:\/\/jgs.lt\/index.php\/wp-json\/wp\/v2\/pages"}],"about":[{"href":"https:\/\/jgs.lt\/index.php\/wp-json\/wp\/v2\/types\/page"}],"author":[{"embeddable":true,"href":"https:\/\/jgs.lt\/index.php\/wp-json\/wp\/v2\/users\/1"}],"replies":[{"embeddable":true,"href":"https:\/\/jgs.lt\/index.php\/wp-json\/wp\/v2\/comments?post=860"}],"version-history":[{"count":7,"href":"https:\/\/jgs.lt\/index.php\/wp-json\/wp\/v2\/pages\/860\/revisions"}],"predecessor-version":[{"id":945,"href":"https:\/\/jgs.lt\/index.php\/wp-json\/wp\/v2\/pages\/860\/revisions\/945"}],"up":[{"embeddable":true,"href":"https:\/\/jgs.lt\/index.php\/wp-json\/wp\/v2\/pages\/8"}],"wp:attachment":[{"href":"https:\/\/jgs.lt\/index.php\/wp-json\/wp\/v2\/media?parent=860"}],"curies":[{"name":"wp","href":"https:\/\/api.w.org\/{rel}","templated":true}]}}